{"id":69385,"date":"2022-07-26T17:48:19","date_gmt":"2022-07-26T22:50:13","guid":{"rendered":"https:\/\/marketplace.petmobile.ca\/product\/kong-stuffn-beurre-darachide-poulet\/"},"modified":"2022-11-03T10:12:29","modified_gmt":"2022-11-03T15:12:29","slug":"kong-stuffn-beurre-darachide-poulet","status":"publish","type":"product","link":"https:\/\/marketplace.petmobile.ca\/fr\/produit\/kong-stuffn-beurre-darachide-poulet\/","title":{"rendered":"KONG Stuff&rsquo;N &#8211; Beurre d&rsquo;arachide &#038; Poulet"},"content":{"rendered":"<p>Le beurre de cacahu\u00e8tes naturellement d\u00e9licieux du KONG Stuff&rsquo;N, est contenu dans un sachet pratique avec avec un embout qui permet de servir proprement. Fait pour simplement farcir un KONG, cette friandise est parfaite pour le dressage ou bien comme r\u00e9compense \u00e0 la maison ou en ballade. Augmenter le d\u00e9fi et la stimulation mentale en utilisant KONG Stuff&rsquo;N \u00e0 l&rsquo;ouverture d&rsquo;un KONG farci et en le mettant au cong\u00e9lateur pendant 4 \u00e0 6 heures, pour cr\u00e9er un casse-t\u00eate all\u00e9chant qui dure. Le sachet n&rsquo;a pas besoin d&rsquo;\u00eatre conserv\u00e9 au r\u00e9frig\u00e9rateur.<\/p>\n","protected":false},"excerpt":{"rendered":"<p>Le beurre de cacahu\u00e8tes naturellement d\u00e9licieux du KONG Stuff&rsquo;N, est contenu dans un sachet pratique avec avec un embout qui<\/p>\n","protected":false},"featured_media":62910,"comment_status":"closed","ping_status":"closed","template":"","meta":{"_acf_changed":false,"_themeisle_gutenberg_block_has_review":false},"product_brand":[],"product_cat":[2871,1109,1115],"product_tag":[2131],"class_list":{"0":"post-69385","1":"product","2":"type-product","3":"status-publish","4":"has-post-thumbnail","6":"product_cat-chien-biscuits-et-autres","7":"product_cat-nourriture-et-produits-pour-chien","8":"product_cat-chien-gateries","9":"product_tag-kong-fr","10":"pa_animal-dog-fr","11":"has-subscription-plans","13":"first","14":"instock","15":"taxable","16":"shipping-taxable","17":"purchasable","18":"product-type-simple"},"acf":[],"_links":{"self":[{"href":"https:\/\/marketplace.petmobile.ca\/fr\/wp-json\/wp\/v2\/product\/69385","targetHints":{"allow":["GET"]}}],"collection":[{"href":"https:\/\/marketplace.petmobile.ca\/fr\/wp-json\/wp\/v2\/product"}],"about":[{"href":"https:\/\/marketplace.petmobile.ca\/fr\/wp-json\/wp\/v2\/types\/product"}],"replies":[{"embeddable":true,"href":"https:\/\/marketplace.petmobile.ca\/fr\/wp-json\/wp\/v2\/comments?post=69385"}],"wp:featuredmedia":[{"embeddable":true,"href":"https:\/\/marketplace.petmobile.ca\/fr\/wp-json\/wp\/v2\/media\/62910"}],"wp:attachment":[{"href":"https:\/\/marketplace.petmobile.ca\/fr\/wp-json\/wp\/v2\/media?parent=69385"}],"wp:term":[{"taxonomy":"product_brand","embeddable":true,"href":"https:\/\/marketplace.petmobile.ca\/fr\/wp-json\/wp\/v2\/product_brand?post=69385"},{"taxonomy":"product_cat","embeddable":true,"href":"https:\/\/marketplace.petmobile.ca\/fr\/wp-json\/wp\/v2\/product_cat?post=69385"},{"taxonomy":"product_tag","embeddable":true,"href":"https:\/\/marketplace.petmobile.ca\/fr\/wp-json\/wp\/v2\/product_tag?post=69385"}],"curies":[{"name":"wp","href":"https:\/\/api.w.org\/{rel}","templated":true}]}}