{"id":71002,"date":"2020-07-08T13:10:32","date_gmt":"2022-11-04T19:21:10","guid":{"rendered":"https:\/\/marketplace.petmobile.ca\/product\/1st-choice-sensitive-skin-and-coat-lamb-formula-adult\/"},"modified":"2022-12-11T15:50:55","modified_gmt":"2022-12-11T20:50:55","slug":"1st-choice-sensitive-skin-and-coat-lamb-formula-3-2","status":"publish","type":"product","link":"https:\/\/marketplace.petmobile.ca\/fr\/produit\/1st-choice-sensitive-skin-and-coat-lamb-formula-3-2\/","title":{"rendered":"1st Choice <br> Peau et pelage sensible &#8211; Formule agneau &#8211; Adulte"},"content":{"rendered":"<p><strong>INGR\u00c9DIENTS :<\/strong><\/p>\n<p>Farine d&rsquo;agneau, farine de hareng, riz brun, produits de pommes de terre s\u00e9ch\u00e9es, gruau d&rsquo;avoine, riz de brasserie, orge perl\u00e9, huile v\u00e9g\u00e9tale (source d&rsquo;acides gras om\u00e9ga-6) naturellement conserv\u00e9e avec un m\u00e9lange de tocoph\u00e9rols (source de vitamine E), pulpe de betterave s\u00e9ch\u00e9e , marc de tomate s\u00e9ch\u00e9, cellulose en poudre, graines de lin enti\u00e8res (une source d&rsquo;acides gras om\u00e9ga-3), l\u00e9cithine, hydrolysat de foie de poulet, huile de hareng, phosphate de sodium, chlorure de choline, propionate de calcium (comme agent de conservation), levure<br \/>\nextrait, acide ascorbique (vitamine C), taurine, extrait de chicor\u00e9e (une source d&rsquo;inuline), sulfate ferreux, sulfate de glucosamine, oxyde de zinc, ac\u00e9tate d&rsquo;alpha-tocoph\u00e9rol (une source de vitamine E), sulfate de chondro\u00eftine, extrait de yucca schidigera, prot\u00e9inate de fer , prot\u00e9inate de zinc, s\u00e9l\u00e9nite de sodium, mononitrate de thiamine, farine d&rsquo;algues s\u00e9ch\u00e9es, extrait de th\u00e9 vert, menthe verte s\u00e9ch\u00e9e, persil s\u00e9ch\u00e9, L-cystine, sulfate de cuivre, iodate de calcium, chlorhydrate de pyridoxine, oxyde manganeux, prot\u00e9inate de mangan\u00e8se, extrait de gingembre, acide nicotinique, -pantoth\u00e9nate de calcium, suppl\u00e9ment de vitamine A, prot\u00e9inate de cuivre, chol\u00e9calcif\u00e9rol (une source de vitamine D3), acide folique, riboflavine, biotine, suppl\u00e9ment de vitamine B12, carbonate de cobalt.<\/p>\n<p><strong>ANALYSES GARANTIES :<\/strong><\/p>\n<p>Prot\u00e9ine brute 22% minimum, mati\u00e8res grasses brutes 12% minimum, cellulose brute 3,5% maximum, humidit\u00e9 10% maximum, cendres 10% maximum, calcium 1,6% minimum, phosphore 1,2% minimum, vitamine A 23 000 UI\/kg minimum, vitamine D3 2000 UI\/kg minimum, vitamine E 140 UI\/kg minimum, acides gras om\u00e9ga-3 0,8% minimum, acides gras om\u00e9ga-6 3,6% minimum, acides gras om\u00e9ga-9 1,4%, sulfate de glucosamine 500 mg\/kg minimum, sulfate de chondro\u00eftine 250 mg\/kg minimum.<\/p>\n","protected":false},"excerpt":{"rendered":"<p>INGR\u00c9DIENTS : Farine d&rsquo;agneau, farine de hareng, riz brun, produits de pommes de terre s\u00e9ch\u00e9es, gruau d&rsquo;avoine, riz de brasserie,<\/p>\n","protected":false},"featured_media":67061,"comment_status":"closed","ping_status":"closed","template":"","meta":{"_acf_changed":false,"_themeisle_gutenberg_block_has_review":false},"product_brand":[],"product_cat":[1109,1110,1111],"product_tag":[2328],"class_list":{"0":"post-71002","1":"product","2":"type-product","3":"status-publish","4":"has-post-thumbnail","6":"product_cat-nourriture-et-produits-pour-chien","7":"product_cat-chien-nourriture","8":"product_cat-chien-nourriture-seche","9":"product_tag-1st-choice-fr","10":"pa_animal-dog-fr","11":"pa_format-11kg-fr","12":"pa_marque-1st-choice-fr","13":"has-subscription-plans","15":"first","16":"instock","17":"taxable","18":"shipping-taxable","19":"purchasable","20":"product-type-variable"},"acf":[],"_links":{"self":[{"href":"https:\/\/marketplace.petmobile.ca\/fr\/wp-json\/wp\/v2\/product\/71002","targetHints":{"allow":["GET"]}}],"collection":[{"href":"https:\/\/marketplace.petmobile.ca\/fr\/wp-json\/wp\/v2\/product"}],"about":[{"href":"https:\/\/marketplace.petmobile.ca\/fr\/wp-json\/wp\/v2\/types\/product"}],"replies":[{"embeddable":true,"href":"https:\/\/marketplace.petmobile.ca\/fr\/wp-json\/wp\/v2\/comments?post=71002"}],"wp:featuredmedia":[{"embeddable":true,"href":"https:\/\/marketplace.petmobile.ca\/fr\/wp-json\/wp\/v2\/media\/67061"}],"wp:attachment":[{"href":"https:\/\/marketplace.petmobile.ca\/fr\/wp-json\/wp\/v2\/media?parent=71002"}],"wp:term":[{"taxonomy":"product_brand","embeddable":true,"href":"https:\/\/marketplace.petmobile.ca\/fr\/wp-json\/wp\/v2\/product_brand?post=71002"},{"taxonomy":"product_cat","embeddable":true,"href":"https:\/\/marketplace.petmobile.ca\/fr\/wp-json\/wp\/v2\/product_cat?post=71002"},{"taxonomy":"product_tag","embeddable":true,"href":"https:\/\/marketplace.petmobile.ca\/fr\/wp-json\/wp\/v2\/product_tag?post=71002"}],"curies":[{"name":"wp","href":"https:\/\/api.w.org\/{rel}","templated":true}]}}