{"id":71159,"date":"2021-02-03T19:33:17","date_gmt":"2022-12-09T15:58:30","guid":{"rendered":"https:\/\/marketplace.petmobile.ca\/product\/doggie-q-petit-parka-2\/"},"modified":"2022-12-09T10:58:30","modified_gmt":"2022-12-09T15:58:30","slug":"doggie-q-little-parka-2-2","status":"publish","type":"product","link":"https:\/\/marketplace.petmobile.ca\/fr\/produit\/doggie-q-little-parka-2-2\/","title":{"rendered":"Doggie-Q <br> Petit parka"},"content":{"rendered":"<p>Chic, durable, et approuv\u00e9 par les cabots ! Juste \u00e0 temps pour l\u2019hiver !<\/p>\n<ul>\n<li>Couche ext\u00e9rieure durable, l\u00e9g\u00e8re et doublure en molleton doux<\/li>\n<li>Fermeture avant en velcro pour mettre et enlever facilement<\/li>\n<li>Le design sans manche offre une plus grande mobilit\u00e9<\/li>\n<li>Laver \u00e0 la machine au cycle d\u00e9licat. S\u00e9cher \u00e0 l\u2019air.<\/li>\n<\/ul>\n<p>Afin de d\u00e9terminer la bonne taille, mesurer le chien de bas du cou \u00e0 la queue.<\/p>\n<p>Disponible en rouge (12\u2033) ou en noir (8\u2033).<\/p>\n","protected":false},"excerpt":{"rendered":"<p>Chic, durable, et approuv\u00e9 par les cabots ! Juste \u00e0 temps pour l\u2019hiver ! Couche ext\u00e9rieure durable, l\u00e9g\u00e8re et doublure<\/p>\n","protected":false},"featured_media":64029,"comment_status":"closed","ping_status":"closed","template":"","meta":{"_acf_changed":false,"_themeisle_gutenberg_block_has_review":false},"product_brand":[],"product_cat":[1117,1109,1121],"product_tag":[],"class_list":{"0":"post-71159","1":"product","2":"type-product","3":"status-publish","4":"has-post-thumbnail","6":"product_cat-chien-accessoires","7":"product_cat-nourriture-et-produits-pour-chien","8":"product_cat-chien-accessoires-coussins-et-lits","9":"pa_animal-dog-fr","10":"pa_couleur-noir-fr","11":"pa_couleur-rouge","12":"pa_format-12-fr","13":"pa_format-8-fr","14":"pa_marque-doggie-q-fr","15":"pa_type-de-produit-vetement","16":"has-subscription-plans","18":"first","19":"instock","20":"taxable","21":"shipping-taxable","22":"purchasable","23":"product-type-variable"},"acf":[],"_links":{"self":[{"href":"https:\/\/marketplace.petmobile.ca\/fr\/wp-json\/wp\/v2\/product\/71159","targetHints":{"allow":["GET"]}}],"collection":[{"href":"https:\/\/marketplace.petmobile.ca\/fr\/wp-json\/wp\/v2\/product"}],"about":[{"href":"https:\/\/marketplace.petmobile.ca\/fr\/wp-json\/wp\/v2\/types\/product"}],"replies":[{"embeddable":true,"href":"https:\/\/marketplace.petmobile.ca\/fr\/wp-json\/wp\/v2\/comments?post=71159"}],"wp:featuredmedia":[{"embeddable":true,"href":"https:\/\/marketplace.petmobile.ca\/fr\/wp-json\/wp\/v2\/media\/64029"}],"wp:attachment":[{"href":"https:\/\/marketplace.petmobile.ca\/fr\/wp-json\/wp\/v2\/media?parent=71159"}],"wp:term":[{"taxonomy":"product_brand","embeddable":true,"href":"https:\/\/marketplace.petmobile.ca\/fr\/wp-json\/wp\/v2\/product_brand?post=71159"},{"taxonomy":"product_cat","embeddable":true,"href":"https:\/\/marketplace.petmobile.ca\/fr\/wp-json\/wp\/v2\/product_cat?post=71159"},{"taxonomy":"product_tag","embeddable":true,"href":"https:\/\/marketplace.petmobile.ca\/fr\/wp-json\/wp\/v2\/product_tag?post=71159"}],"curies":[{"name":"wp","href":"https:\/\/api.w.org\/{rel}","templated":true}]}}