{"id":71162,"date":"2021-02-03T19:07:30","date_gmt":"2022-12-09T15:59:21","guid":{"rendered":"https:\/\/marketplace.petmobile.ca\/product\/hunter-chandail-de-soccer-12%e2%80%b3\/"},"modified":"2023-01-13T15:35:46","modified_gmt":"2023-01-13T20:35:46","slug":"hunter-12-soccer-jersey-2-2","status":"publish","type":"product","link":"https:\/\/marketplace.petmobile.ca\/fr\/produit\/hunter-12-soccer-jersey-2-2\/","title":{"rendered":"HUNTER <br> Chandail de Soccer, 12\u2033"},"content":{"rendered":"<p>Les amateurs de sport adoreront ce jersey sp\u00e9cialement con\u00e7u pour les petits chiens. L\u00e9ger et color\u00e9, il est parfait pour les soirs de match. Deux couleurs disponibles.<\/p>\n","protected":false},"excerpt":{"rendered":"<p>Les amateurs de sport adoreront ce jersey sp\u00e9cialement con\u00e7u pour les petits chiens. L\u00e9ger et color\u00e9, il est parfait pour<\/p>\n","protected":false},"featured_media":64021,"comment_status":"closed","ping_status":"closed","template":"","meta":{"_acf_changed":false,"_themeisle_gutenberg_block_has_review":false},"product_brand":[],"product_cat":[1117,1109,1121],"product_tag":[],"class_list":{"0":"post-71162","1":"product","2":"type-product","3":"status-publish","4":"has-post-thumbnail","6":"product_cat-chien-accessoires","7":"product_cat-nourriture-et-produits-pour-chien","8":"product_cat-chien-accessoires-coussins-et-lits","9":"pa_animal-dog-fr","10":"pa_couleur-bleu","11":"pa_couleur-rouge","12":"pa_format-12-fr","13":"pa_marque-hunter-fr","14":"pa_type-de-produit-vetement","15":"has-subscription-plans","17":"first","18":"instock","19":"taxable","20":"shipping-taxable","21":"purchasable","22":"product-type-variable"},"acf":[],"_links":{"self":[{"href":"https:\/\/marketplace.petmobile.ca\/fr\/wp-json\/wp\/v2\/product\/71162","targetHints":{"allow":["GET"]}}],"collection":[{"href":"https:\/\/marketplace.petmobile.ca\/fr\/wp-json\/wp\/v2\/product"}],"about":[{"href":"https:\/\/marketplace.petmobile.ca\/fr\/wp-json\/wp\/v2\/types\/product"}],"replies":[{"embeddable":true,"href":"https:\/\/marketplace.petmobile.ca\/fr\/wp-json\/wp\/v2\/comments?post=71162"}],"wp:featuredmedia":[{"embeddable":true,"href":"https:\/\/marketplace.petmobile.ca\/fr\/wp-json\/wp\/v2\/media\/64021"}],"wp:attachment":[{"href":"https:\/\/marketplace.petmobile.ca\/fr\/wp-json\/wp\/v2\/media?parent=71162"}],"wp:term":[{"taxonomy":"product_brand","embeddable":true,"href":"https:\/\/marketplace.petmobile.ca\/fr\/wp-json\/wp\/v2\/product_brand?post=71162"},{"taxonomy":"product_cat","embeddable":true,"href":"https:\/\/marketplace.petmobile.ca\/fr\/wp-json\/wp\/v2\/product_cat?post=71162"},{"taxonomy":"product_tag","embeddable":true,"href":"https:\/\/marketplace.petmobile.ca\/fr\/wp-json\/wp\/v2\/product_tag?post=71162"}],"curies":[{"name":"wp","href":"https:\/\/api.w.org\/{rel}","templated":true}]}}