{"id":71165,"date":"2021-02-03T18:52:10","date_gmt":"2022-12-09T16:00:32","guid":{"rendered":"https:\/\/marketplace.petmobile.ca\/product\/hunter-manteau-rose-deluxe-8%e2%80%b3\/"},"modified":"2022-12-09T11:00:32","modified_gmt":"2022-12-09T16:00:32","slug":"hunter-8-deluxe-pink-coat-2","status":"publish","type":"product","link":"https:\/\/marketplace.petmobile.ca\/fr\/produit\/hunter-8-deluxe-pink-coat-2\/","title":{"rendered":"HUNTER <br> Manteau Rose Deluxe, 8\u2033"},"content":{"rendered":"<p>Chic et douillet manteau sport, en tissu imperm\u00e9able, anti-accroc, avec col en sherpa. Sa doublure en bourre de qualit\u00e9 permet comfort et chaleur lors des journ\u00e9es froides. Les attaches en tissu avec velcro sont ajustables au niveau du ventre et de la poitrine ainsi que les courroies de pattes arri\u00e8re maintiennent le v\u00eatement en place. Une ouverture facilite l\u2019attache de la laisse. Il est garni d\u2019un passepoil et lis\u00e9r\u00e9 avec surpiq\u00fbres r\u00e9fl\u00e9chissant la lumi\u00e8re.<\/p>\n<p>Tout y est pour passer un hiver plaisant et confortable !<\/p>\n<p>&nbsp;<\/p>\n","protected":false},"excerpt":{"rendered":"<p>Chic et douillet manteau sport, en tissu imperm\u00e9able, anti-accroc, avec col en sherpa. Sa doublure en bourre de qualit\u00e9 permet<\/p>\n","protected":false},"featured_media":67635,"comment_status":"closed","ping_status":"closed","template":"","meta":{"_acf_changed":false,"_themeisle_gutenberg_block_has_review":false},"product_brand":[],"product_cat":[1117,1109,1121],"product_tag":[],"class_list":{"0":"post-71165","1":"product","2":"type-product","3":"status-publish","4":"has-post-thumbnail","6":"product_cat-chien-accessoires","7":"product_cat-nourriture-et-produits-pour-chien","8":"product_cat-chien-accessoires-coussins-et-lits","9":"pa_animal-dog-fr","10":"pa_couleur-rose","11":"pa_format-8-fr","12":"pa_marque-hunter-fr","13":"pa_type-de-produit-vetement","14":"has-subscription-plans","16":"first","17":"instock","18":"taxable","19":"shipping-taxable","20":"purchasable","21":"product-type-simple"},"acf":[],"_links":{"self":[{"href":"https:\/\/marketplace.petmobile.ca\/fr\/wp-json\/wp\/v2\/product\/71165","targetHints":{"allow":["GET"]}}],"collection":[{"href":"https:\/\/marketplace.petmobile.ca\/fr\/wp-json\/wp\/v2\/product"}],"about":[{"href":"https:\/\/marketplace.petmobile.ca\/fr\/wp-json\/wp\/v2\/types\/product"}],"replies":[{"embeddable":true,"href":"https:\/\/marketplace.petmobile.ca\/fr\/wp-json\/wp\/v2\/comments?post=71165"}],"wp:featuredmedia":[{"embeddable":true,"href":"https:\/\/marketplace.petmobile.ca\/fr\/wp-json\/wp\/v2\/media\/67635"}],"wp:attachment":[{"href":"https:\/\/marketplace.petmobile.ca\/fr\/wp-json\/wp\/v2\/media?parent=71165"}],"wp:term":[{"taxonomy":"product_brand","embeddable":true,"href":"https:\/\/marketplace.petmobile.ca\/fr\/wp-json\/wp\/v2\/product_brand?post=71165"},{"taxonomy":"product_cat","embeddable":true,"href":"https:\/\/marketplace.petmobile.ca\/fr\/wp-json\/wp\/v2\/product_cat?post=71165"},{"taxonomy":"product_tag","embeddable":true,"href":"https:\/\/marketplace.petmobile.ca\/fr\/wp-json\/wp\/v2\/product_tag?post=71165"}],"curies":[{"name":"wp","href":"https:\/\/api.w.org\/{rel}","templated":true}]}}