{"id":71176,"date":"2021-01-23T16:45:28","date_gmt":"2022-12-09T16:10:58","guid":{"rendered":"https:\/\/marketplace.petmobile.ca\/product\/neo-paws-regular-performance-souliers-pour-lhiver-et-leau-en-neoprene-une-paire-par-paquet\/"},"modified":"2023-10-06T14:56:36","modified_gmt":"2023-10-06T19:56:36","slug":"neo-paws-regular-performance-neoprene-winter-water-shoes-2-2","status":"publish","type":"product","link":"https:\/\/marketplace.petmobile.ca\/fr\/produit\/neo-paws-regular-performance-neoprene-winter-water-shoes-2-2\/","title":{"rendered":"NEO-PAWS Regular Performance\u2122 <br> Souliers pour l\u2019hiver et l\u2019eau en n\u00e9opr\u00e8ne (une paire par paquet)"},"content":{"rendered":"<p>Une alternative \u00e9conomique aux souliers High Performance. La claque est faite de n\u00e9opr\u00e8ne r\u00e9sistant \u00e0 l\u2019eau, et la semelle est faite d\u2019un caoutchouc moul\u00e9 par injection pour une robustesse suppl\u00e9mentaire. M\u00eame si la semelle diff\u00e8re et si la claque pr\u00e9sente moins de caoutchouc autour des coutures que la chaussure High Performance, les souliers Regular Performance sont aussi extr\u00eamement durables, faits d\u2019un cap pour les orteils et d\u2019un talon renforc\u00e9. Id\u00e9al pour la nage et pour prot\u00e9ger les toiles de piscine, ou simplement pour marcher et courir, sous la neige comme sous la pluie, avec votre meilleur ami, offrant du confort pour les chiens qui souffrent de dysplasie des hanches ou de pattes tra\u00eenantes. <strong>Ces souliers ne sont pas destin\u00e9s aux espaces int\u00e9rieurs.<\/strong> Utilis\u00e9s et recommand\u00e9s par les v\u00e9t\u00e9rinaires.<\/p>\n<p><span style=\"text-decoration: underline;\">Tailles de souliers par <strong>taille des pattes (la longueur se mesure du talon aux orteils)<\/strong> :<\/span><\/p>\n<ul>\n<li><strong><em>0.25 po. de marge sup\u00e9rieure ou inf\u00e9rieure. (Exemple : un mod\u00e8le XL+ conviendra \u00e0 des pattes de 3.8 x 3.1 ou<\/em> <\/strong><strong><em>des pattes de<\/em><\/strong> <strong><em>4.2 x 3.4)<\/em><\/strong><\/li>\n<\/ul>\n<p>XL+ : Longueur = <strong>4 po.<\/strong> \/ Largeur = <strong>3.25 po.<\/strong> (10.16 cm\/8.26 cm)<\/p>\n<p>L+ : Longueur = <strong>3.5 po.<\/strong> \/ Largeur = <strong>2.75 po.<\/strong> (8.89 cm\/6.99 cm)<\/p>\n<p>M+ : Longueur = <strong>3 po.<\/strong> \/ Largeur = <strong>2.25 po.<\/strong> (7.62 cm\/5.72 cm)<\/p>\n<p>M : Longueur = <strong>2.5 po.<\/strong> \/ Largeur = <strong>2 po.<\/strong> (6.35 cm\/5.08 cm)<\/p>\n<p>S+ : Longueur = <strong>2.25 po.<\/strong> \/ Largeur = <strong>1.75 po.<\/strong> (5.72cm\/4.45cm)<\/p>\n<p>XS+ : Longueur = <strong>1.75 po.<\/strong> \/ Largeur = <strong>1.25 po.<\/strong> (4.45cm\/3.18cm)<\/p>\n<p>XS : Longueur = <strong>1.5 po.<\/strong> \/ Largeur = <strong>1 po.<\/strong> (3.81cm\/2.54cm)<\/p>\n<p>&nbsp;<\/p>\n<p><strong>IMPORTANT: Les pattes arri\u00e8res de votre chien pourraient \u00eatre plus petites. Assurez vous de les mesurer aussi.<\/strong><\/p>\n","protected":false},"excerpt":{"rendered":"<p>Une alternative \u00e9conomique aux souliers High Performance. La claque est faite de n\u00e9opr\u00e8ne r\u00e9sistant \u00e0 l\u2019eau, et la semelle est<\/p>\n","protected":false},"featured_media":67398,"comment_status":"closed","ping_status":"closed","template":"","meta":{"_acf_changed":false,"_themeisle_gutenberg_block_has_review":false},"product_brand":[],"product_cat":[1117,1109,1121],"product_tag":[],"class_list":{"0":"post-71176","1":"product","2":"type-product","3":"status-publish","4":"has-post-thumbnail","6":"product_cat-chien-accessoires","7":"product_cat-nourriture-et-produits-pour-chien","8":"product_cat-chien-accessoires-coussins-et-lits","9":"pa_animal-dog-fr","10":"pa_couleur-noir-fr","11":"pa_marque-neo-paws-fr","12":"pa_type-de-produit-souliers","13":"has-subscription-plans","15":"first","16":"instock","17":"taxable","18":"shipping-taxable","19":"purchasable","20":"product-type-variable"},"acf":[],"_links":{"self":[{"href":"https:\/\/marketplace.petmobile.ca\/fr\/wp-json\/wp\/v2\/product\/71176","targetHints":{"allow":["GET"]}}],"collection":[{"href":"https:\/\/marketplace.petmobile.ca\/fr\/wp-json\/wp\/v2\/product"}],"about":[{"href":"https:\/\/marketplace.petmobile.ca\/fr\/wp-json\/wp\/v2\/types\/product"}],"replies":[{"embeddable":true,"href":"https:\/\/marketplace.petmobile.ca\/fr\/wp-json\/wp\/v2\/comments?post=71176"}],"wp:featuredmedia":[{"embeddable":true,"href":"https:\/\/marketplace.petmobile.ca\/fr\/wp-json\/wp\/v2\/media\/67398"}],"wp:attachment":[{"href":"https:\/\/marketplace.petmobile.ca\/fr\/wp-json\/wp\/v2\/media?parent=71176"}],"wp:term":[{"taxonomy":"product_brand","embeddable":true,"href":"https:\/\/marketplace.petmobile.ca\/fr\/wp-json\/wp\/v2\/product_brand?post=71176"},{"taxonomy":"product_cat","embeddable":true,"href":"https:\/\/marketplace.petmobile.ca\/fr\/wp-json\/wp\/v2\/product_cat?post=71176"},{"taxonomy":"product_tag","embeddable":true,"href":"https:\/\/marketplace.petmobile.ca\/fr\/wp-json\/wp\/v2\/product_tag?post=71176"}],"curies":[{"name":"wp","href":"https:\/\/api.w.org\/{rel}","templated":true}]}}