{"id":71184,"date":"2020-07-08T15:24:33","date_gmt":"2020-07-08T20:24:33","guid":{"rendered":"https:\/\/marketplace.petmobile.ca\/product\/1st-choice-digestive-health-toy-and-small-breeds-chicken-formula-2\/"},"modified":"2022-12-11T15:17:58","modified_gmt":"2022-12-11T20:17:58","slug":"1st-choice-digestive-health-toy-and-small-breeds-chicken-formula-2","status":"publish","type":"product","link":"https:\/\/marketplace.petmobile.ca\/fr\/produit\/1st-choice-digestive-health-toy-and-small-breeds-chicken-formula-2\/","title":{"rendered":"1st Choice <br> Sant\u00e9 digestive &#8211; Miniature et petite races &#8211; Formule poulet"},"content":{"rendered":"<p><strong>INGR\u00c9DIENTS :<\/strong><\/p>\n<p>Farine de poulet, patates douces, pois, graisse de poulet conserv\u00e9e avec un m\u00e9lange de tocoph\u00e9rols, lentilles, amidon de pois, graines de lin, farine de luzerne s\u00e9ch\u00e9e au soleil, fibre de pois, ar\u00f4me naturel, extrait de levure, extrait de chicor\u00e9e (une source d&rsquo;inuline), propionate de calcium (comme agent de conservation ), carbonate de calcium, sulfate ferreux, ac\u00e9tate d&rsquo;alphatocoph\u00e9rol (une source de vitamine E), oxyde de zinc, extrait de yucca schidigera, lactos\u00e9rum s\u00e9ch\u00e9, oxyde manganeux, niacine, d-pantoth\u00e9nate de calcium, suppl\u00e9ment de vitamine A, chol\u00e9calcif\u00e9rol (une source de vitamine D\u2083) , mononitrate de thiamine, biotine, menthe verte s\u00e9ch\u00e9e, persil s\u00e9ch\u00e9, extrait de th\u00e9 vert, gingembre s\u00e9ch\u00e9, ananas s\u00e9ch\u00e9, s\u00e9l\u00e9nite de sodium, prot\u00e9inate de zinc, riboflavine, chlorhydrate de pyridoxine, suppl\u00e9ment de vitamine B\u2081\u2082, iodate de calcium, prot\u00e9inate de mangan\u00e8se, prot\u00e9inate de cuivre, acide folique.<\/p>\n<p><strong>ANALYSES GARANTIES :<\/strong><\/p>\n<p>Prot\u00e9ines brutes 28% minimum, mati\u00e8res grasses brutes 16% minimum, cellulose brute 4,6% maximum, humidit\u00e9 10% maximum, cendres 7% maximum, calcium 1,2% minimum, phosphore 0,8% minimum, sodium 0,2% minimum, vitamine A 14 000 UI\/kg minimum , vitamine D\u2083 1 500 UI\/kg minimum, vitamine E 125 UI\/kg minimum<\/p>\n","protected":false},"excerpt":{"rendered":"<p>INGR\u00c9DIENTS : Farine de poulet, patates douces, pois, graisse de poulet conserv\u00e9e avec un m\u00e9lange de tocoph\u00e9rols, lentilles, amidon de<\/p>\n","protected":false},"featured_media":67104,"comment_status":"closed","ping_status":"closed","template":"","meta":{"_acf_changed":false,"_themeisle_gutenberg_block_has_review":false},"product_brand":[],"product_cat":[1109,1110,1111],"product_tag":[2328],"class_list":{"0":"post-71184","1":"product","2":"type-product","3":"status-publish","4":"has-post-thumbnail","6":"product_cat-nourriture-et-produits-pour-chien","7":"product_cat-chien-nourriture","8":"product_cat-chien-nourriture-seche","9":"product_tag-1st-choice-fr","10":"pa_animal-dog-fr","11":"pa_format-2kg","12":"pa_format-5kg","13":"pa_marque-1st-choice-fr","14":"has-subscription-plans","16":"first","17":"instock","18":"taxable","19":"shipping-taxable","20":"purchasable","21":"product-type-variable","22":"has-default-attributes"},"acf":[],"_links":{"self":[{"href":"https:\/\/marketplace.petmobile.ca\/fr\/wp-json\/wp\/v2\/product\/71184","targetHints":{"allow":["GET"]}}],"collection":[{"href":"https:\/\/marketplace.petmobile.ca\/fr\/wp-json\/wp\/v2\/product"}],"about":[{"href":"https:\/\/marketplace.petmobile.ca\/fr\/wp-json\/wp\/v2\/types\/product"}],"replies":[{"embeddable":true,"href":"https:\/\/marketplace.petmobile.ca\/fr\/wp-json\/wp\/v2\/comments?post=71184"}],"wp:featuredmedia":[{"embeddable":true,"href":"https:\/\/marketplace.petmobile.ca\/fr\/wp-json\/wp\/v2\/media\/67104"}],"wp:attachment":[{"href":"https:\/\/marketplace.petmobile.ca\/fr\/wp-json\/wp\/v2\/media?parent=71184"}],"wp:term":[{"taxonomy":"product_brand","embeddable":true,"href":"https:\/\/marketplace.petmobile.ca\/fr\/wp-json\/wp\/v2\/product_brand?post=71184"},{"taxonomy":"product_cat","embeddable":true,"href":"https:\/\/marketplace.petmobile.ca\/fr\/wp-json\/wp\/v2\/product_cat?post=71184"},{"taxonomy":"product_tag","embeddable":true,"href":"https:\/\/marketplace.petmobile.ca\/fr\/wp-json\/wp\/v2\/product_tag?post=71184"}],"curies":[{"name":"wp","href":"https:\/\/api.w.org\/{rel}","templated":true}]}}