{"id":71187,"date":"2020-07-08T13:56:54","date_gmt":"2022-12-09T16:48:00","guid":{"rendered":"https:\/\/marketplace.petmobile.ca\/product\/1st-choice-derma-formule-saumon-2\/"},"modified":"2022-12-09T11:48:00","modified_gmt":"2022-12-09T16:48:00","slug":"1st-choice-derma-salmon-formula-2-2","status":"publish","type":"product","link":"https:\/\/marketplace.petmobile.ca\/fr\/produit\/1st-choice-derma-salmon-formula-2-2\/","title":{"rendered":"1st Choice <br> Derma &#8211; Formule saumon"},"content":{"rendered":"<p><strong>INGR\u00c9DIENTS :<\/strong><\/p>\n<p>Patates douces, saumon d\u00e9soss\u00e9, farine de poisson (une source de DHA), lentilles, pois, fibre de pois, huile v\u00e9g\u00e9tale, farine de luzerne s\u00e9ch\u00e9e au soleil, farine de saumon, ar\u00f4me naturel, huile de menhaden (une source d&rsquo;acide gras om\u00e9ga-7), extrait de levure , graines de lin, extrait de chicor\u00e9e (source d&rsquo;inuline), L-lysine, propionate de calcium (comme conservateur), DL-m\u00e9thionine, chlorure de choline, carbonate de calcium, ac\u00e9tate d&rsquo;alpha-tocoph\u00e9rol (source de vitamine E), sulfate ferreux, zinc oxyde, extrait de yucca schidigera, lactos\u00e9rum s\u00e9ch\u00e9, oxyde manganeux, niacine, d-pantoth\u00e9nate de calcium, prot\u00e9inate de zinc, suppl\u00e9ment de vitamine A, chol\u00e9calcif\u00e9rol (une source de vitamine D\u2083), mononitrate de thiamine, prot\u00e9inate de mangan\u00e8se, biotine, menthe verte s\u00e9ch\u00e9e, persil s\u00e9ch\u00e9, vert extrait de th\u00e9, gingembre s\u00e9ch\u00e9, ananas s\u00e9ch\u00e9, s\u00e9l\u00e9nite de sodium, riboflavine, prot\u00e9inate de cuivre, chlorhydrate de pyridoxine, suppl\u00e9ment de vitamine B\u2081\u2082, iodate de calcium, acide folique.<\/p>\n<p><strong>ANALYSES GARANTIES :<\/strong><\/p>\n<p>Prot\u00e9ine brute 24% minimum, mati\u00e8res grasses brutes 12% minimum, cellulose brute 6,5% maximum, humidit\u00e9 10% maximum, cendres 7% maximum, acide docosahexa\u00e9no\u00efque (DHA) 0,22% minimum, acide eicosapenta\u00e9no\u00efque (EPA) 0,22% minimum, calcium 1,2% minimum , phosphore 0,80% minimum, sodium 0,20% minimum, zinc 0,023% minimum, vitamine A 15 000 UI\/kg minimum, vitamine D\u2083 1 600 UI\/kg minimum, vitamine E 300 UI\/kg minimum, acide palmitol\u00e9ique* (un acide gras om\u00e9ga-7 ) 0,64 % mini.<\/p>\n","protected":false},"excerpt":{"rendered":"<p>INGR\u00c9DIENTS : Patates douces, saumon d\u00e9soss\u00e9, farine de poisson (une source de DHA), lentilles, pois, fibre de pois, huile v\u00e9g\u00e9tale,<\/p>\n","protected":false},"featured_media":67078,"comment_status":"closed","ping_status":"closed","template":"","meta":{"_acf_changed":false,"_themeisle_gutenberg_block_has_review":false},"product_brand":[],"product_cat":[1109,1110,1111],"product_tag":[2328],"class_list":{"0":"post-71187","1":"product","2":"type-product","3":"status-publish","4":"has-post-thumbnail","6":"product_cat-nourriture-et-produits-pour-chien","7":"product_cat-chien-nourriture","8":"product_cat-chien-nourriture-seche","9":"product_tag-1st-choice-fr","10":"pa_animal-dog-fr","11":"pa_format-12-kg-fr","12":"pa_format-2kg","13":"pa_marque-1st-choice-fr","14":"has-subscription-plans","16":"first","17":"instock","18":"taxable","19":"shipping-taxable","20":"purchasable","21":"product-type-variable"},"acf":[],"_links":{"self":[{"href":"https:\/\/marketplace.petmobile.ca\/fr\/wp-json\/wp\/v2\/product\/71187","targetHints":{"allow":["GET"]}}],"collection":[{"href":"https:\/\/marketplace.petmobile.ca\/fr\/wp-json\/wp\/v2\/product"}],"about":[{"href":"https:\/\/marketplace.petmobile.ca\/fr\/wp-json\/wp\/v2\/types\/product"}],"replies":[{"embeddable":true,"href":"https:\/\/marketplace.petmobile.ca\/fr\/wp-json\/wp\/v2\/comments?post=71187"}],"wp:featuredmedia":[{"embeddable":true,"href":"https:\/\/marketplace.petmobile.ca\/fr\/wp-json\/wp\/v2\/media\/67078"}],"wp:attachment":[{"href":"https:\/\/marketplace.petmobile.ca\/fr\/wp-json\/wp\/v2\/media?parent=71187"}],"wp:term":[{"taxonomy":"product_brand","embeddable":true,"href":"https:\/\/marketplace.petmobile.ca\/fr\/wp-json\/wp\/v2\/product_brand?post=71187"},{"taxonomy":"product_cat","embeddable":true,"href":"https:\/\/marketplace.petmobile.ca\/fr\/wp-json\/wp\/v2\/product_cat?post=71187"},{"taxonomy":"product_tag","embeddable":true,"href":"https:\/\/marketplace.petmobile.ca\/fr\/wp-json\/wp\/v2\/product_tag?post=71187"}],"curies":[{"name":"wp","href":"https:\/\/api.w.org\/{rel}","templated":true}]}}