{"id":71192,"date":"2020-06-11T12:59:43","date_gmt":"2022-12-09T17:33:04","guid":{"rendered":"https:\/\/marketplace.petmobile.ca\/product\/1st-choice-maintenance-moyenne-et-grande-races\/"},"modified":"2023-01-13T13:45:52","modified_gmt":"2023-01-13T18:45:52","slug":"1st-maintenace-medium-large-breed-chicken-2-2","status":"publish","type":"product","link":"https:\/\/marketplace.petmobile.ca\/fr\/produit\/1st-maintenace-medium-large-breed-chicken-2-2\/","title":{"rendered":"1st Choice <br> Maintenance &#8211; Moyenne et grande races"},"content":{"rendered":"<p><strong>INGR\u00c9DIENTS:<\/strong><\/p>\n<p>Farine de poulet, riz de brasserie, orge perl\u00e9, gruau d&rsquo;avoine, graisse de poulet naturellement conserv\u00e9e avec un m\u00e9lange de tocoph\u00e9rols (une source de vitamine E), pulpe de betterave s\u00e9ch\u00e9e, cellulose en poudre, marc de tomate s\u00e9ch\u00e9, hydrolysat de foie de poulet, graines de lin enti\u00e8res, l\u00e9cithine, chlorure de potassium, chlorure de choline, sel, propionate de calcium (comme conservateur), extrait de levure, acide ascorbique (vitamine C), taurine, extrait de chicor\u00e9e (source d&rsquo;inuline), sulfate ferreux, sulfate de glucosamine, oxyde de zinc, ac\u00e9tate d&rsquo;alpha-tocoph\u00e9rol (source de vitamine E), sulfate de chondro\u00eftine, extrait de yucca schidigera, peptide de collag\u00e8ne, prot\u00e9inate de fer, prot\u00e9inate de zinc, s\u00e9l\u00e9nite de sodium, mononitrate de thiamine, farine d&rsquo;algues s\u00e9ch\u00e9es, extrait de th\u00e9 vert, menthe verte s\u00e9ch\u00e9e, persil s\u00e9ch\u00e9, sulfate de cuivre, iodate de calcium, chlorhydrate de pyridoxine, manganeux<br \/>\nacide nicotinique, prot\u00e9inate de mangan\u00e8se, acide nicotinique, d-pantoth\u00e9nate de calcium, suppl\u00e9ment de vitamine A, prot\u00e9inate de cuivre, chol\u00e9calcif\u00e9rol (une source de vitamine D3), acide folique, riboflavine, biotine, suppl\u00e9ment de vitamine B12, carbonate de cobalt.<\/p>\n<p><strong>ANALYSES GARANTIES :<\/strong><\/p>\n<p>Crude protein 23% minimum,<br \/>\ncrude fat 13% minimum,<br \/>\ncrude fiber 4.5% maximum,<br \/>\nmoisture 10% maximum,<br \/>\nash 8% maximum,<br \/>\ncalcium 1.2% minimum,<br \/>\nphosphorus 0.5% minimum,<br \/>\nvitamin A 23 000 IU\/ kg minimum,<br \/>\nvitamin D3 2000 IU\/kg minimum,<br \/>\nvitamin E 140 IU\/kg minimum,<br \/>\nglucosamine sulfate 500 mg\/kg minimum,<br \/>\nchondroitin sulfate 250 mg\/kg minimum.<\/p>\n","protected":false},"excerpt":{"rendered":"<p>INGR\u00c9DIENTS: Farine de poulet, riz de brasserie, orge perl\u00e9, gruau d&rsquo;avoine, graisse de poulet naturellement conserv\u00e9e avec un m\u00e9lange de<\/p>\n","protected":false},"featured_media":66867,"comment_status":"closed","ping_status":"closed","template":"","meta":{"_acf_changed":false,"_themeisle_gutenberg_block_has_review":false},"product_brand":[],"product_cat":[1109,1110,1111],"product_tag":[2328],"class_list":{"0":"post-71192","1":"product","2":"type-product","3":"status-publish","4":"has-post-thumbnail","6":"product_cat-nourriture-et-produits-pour-chien","7":"product_cat-chien-nourriture","8":"product_cat-chien-nourriture-seche","9":"product_tag-1st-choice-fr","10":"pa_animal-dog-fr","11":"pa_format-14kg","12":"pa_format-5kg","13":"pa_marque-1st-choice-fr","14":"has-subscription-plans","16":"first","17":"instock","18":"taxable","19":"shipping-taxable","20":"purchasable","21":"product-type-variable"},"acf":[],"_links":{"self":[{"href":"https:\/\/marketplace.petmobile.ca\/fr\/wp-json\/wp\/v2\/product\/71192","targetHints":{"allow":["GET"]}}],"collection":[{"href":"https:\/\/marketplace.petmobile.ca\/fr\/wp-json\/wp\/v2\/product"}],"about":[{"href":"https:\/\/marketplace.petmobile.ca\/fr\/wp-json\/wp\/v2\/types\/product"}],"replies":[{"embeddable":true,"href":"https:\/\/marketplace.petmobile.ca\/fr\/wp-json\/wp\/v2\/comments?post=71192"}],"wp:featuredmedia":[{"embeddable":true,"href":"https:\/\/marketplace.petmobile.ca\/fr\/wp-json\/wp\/v2\/media\/66867"}],"wp:attachment":[{"href":"https:\/\/marketplace.petmobile.ca\/fr\/wp-json\/wp\/v2\/media?parent=71192"}],"wp:term":[{"taxonomy":"product_brand","embeddable":true,"href":"https:\/\/marketplace.petmobile.ca\/fr\/wp-json\/wp\/v2\/product_brand?post=71192"},{"taxonomy":"product_cat","embeddable":true,"href":"https:\/\/marketplace.petmobile.ca\/fr\/wp-json\/wp\/v2\/product_cat?post=71192"},{"taxonomy":"product_tag","embeddable":true,"href":"https:\/\/marketplace.petmobile.ca\/fr\/wp-json\/wp\/v2\/product_tag?post=71192"}],"curies":[{"name":"wp","href":"https:\/\/api.w.org\/{rel}","templated":true}]}}