{"id":71199,"date":"2020-07-08T15:07:06","date_gmt":"2022-12-09T17:47:22","guid":{"rendered":"https:\/\/marketplace.petmobile.ca\/product\/1st-choice-miniature-et-petite-races-mature-ou-moins-actif-formule-poulet-2\/"},"modified":"2022-12-09T12:47:22","modified_gmt":"2022-12-09T17:47:22","slug":"1st-choice-mature-or-less-active-toy-and-small-breeds-chicken-formula-2-2","status":"publish","type":"product","link":"https:\/\/marketplace.petmobile.ca\/fr\/produit\/1st-choice-mature-or-less-active-toy-and-small-breeds-chicken-formula-2-2\/","title":{"rendered":"1st Choice <br> Miniature et petite races &#8211; Mature ou moins actif &#8211; Formule poulet"},"content":{"rendered":"<p><strong>INGR\u00c9DIENTS :<\/strong><\/p>\n<p>Farine de poulet, orge perl\u00e9, gruau d&rsquo;avoine, produits de pommes de terre s\u00e9ch\u00e9es, graisse de poulet conserv\u00e9e naturellement avec un m\u00e9lange de tocoph\u00e9rols (une source de vitamine E), pulpe de betterave s\u00e9ch\u00e9e, marc de tomate s\u00e9ch\u00e9e, cellulose en poudre, ar\u00f4me naturel de poulet, graines de lin enti\u00e8res, huile de hareng, l\u00e9cithine , sel, propionate de calcium (comme conservateur), chlorure de choline, extrait de levure, DL-m\u00e9thionine, acide ascorbique (vitamine C), taurine, extrait de chicor\u00e9e (source d&rsquo;inuline), sulfate ferreux, peptide de collag\u00e8ne, sulfate de glucosamine, oxyde de zinc , ac\u00e9tate d&rsquo;alpha-tocoph\u00e9rol (une source de vitamine E), sulfate de chondro\u00eftine, extrait de yucca schidigera, prot\u00e9inate de fer, prot\u00e9inate de zinc, s\u00e9l\u00e9nite de sodium, mononitrate de thiamine, farine d&rsquo;algues s\u00e9ch\u00e9es, extrait de th\u00e9 vert, menthe verte s\u00e9ch\u00e9e, persil s\u00e9ch\u00e9, L-carnitine, extrait d&rsquo;huile de tournesol, L-cystine, sulfate de cuivre, iodate de calcium, chlorhydrate de pyridoxine, oxyde manganeux, prot\u00e9inate de mangan\u00e8se, extrait de gingembre, acide nicotinique, d-pantoth\u00e9nate de calcium, suppl\u00e9ment de vitamine A, prot\u00e9inate de cuivre, chol\u00e9calcif\u00e9rol (une source de vitamine D3), acide folique, riboflavine, biotine, suppl\u00e9ment de vitamine B12, carbonate de cobalt.<\/p>\n<p><strong>ANALYSES GARANTIES :<\/strong><\/p>\n<p>Prot\u00e9ine brute 22% minimum, mati\u00e8res grasses brutes 12% minimum, cellulose brute 4,5% maximum, humidit\u00e9 10% maximum, cendres 8% maximum, calcium 1,1% minimum, phosphore 0,7% minimum, vitamine A 23 000 UI\/kg minimum, vitamine D3 2000 UI\/kg minimum, vitamine E 140 UI\/kg minimum, sulfate de glucosamine 500 mg\/kg minimum, sulfate de chondro\u00eftine 250 mg\/kg minimum.<\/p>\n","protected":false},"excerpt":{"rendered":"<p>INGR\u00c9DIENTS : Farine de poulet, orge perl\u00e9, gruau d&rsquo;avoine, produits de pommes de terre s\u00e9ch\u00e9es, graisse de poulet conserv\u00e9e naturellement<\/p>\n","protected":false},"featured_media":67097,"comment_status":"closed","ping_status":"closed","template":"","meta":{"_acf_changed":false,"_themeisle_gutenberg_block_has_review":false},"product_brand":[],"product_cat":[1109,1110,1111],"product_tag":[2328],"class_list":{"0":"post-71199","1":"product","2":"type-product","3":"status-publish","4":"has-post-thumbnail","6":"product_cat-nourriture-et-produits-pour-chien","7":"product_cat-chien-nourriture","8":"product_cat-chien-nourriture-seche","9":"product_tag-1st-choice-fr","10":"pa_animal-dog-fr","11":"pa_format-2-kg-fr","12":"pa_format-2-72-kg-fr","13":"pa_format-5kg","14":"pa_format-7kg-fr","15":"pa_marque-1st-choice-fr","16":"has-subscription-plans","18":"first","19":"instock","20":"taxable","21":"shipping-taxable","22":"purchasable","23":"product-type-variable"},"acf":[],"_links":{"self":[{"href":"https:\/\/marketplace.petmobile.ca\/fr\/wp-json\/wp\/v2\/product\/71199","targetHints":{"allow":["GET"]}}],"collection":[{"href":"https:\/\/marketplace.petmobile.ca\/fr\/wp-json\/wp\/v2\/product"}],"about":[{"href":"https:\/\/marketplace.petmobile.ca\/fr\/wp-json\/wp\/v2\/types\/product"}],"replies":[{"embeddable":true,"href":"https:\/\/marketplace.petmobile.ca\/fr\/wp-json\/wp\/v2\/comments?post=71199"}],"wp:featuredmedia":[{"embeddable":true,"href":"https:\/\/marketplace.petmobile.ca\/fr\/wp-json\/wp\/v2\/media\/67097"}],"wp:attachment":[{"href":"https:\/\/marketplace.petmobile.ca\/fr\/wp-json\/wp\/v2\/media?parent=71199"}],"wp:term":[{"taxonomy":"product_brand","embeddable":true,"href":"https:\/\/marketplace.petmobile.ca\/fr\/wp-json\/wp\/v2\/product_brand?post=71199"},{"taxonomy":"product_cat","embeddable":true,"href":"https:\/\/marketplace.petmobile.ca\/fr\/wp-json\/wp\/v2\/product_cat?post=71199"},{"taxonomy":"product_tag","embeddable":true,"href":"https:\/\/marketplace.petmobile.ca\/fr\/wp-json\/wp\/v2\/product_tag?post=71199"}],"curies":[{"name":"wp","href":"https:\/\/api.w.org\/{rel}","templated":true}]}}