{"id":71226,"date":"2020-07-08T13:24:27","date_gmt":"2022-12-09T19:46:21","guid":{"rendered":"https:\/\/marketplace.petmobile.ca\/product\/1st-choice-controle-du-poids-miniature-petites-races\/"},"modified":"2022-12-11T15:15:44","modified_gmt":"2022-12-11T20:15:44","slug":"1st-choice-sensitive-skin-and-coat-lamb-formula-4-2-2","status":"publish","type":"product","link":"https:\/\/marketplace.petmobile.ca\/fr\/produit\/1st-choice-sensitive-skin-and-coat-lamb-formula-4-2-2\/","title":{"rendered":"1st Choice <br> Controle du poids \u2013 Miniature &amp; petites races"},"content":{"rendered":"<p>La nourriture CONTR\u00d4LE DU POIDS a \u00e9t\u00e9 sp\u00e9cifiquement formul\u00e9e pour r\u00e9pondre aux besoins nutritifs des chiens adultes de MINIATURE ET PETITE RACES qui font de l\u2019embonpoint. Elle combine habilement des ingr\u00e9dients qui favorisent la mobilisation des graisses et le contr\u00f4le de la sati\u00e9t\u00e9. Gr\u00e2ce \u00e0 son faible taux de gras et son contenu \u00e9nerg\u00e9tique bien cibl\u00e9, cette d\u00e9licieuse formule au poulet aide les chiens \u00e0 retrouver leur poids sant\u00e9! De plus, cette formule renferme notre \u00c9quilibre de Fibres Pr\u00e9biotiques. Gr\u00e2ce \u00e0 un savant m\u00e9lange de fibres solubles et insolubles, chaque croquette offre un apport optimal en fibres pr\u00e9biotiques contribuant \u00e0 nourrir la flore intestinale. Pour une meilleure sant\u00e9 digestive au quotidien, un syst\u00e8me immunitaire fort et une vitalit\u00e9 accrue.<\/p>\n<p><strong>INGR\u00c9DIENTS :<\/strong><\/p>\n<p>Farine de poulet, orge, avoine, riz brun, millet, fibre de pois, pulpe d\u2019agrumes s\u00e9ch\u00e9e, gras de poulet conserv\u00e9 avec un m\u00e9lange de tocoph\u00e9rols, saveur naturelle, graines de lin, l\u00e9cithine, huile de poisson menhaden, extrait de levure, carbonate de calcium, extrait de chicor\u00e9e (une source d\u2019inuline), sel, chlorure de potassium, DL-m\u00e9thionine, taurine, sulfate ferreux, L-carnitine, ac\u00e9tate d\u2019alpha-tocoph\u00e9rol (une source de vitamine E), oxyde de zinc, extrait de yucca schidigera, lactos\u00e9rum, oxyde manganeux, niacine, pantoth\u00e9nate de d-calcium, suppl\u00e9ment de vitamine A, chol\u00e9calcif\u00e9rol (une source de vitamine D3), mononitrate de thiamine, biotine, menthe s\u00e9ch\u00e9e, persil s\u00e9ch\u00e9, extrait de th\u00e9 vert, gingembre s\u00e9ch\u00e9, ananas s\u00e9ch\u00e9, s\u00e9l\u00e9nite de sodium, prot\u00e9inate de zinc, riboflavine, chlorhydrate de pyridoxine, suppl\u00e9ment de vitamine B12, prot\u00e9inate de mangan\u00e8se, iodate de calcium, prot\u00e9inate de cuivre, acide folique.<\/p>\n<p><strong>ANALYSES GARANTIES :<\/strong><\/p>\n<p>Prot\u00e9ines brutes 24 % minimum, mati\u00e8res grasses 9 % minimum, mati\u00e8res grasses 12 % maximum, fibres brutes 3,5 % maximum, humidit\u00e9 10 % maximum, cendres 6,5 % maximum, calcium 1,1 % minimum, phosphore 0,8 % minimum, sodium 0,2 % minimum, vitamine A 18 000 UI\/kg minimum, vitamine D3 1 700 UI\/kg minimum, vitamine E 100 UI\/kg minimum, L-carnitine 150 mg\/kg minimum.<\/p>\n","protected":false},"excerpt":{"rendered":"<p>La nourriture CONTR\u00d4LE DU POIDS a \u00e9t\u00e9 sp\u00e9cifiquement formul\u00e9e pour r\u00e9pondre aux besoins nutritifs des chiens adultes de MINIATURE ET<\/p>\n","protected":false},"featured_media":71225,"comment_status":"closed","ping_status":"closed","template":"","meta":{"_acf_changed":false,"_themeisle_gutenberg_block_has_review":false},"product_brand":[],"product_cat":[1109,1110,1111],"product_tag":[2328],"class_list":{"0":"post-71226","1":"product","2":"type-product","3":"status-publish","4":"has-post-thumbnail","6":"product_cat-nourriture-et-produits-pour-chien","7":"product_cat-chien-nourriture","8":"product_cat-chien-nourriture-seche","9":"product_tag-1st-choice-fr","10":"pa_animal-puppy","11":"pa_format-2kg-fr","12":"pa_format-4-5kg-fr","13":"pa_marque-1st-choice-fr","14":"has-subscription-plans","16":"first","17":"instock","18":"taxable","19":"shipping-taxable","20":"purchasable","21":"product-type-variable"},"acf":[],"_links":{"self":[{"href":"https:\/\/marketplace.petmobile.ca\/fr\/wp-json\/wp\/v2\/product\/71226","targetHints":{"allow":["GET"]}}],"collection":[{"href":"https:\/\/marketplace.petmobile.ca\/fr\/wp-json\/wp\/v2\/product"}],"about":[{"href":"https:\/\/marketplace.petmobile.ca\/fr\/wp-json\/wp\/v2\/types\/product"}],"replies":[{"embeddable":true,"href":"https:\/\/marketplace.petmobile.ca\/fr\/wp-json\/wp\/v2\/comments?post=71226"}],"wp:featuredmedia":[{"embeddable":true,"href":"https:\/\/marketplace.petmobile.ca\/fr\/wp-json\/wp\/v2\/media\/71225"}],"wp:attachment":[{"href":"https:\/\/marketplace.petmobile.ca\/fr\/wp-json\/wp\/v2\/media?parent=71226"}],"wp:term":[{"taxonomy":"product_brand","embeddable":true,"href":"https:\/\/marketplace.petmobile.ca\/fr\/wp-json\/wp\/v2\/product_brand?post=71226"},{"taxonomy":"product_cat","embeddable":true,"href":"https:\/\/marketplace.petmobile.ca\/fr\/wp-json\/wp\/v2\/product_cat?post=71226"},{"taxonomy":"product_tag","embeddable":true,"href":"https:\/\/marketplace.petmobile.ca\/fr\/wp-json\/wp\/v2\/product_tag?post=71226"}],"curies":[{"name":"wp","href":"https:\/\/api.w.org\/{rel}","templated":true}]}}