{"id":71258,"date":"2020-07-07T20:08:35","date_gmt":"2022-12-11T21:05:17","guid":{"rendered":"https:\/\/marketplace.petmobile.ca\/product\/1st-choice-peau-et-pelage-sensibles-formule-agneau-chiot\/"},"modified":"2022-12-11T16:06:04","modified_gmt":"2022-12-11T21:06:04","slug":"1st-choice-sensitive-skin-and-coat-lamb-formula-2-2","status":"publish","type":"product","link":"https:\/\/marketplace.petmobile.ca\/fr\/produit\/1st-choice-sensitive-skin-and-coat-lamb-formula-2-2\/","title":{"rendered":"1st Choice <br> Peau et pelage sensibles \u2013 Formule agneau \u2013 chiot"},"content":{"rendered":"<p><strong>INGR\u00c9DIENTS :<\/strong><\/p>\n<p>Farine d\u2019agneau, farine de hareng, riz brun, produits de pommes de terre s\u00e9ch\u00e9es, orge perl\u00e9e, amande d\u2019avoine, gras de poulet (une source d\u2019acides gras om\u00e9ga-6) pr\u00e9serv\u00e9 naturellement avec un m\u00e9lange de tocoph\u00e9rols (une source de vitamine E), pulpe de betteraves s\u00e9ch\u00e9es, pur\u00e9e de tomates s\u00e9ch\u00e9es, l\u00e9cithine, cellulose en poudre, graines de lin enti\u00e8res (une source d\u2019acides gras om\u00e9ga-3), hydrolysat de foie de poulet, phosphate monosodique, huile de hareng, propionate de calcium (comme agent de conservation), chlorure de choline, extrait de levure, acide ascorbique (vitamine C), taurine, extrait de chicor\u00e9e (une source d\u2019inuline), sulfate ferreux, sulfate de glucosamine, oxyde de zinc, ac\u00e9tate d\u2019alpha-tocoph\u00e9rol (une source de vitamine E), sulfate de chondro\u00eftine, extrait de yucca schidigera, prot\u00e9inate de fer, prot\u00e9inate de zinc, s\u00e9l\u00e9nite de sodium, mononitrate de thiamine, farine d\u2019algues s\u00e9ch\u00e9es, extrait de th\u00e9 vert, menthe verte s\u00e9ch\u00e9e, persil s\u00e9ch\u00e9, L-cystine, sulfate de cuivre, iodate de calcium, chlorhydrate de pyridoxine, oxyde de mangan\u00e8se, prot\u00e9inate de mangan\u00e8se, extrait de gingembre, acide nicotinique, pantoth\u00e9nate de d-calcium, suppl\u00e9ment de vitamine A, prot\u00e9inate de cuivre, chol\u00e9calcif\u00e9rol (une source de vitamine D3), acide folique, riboflavine, biotine, suppl\u00e9ment de vitamine B12, carbonate de cobalt.<br \/>\ncarbonate.<\/p>\n<p><strong>ANALYSES GARANTIES :<\/strong><\/p>\n<p>Prot\u00e9ines brutes 24 % minimum, mati\u00e8res grasses brutes 14 % minimum, fibres brutes 4,5 % maximum, humidit\u00e9 10 % maximum, cendres 11,5 % maximum, calcium 2 %<br \/>\nminimum, phosphore 1,4 % minimum, vitamine A 23 000 UI\/kg minimum, vitamine D3 2000 UI\/kg minimum, vitamine E140 UI kg minimum, acides gras om\u00e9ga-3 0,5 % minimum<br \/>\n, acides gras om\u00e9ga-6 2,25 % minimum, acides gras om\u00e9ga-9 0,2 % minimum.<\/p>\n","protected":false},"excerpt":{"rendered":"<p>INGR\u00c9DIENTS : Farine d\u2019agneau, farine de hareng, riz brun, produits de pommes de terre s\u00e9ch\u00e9es, orge perl\u00e9e, amande d\u2019avoine, gras<\/p>\n","protected":false},"featured_media":72587,"comment_status":"closed","ping_status":"closed","template":"","meta":{"_acf_changed":false,"_themeisle_gutenberg_block_has_review":false},"product_brand":[],"product_cat":[1109,1110,1111],"product_tag":[2328],"class_list":{"0":"post-71258","1":"product","2":"type-product","3":"status-publish","4":"has-post-thumbnail","6":"product_cat-nourriture-et-produits-pour-chien","7":"product_cat-chien-nourriture","8":"product_cat-chien-nourriture-seche","9":"product_tag-1st-choice-fr","10":"pa_animal-puppy","11":"pa_format-2kg","12":"pa_marque-1st-choice-fr","13":"has-subscription-plans","15":"first","16":"instock","17":"taxable","18":"shipping-taxable","19":"purchasable","20":"product-type-variable"},"acf":[],"_links":{"self":[{"href":"https:\/\/marketplace.petmobile.ca\/fr\/wp-json\/wp\/v2\/product\/71258","targetHints":{"allow":["GET"]}}],"collection":[{"href":"https:\/\/marketplace.petmobile.ca\/fr\/wp-json\/wp\/v2\/product"}],"about":[{"href":"https:\/\/marketplace.petmobile.ca\/fr\/wp-json\/wp\/v2\/types\/product"}],"replies":[{"embeddable":true,"href":"https:\/\/marketplace.petmobile.ca\/fr\/wp-json\/wp\/v2\/comments?post=71258"}],"wp:featuredmedia":[{"embeddable":true,"href":"https:\/\/marketplace.petmobile.ca\/fr\/wp-json\/wp\/v2\/media\/72587"}],"wp:attachment":[{"href":"https:\/\/marketplace.petmobile.ca\/fr\/wp-json\/wp\/v2\/media?parent=71258"}],"wp:term":[{"taxonomy":"product_brand","embeddable":true,"href":"https:\/\/marketplace.petmobile.ca\/fr\/wp-json\/wp\/v2\/product_brand?post=71258"},{"taxonomy":"product_cat","embeddable":true,"href":"https:\/\/marketplace.petmobile.ca\/fr\/wp-json\/wp\/v2\/product_cat?post=71258"},{"taxonomy":"product_tag","embeddable":true,"href":"https:\/\/marketplace.petmobile.ca\/fr\/wp-json\/wp\/v2\/product_tag?post=71258"}],"curies":[{"name":"wp","href":"https:\/\/api.w.org\/{rel}","templated":true}]}}