{"id":71322,"date":"2021-01-26T19:16:44","date_gmt":"2023-01-19T20:26:56","guid":{"rendered":"https:\/\/marketplace.petmobile.ca\/product\/andis-ensemble-de-9-petits-peignes-guides-pour-tondeuses\/"},"modified":"2023-01-19T15:26:56","modified_gmt":"2023-01-19T20:26:56","slug":"andis-ensemble-de-9-petits-peignes-guides-pour-tondeuses","status":"publish","type":"product","link":"https:\/\/marketplace.petmobile.ca\/fr\/produit\/andis-ensemble-de-9-petits-peignes-guides-pour-tondeuses\/","title":{"rendered":"ANDIS <br> Ensemble de 9 petits peignes guides pour tondeuses"},"content":{"rendered":"<div id=\"left_col\"><strong>Tonte pr\u00e9cise et s\u00e9curitaire.<\/strong><\/div>\n<div><\/div>\n<ul>\n<li id=\"right_col\">Un ensemble de 9 pi\u00e8ces pour un toilettage flexible.<\/li>\n<li>Compatible avec les lames d\u00e9tachables Andis de taille 30, 15, 10 et 9.<\/li>\n<li>Les guides s\u2019attachent et se d\u00e9tachent facilement. Pour en utiliser un, glissez les dents des lames dans le guide, puis fixez le guide par pression. &amp;nbsp; Pour les retirer, resuivez les \u00e9tapes \u00e0 l\u2019envers.<\/li>\n<\/ul>\n<p>&nbsp;<\/p>\n<p><em>Sizes :<\/em> <strong><span style=\"text-decoration: underline;\">#7 (1\/16&Prime;)<\/span> ||| <span style=\"text-decoration: underline;\">#6 (1\/8&Prime;)<\/span> ||| <span style=\"text-decoration: underline;\">#5 (3\/16&Prime;)<\/span> ||| <span style=\"text-decoration: underline;\">#4 (1\/4&Prime;)<\/span> ||| <span style=\"text-decoration: underline;\">#3 (5\/16&Prime;)<\/span> ||| <span style=\"text-decoration: underline;\">#2 (3\/8&Prime;)<\/span> ||| <span style=\"text-decoration: underline;\">#1-1\/2 (7\/16&Prime;)<\/span> ||| <span style=\"text-decoration: underline;\">#1 (1\/2&Prime;)<\/span> ||| <span style=\"text-decoration: underline;\">#1\/2 (9\/16&Prime;)<\/span><\/strong><\/p>\n","protected":false},"excerpt":{"rendered":"<p>Tonte pr\u00e9cise et s\u00e9curitaire. Un ensemble de 9 pi\u00e8ces pour un toilettage flexible. Compatible avec les lames d\u00e9tachables Andis de<\/p>\n","protected":false},"featured_media":67471,"comment_status":"closed","ping_status":"closed","template":"","meta":{"_acf_changed":false,"_themeisle_gutenberg_block_has_review":false},"product_brand":[],"product_cat":[1092,2313,2368],"product_tag":[],"class_list":{"0":"post-71322","1":"product","2":"type-product","3":"status-publish","4":"has-post-thumbnail","6":"product_cat-produits-pour-chat","7":"product_cat-soins-chat","8":"product_cat-toilettage-soins-chat","9":"pa_animal-cat-fr","10":"pa_animal-chaton-fr","11":"pa_animal-dog-fr","12":"pa_animal-puppy","13":"pa_couleur-bleu","14":"pa_marque-andis-fr","15":"has-subscription-plans","17":"first","18":"instock","19":"taxable","20":"shipping-taxable","21":"purchasable","22":"product-type-simple"},"acf":[],"_links":{"self":[{"href":"https:\/\/marketplace.petmobile.ca\/fr\/wp-json\/wp\/v2\/product\/71322","targetHints":{"allow":["GET"]}}],"collection":[{"href":"https:\/\/marketplace.petmobile.ca\/fr\/wp-json\/wp\/v2\/product"}],"about":[{"href":"https:\/\/marketplace.petmobile.ca\/fr\/wp-json\/wp\/v2\/types\/product"}],"replies":[{"embeddable":true,"href":"https:\/\/marketplace.petmobile.ca\/fr\/wp-json\/wp\/v2\/comments?post=71322"}],"wp:featuredmedia":[{"embeddable":true,"href":"https:\/\/marketplace.petmobile.ca\/fr\/wp-json\/wp\/v2\/media\/67471"}],"wp:attachment":[{"href":"https:\/\/marketplace.petmobile.ca\/fr\/wp-json\/wp\/v2\/media?parent=71322"}],"wp:term":[{"taxonomy":"product_brand","embeddable":true,"href":"https:\/\/marketplace.petmobile.ca\/fr\/wp-json\/wp\/v2\/product_brand?post=71322"},{"taxonomy":"product_cat","embeddable":true,"href":"https:\/\/marketplace.petmobile.ca\/fr\/wp-json\/wp\/v2\/product_cat?post=71322"},{"taxonomy":"product_tag","embeddable":true,"href":"https:\/\/marketplace.petmobile.ca\/fr\/wp-json\/wp\/v2\/product_tag?post=71322"}],"curies":[{"name":"wp","href":"https:\/\/api.w.org\/{rel}","templated":true}]}}