{"id":71323,"date":"2021-01-26T17:41:05","date_gmt":"2023-01-19T20:30:21","guid":{"rendered":"https:\/\/marketplace.petmobile.ca\/product\/baskerville-museliere-ultra-2\/"},"modified":"2023-01-19T15:30:21","modified_gmt":"2023-01-19T20:30:21","slug":"baskerville-museliere-ultra-2","status":"publish","type":"product","link":"https:\/\/marketplace.petmobile.ca\/fr\/produit\/baskerville-museliere-ultra-2\/","title":{"rendered":"BASKERVILLE <br> Museli\u00e8re Ultra"},"content":{"rendered":"<p>Il allie s\u00e9curit\u00e9 optimale et confort du chien. Extr\u00eamement solide et r\u00e9sistant, le mat\u00e9riau utilis\u00e9 est \u00e9galement mall\u00e9able et doux au toucher. Le maintien en place de la museli\u00e8re est garanti par des sangles de s\u00e9curit\u00e9 pr\u00e9sentant deux points d\u2019attache s\u00e9curis\u00e9e suppl\u00e9mentaires.<\/p>\n<p><span style=\"text-decoration: underline;\">Taille 5 :<\/span><\/p>\n<ul>\n<li>Longueur : 11 cm \/ 4.5 po.<\/li>\n<li>Largeur : 35 cm \/ 13.5 po.<\/li>\n<li>Boxer, Bull Terrier, Doberman, Berger Allemand, Golden Retriever, Labrador, Rhod\u00e9sie \u00e0 Cr\u00eate Dorsale, Setter, Shar Pei, Weimaraner<\/li>\n<\/ul>\n<p><span style=\"text-decoration: underline;\">Taille 6 :<\/span><\/p>\n<ul>\n<li>Longueur : 13 cm \/ 5 po.<\/li>\n<li>Largeur : 41 cm \/ 16 po.<\/li>\n<li>Akita, Bullmastiff, Schnauzer G\u00e9ant, Dogue Allemand, L\u00e9vrier Irlandais, Terre-Neuve, Rottweiler, St. Bernard<\/li>\n<\/ul>\n<p>&nbsp;<\/p>\n<p><em>Longueur : Du bout jusqu\u2019\u00e0 la base du museau, juste sous des yeux<\/em><\/p>\n<p><em>Largeur : Circonf\u00e9rence de la partie la plus large du museau, juste sous les yeux<\/em><\/p>\n","protected":false},"excerpt":{"rendered":"<p>Il allie s\u00e9curit\u00e9 optimale et confort du chien. Extr\u00eamement solide et r\u00e9sistant, le mat\u00e9riau utilis\u00e9 est \u00e9galement mall\u00e9able et doux<\/p>\n","protected":false},"featured_media":67457,"comment_status":"closed","ping_status":"closed","template":"","meta":{"_acf_changed":false,"_themeisle_gutenberg_block_has_review":false},"product_brand":[],"product_cat":[1117,1109,1118],"product_tag":[],"class_list":{"0":"post-71323","1":"product","2":"type-product","3":"status-publish","4":"has-post-thumbnail","6":"product_cat-chien-accessoires","7":"product_cat-nourriture-et-produits-pour-chien","8":"product_cat-chien-accessoires-laisse-collier-harnais","9":"pa_animal-dog-fr","10":"pa_couleur-noir-fr","11":"pa_format-taille-5","12":"pa_format-taille-6","13":"pa_marque-the-company-of-animals-fr","14":"pa_type-de-produit-museliere","15":"has-subscription-plans","17":"first","18":"instock","19":"taxable","20":"shipping-taxable","21":"purchasable","22":"product-type-variable"},"acf":[],"_links":{"self":[{"href":"https:\/\/marketplace.petmobile.ca\/fr\/wp-json\/wp\/v2\/product\/71323","targetHints":{"allow":["GET"]}}],"collection":[{"href":"https:\/\/marketplace.petmobile.ca\/fr\/wp-json\/wp\/v2\/product"}],"about":[{"href":"https:\/\/marketplace.petmobile.ca\/fr\/wp-json\/wp\/v2\/types\/product"}],"replies":[{"embeddable":true,"href":"https:\/\/marketplace.petmobile.ca\/fr\/wp-json\/wp\/v2\/comments?post=71323"}],"wp:featuredmedia":[{"embeddable":true,"href":"https:\/\/marketplace.petmobile.ca\/fr\/wp-json\/wp\/v2\/media\/67457"}],"wp:attachment":[{"href":"https:\/\/marketplace.petmobile.ca\/fr\/wp-json\/wp\/v2\/media?parent=71323"}],"wp:term":[{"taxonomy":"product_brand","embeddable":true,"href":"https:\/\/marketplace.petmobile.ca\/fr\/wp-json\/wp\/v2\/product_brand?post=71323"},{"taxonomy":"product_cat","embeddable":true,"href":"https:\/\/marketplace.petmobile.ca\/fr\/wp-json\/wp\/v2\/product_cat?post=71323"},{"taxonomy":"product_tag","embeddable":true,"href":"https:\/\/marketplace.petmobile.ca\/fr\/wp-json\/wp\/v2\/product_tag?post=71323"}],"curies":[{"name":"wp","href":"https:\/\/api.w.org\/{rel}","templated":true}]}}