{"id":71330,"date":"2021-01-27T21:11:42","date_gmt":"2021-01-28T02:11:42","guid":{"rendered":"https:\/\/marketplace.petmobile.ca\/product\/bellerive-femur-de-boeuf-coupe-de-6-a-8-po\/"},"modified":"2023-01-19T15:58:48","modified_gmt":"2023-01-19T20:58:48","slug":"bellerive-femur-de-boeuf","status":"publish","type":"product","link":"https:\/\/marketplace.petmobile.ca\/fr\/produit\/bellerive-femur-de-boeuf\/","title":{"rendered":"Bellerive <br> F\u00e9mur de b\u0153uf, coupe de 6 \u00e0 8 po."},"content":{"rendered":"<ul>\n<li>Am\u00e9liore la sant\u00e9 buccale en permettant l\u2019usure des plaques dentaires<\/li>\n<li>A une texture ferme et savoureuse<\/li>\n<li>B\u0153uf \u00e9lev\u00e9 au Qu\u00e9bec<\/li>\n<\/ul>\n","protected":false},"excerpt":{"rendered":"<p>Am\u00e9liore la sant\u00e9 buccale en permettant l\u2019usure des plaques dentaires A une texture ferme et savoureuse B\u0153uf \u00e9lev\u00e9 au Qu\u00e9bec<\/p>\n","protected":false},"featured_media":67562,"comment_status":"closed","ping_status":"closed","template":"","meta":{"_acf_changed":false,"_themeisle_gutenberg_block_has_review":false},"product_brand":[],"product_cat":[1109,1115,1114],"product_tag":[],"class_list":{"0":"post-71330","1":"product","2":"type-product","3":"status-publish","4":"has-post-thumbnail","6":"product_cat-nourriture-et-produits-pour-chien","7":"product_cat-chien-gateries","8":"product_cat-chien-gateries-os-cuir-brut-parties-animales","9":"pa_animal-dog-fr","10":"pa_marque-produits-bellerive","11":"pa_type-de-produit-viande","12":"has-subscription-plans","14":"first","15":"instock","16":"taxable","17":"shipping-taxable","18":"purchasable","19":"product-type-simple"},"acf":[],"_links":{"self":[{"href":"https:\/\/marketplace.petmobile.ca\/fr\/wp-json\/wp\/v2\/product\/71330","targetHints":{"allow":["GET"]}}],"collection":[{"href":"https:\/\/marketplace.petmobile.ca\/fr\/wp-json\/wp\/v2\/product"}],"about":[{"href":"https:\/\/marketplace.petmobile.ca\/fr\/wp-json\/wp\/v2\/types\/product"}],"replies":[{"embeddable":true,"href":"https:\/\/marketplace.petmobile.ca\/fr\/wp-json\/wp\/v2\/comments?post=71330"}],"wp:featuredmedia":[{"embeddable":true,"href":"https:\/\/marketplace.petmobile.ca\/fr\/wp-json\/wp\/v2\/media\/67562"}],"wp:attachment":[{"href":"https:\/\/marketplace.petmobile.ca\/fr\/wp-json\/wp\/v2\/media?parent=71330"}],"wp:term":[{"taxonomy":"product_brand","embeddable":true,"href":"https:\/\/marketplace.petmobile.ca\/fr\/wp-json\/wp\/v2\/product_brand?post=71330"},{"taxonomy":"product_cat","embeddable":true,"href":"https:\/\/marketplace.petmobile.ca\/fr\/wp-json\/wp\/v2\/product_cat?post=71330"},{"taxonomy":"product_tag","embeddable":true,"href":"https:\/\/marketplace.petmobile.ca\/fr\/wp-json\/wp\/v2\/product_tag?post=71330"}],"curies":[{"name":"wp","href":"https:\/\/api.w.org\/{rel}","templated":true}]}}