{"id":71333,"date":"2021-03-06T14:22:10","date_gmt":"2021-03-06T19:22:10","guid":{"rendered":"https:\/\/marketplace.petmobile.ca\/product\/bellerive-os-dino-de-boeuf-2\/"},"modified":"2023-01-19T16:21:10","modified_gmt":"2023-01-19T21:21:10","slug":"bellerive-os-dino-de-boeuf-2","status":"publish","type":"product","link":"https:\/\/marketplace.petmobile.ca\/fr\/produit\/bellerive-os-dino-de-boeuf-2\/","title":{"rendered":"Bellerive <br> Os Dino de Boeuf"},"content":{"rendered":"<p>Tous les chiens on l\u2019instinct naturel de m\u00e2chouiller. R\u00e9pondez \u00e0 ce besoin avec l\u2019os charnu Dino \u00e0 la viande de b\u0153uf. Cet os est un f\u00e9mur de b\u0153uf enti\u00e8rement naturel avec de la viande laiss\u00e9e \u00e0 l\u2019ext\u00e9rieur et de la moelle \u00e0 l\u2019int\u00e9rieur. Nos formats conviennent aux chiens de moyenne et grande taille. Les os de b\u0153uf sont les plus durs qui soient et ils sont un choix id\u00e9al pour aider \u00e0 d\u00e9loger la plaque et le tartre des dents tout en renfor\u00e7ant les gencives et la m\u00e2choire. Bellerive cuit ses os charnus afin de les rendre moins graisseux et plus propres, ce qui en fait un choix propre s\u00e9curitaire pour vous et votre famille. Ces os sont fi\u00e8rement fabriqu\u00e9s au Qu\u00e9bec, dans de rigoureuses conditions de salubrit\u00e9 alimentaire.<\/p>\n<p>Disponible en deux formats.<\/p>\n","protected":false},"excerpt":{"rendered":"<p>Tous les chiens on l\u2019instinct naturel de m\u00e2chouiller. R\u00e9pondez \u00e0 ce besoin avec l\u2019os charnu Dino \u00e0 la viande de<\/p>\n","protected":false},"featured_media":67688,"comment_status":"closed","ping_status":"closed","template":"","meta":{"_acf_changed":false,"_themeisle_gutenberg_block_has_review":false},"product_brand":[],"product_cat":[1109,1115,1114],"product_tag":[],"class_list":{"0":"post-71333","1":"product","2":"type-product","3":"status-publish","4":"has-post-thumbnail","6":"product_cat-nourriture-et-produits-pour-chien","7":"product_cat-chien-gateries","8":"product_cat-chien-gateries-os-cuir-brut-parties-animales","9":"pa_animal-dog-fr","10":"pa_format-ces-os-sont-fierement-fabriques-au-quebec-dans-de-rigoureuses-conditions-de-salubrite-alimentaire","11":"pa_format-disponible-en-deux-formats","12":"pa_marque-produits-bellerive","13":"pa_type-de-produit-viande","14":"has-subscription-plans","16":"first","17":"instock","18":"taxable","19":"shipping-taxable","20":"purchasable","21":"product-type-variable"},"acf":[],"_links":{"self":[{"href":"https:\/\/marketplace.petmobile.ca\/fr\/wp-json\/wp\/v2\/product\/71333","targetHints":{"allow":["GET"]}}],"collection":[{"href":"https:\/\/marketplace.petmobile.ca\/fr\/wp-json\/wp\/v2\/product"}],"about":[{"href":"https:\/\/marketplace.petmobile.ca\/fr\/wp-json\/wp\/v2\/types\/product"}],"replies":[{"embeddable":true,"href":"https:\/\/marketplace.petmobile.ca\/fr\/wp-json\/wp\/v2\/comments?post=71333"}],"wp:featuredmedia":[{"embeddable":true,"href":"https:\/\/marketplace.petmobile.ca\/fr\/wp-json\/wp\/v2\/media\/67688"}],"wp:attachment":[{"href":"https:\/\/marketplace.petmobile.ca\/fr\/wp-json\/wp\/v2\/media?parent=71333"}],"wp:term":[{"taxonomy":"product_brand","embeddable":true,"href":"https:\/\/marketplace.petmobile.ca\/fr\/wp-json\/wp\/v2\/product_brand?post=71333"},{"taxonomy":"product_cat","embeddable":true,"href":"https:\/\/marketplace.petmobile.ca\/fr\/wp-json\/wp\/v2\/product_cat?post=71333"},{"taxonomy":"product_tag","embeddable":true,"href":"https:\/\/marketplace.petmobile.ca\/fr\/wp-json\/wp\/v2\/product_tag?post=71333"}],"curies":[{"name":"wp","href":"https:\/\/api.w.org\/{rel}","templated":true}]}}