{"id":71455,"date":"2020-07-27T13:44:32","date_gmt":"2023-03-22T16:00:25","guid":{"rendered":"https:\/\/marketplace.petmobile.ca\/product\/company-of-animals-grand-clix-carsafe-harnais\/"},"modified":"2023-03-22T11:00:25","modified_gmt":"2023-03-22T16:00:25","slug":"company-of-animals-grand-clix-carsafe-harnais","status":"publish","type":"product","link":"https:\/\/marketplace.petmobile.ca\/fr\/produit\/company-of-animals-grand-clix-carsafe-harnais\/","title":{"rendered":"Company of animals <br> Grand Clix CarSafe Harnais"},"content":{"rendered":"<p>Con\u00e7u par le Dr Roger Mugford, le harnais CLIX CarSafe a \u00e9t\u00e9 d\u00e9velopp\u00e9 pour offrir un maximum de s\u00e9curit\u00e9, de confort et de protection \u00e0 votre chien dans la voiture et pendant la marche. Le rembourrage en n\u00e9opr\u00e8ne souple couvre tous les points de contact, avec un accent particulier sur le prot\u00e8ge-poitrine central. Le harnais CLIX CarSafe est rapide \u00e0 installer et facile \u00e0 utiliser. * Ne convient pas aux voitures Volvo ou Saab<\/p>\n","protected":false},"excerpt":{"rendered":"<p>Con\u00e7u par le Dr Roger Mugford, le harnais CLIX CarSafe a \u00e9t\u00e9 d\u00e9velopp\u00e9 pour offrir un maximum de s\u00e9curit\u00e9, de<\/p>\n","protected":false},"featured_media":67204,"comment_status":"closed","ping_status":"closed","template":"","meta":{"_acf_changed":false,"_themeisle_gutenberg_block_has_review":false},"product_brand":[],"product_cat":[1117,1109,1118],"product_tag":[],"class_list":{"0":"post-71455","1":"product","2":"type-product","3":"status-publish","4":"has-post-thumbnail","6":"product_cat-chien-accessoires","7":"product_cat-nourriture-et-produits-pour-chien","8":"product_cat-chien-accessoires-laisse-collier-harnais","9":"has-subscription-plans","11":"first","12":"instock","13":"taxable","14":"shipping-taxable","15":"purchasable","16":"product-type-simple"},"acf":[],"_links":{"self":[{"href":"https:\/\/marketplace.petmobile.ca\/fr\/wp-json\/wp\/v2\/product\/71455","targetHints":{"allow":["GET"]}}],"collection":[{"href":"https:\/\/marketplace.petmobile.ca\/fr\/wp-json\/wp\/v2\/product"}],"about":[{"href":"https:\/\/marketplace.petmobile.ca\/fr\/wp-json\/wp\/v2\/types\/product"}],"replies":[{"embeddable":true,"href":"https:\/\/marketplace.petmobile.ca\/fr\/wp-json\/wp\/v2\/comments?post=71455"}],"wp:featuredmedia":[{"embeddable":true,"href":"https:\/\/marketplace.petmobile.ca\/fr\/wp-json\/wp\/v2\/media\/67204"}],"wp:attachment":[{"href":"https:\/\/marketplace.petmobile.ca\/fr\/wp-json\/wp\/v2\/media?parent=71455"}],"wp:term":[{"taxonomy":"product_brand","embeddable":true,"href":"https:\/\/marketplace.petmobile.ca\/fr\/wp-json\/wp\/v2\/product_brand?post=71455"},{"taxonomy":"product_cat","embeddable":true,"href":"https:\/\/marketplace.petmobile.ca\/fr\/wp-json\/wp\/v2\/product_cat?post=71455"},{"taxonomy":"product_tag","embeddable":true,"href":"https:\/\/marketplace.petmobile.ca\/fr\/wp-json\/wp\/v2\/product_tag?post=71455"}],"curies":[{"name":"wp","href":"https:\/\/api.w.org\/{rel}","templated":true}]}}