{"id":71456,"date":"2020-07-27T17:51:16","date_gmt":"2023-03-22T16:07:02","guid":{"rendered":"https:\/\/marketplace.petmobile.ca\/product\/company-of-animals-harnais-anti-traction-sporn\/"},"modified":"2023-03-22T11:07:02","modified_gmt":"2023-03-22T16:07:02","slug":"company-of-animals-harnais-anti-traction-sporn","status":"publish","type":"product","link":"https:\/\/marketplace.petmobile.ca\/fr\/produit\/company-of-animals-harnais-anti-traction-sporn\/","title":{"rendered":"Company of animals <br> Harnais anti-traction Sporn"},"content":{"rendered":"<p>Le harnais sans traction est une solution instantan\u00e9e pour les chiens qui tirent lorsqu&rsquo;ils marchent. La sangle \u00e9lastique et la maille recouvrant la poitrine du chien permettent une libert\u00e9 de mouvement et les manches rembourr\u00e9es en Sherpa offrent un confort suppl\u00e9mentaire tout en gardant le contr\u00f4le du propri\u00e9taire.<\/p>\n<p>La conception du harnais sans traction utilise la th\u00e9orie du \u00abpresser et soulever\u00bb qui se resserre sur le chien lorsqu&rsquo;il tire sur la laisse. Cela dissuadera finalement le chien de tirer et le ram\u00e8nera \u00e0 une marche contr\u00f4l\u00e9e normale. Placez simplement le harnais sur la t\u00eate de votre chien, guidez les jambes \u00e0 travers les boucles, ajustez les bretelles, serrez le verrou de s\u00e9curit\u00e9 coulissant puis attachez une laisse et c&rsquo;est parti.<\/p>\n","protected":false},"excerpt":{"rendered":"<p>Le harnais sans traction est une solution instantan\u00e9e pour les chiens qui tirent lorsqu&rsquo;ils marchent. La sangle \u00e9lastique et la<\/p>\n","protected":false},"featured_media":67257,"comment_status":"closed","ping_status":"closed","template":"","meta":{"_acf_changed":false,"_themeisle_gutenberg_block_has_review":false},"product_brand":[],"product_cat":[1117,1109,1118],"product_tag":[],"class_list":{"0":"post-71456","1":"product","2":"type-product","3":"status-publish","4":"has-post-thumbnail","6":"product_cat-chien-accessoires","7":"product_cat-nourriture-et-produits-pour-chien","8":"product_cat-chien-accessoires-laisse-collier-harnais","9":"pa_format-grand","10":"has-subscription-plans","12":"first","13":"instock","14":"taxable","15":"shipping-taxable","16":"purchasable","17":"product-type-simple"},"acf":[],"_links":{"self":[{"href":"https:\/\/marketplace.petmobile.ca\/fr\/wp-json\/wp\/v2\/product\/71456","targetHints":{"allow":["GET"]}}],"collection":[{"href":"https:\/\/marketplace.petmobile.ca\/fr\/wp-json\/wp\/v2\/product"}],"about":[{"href":"https:\/\/marketplace.petmobile.ca\/fr\/wp-json\/wp\/v2\/types\/product"}],"replies":[{"embeddable":true,"href":"https:\/\/marketplace.petmobile.ca\/fr\/wp-json\/wp\/v2\/comments?post=71456"}],"wp:featuredmedia":[{"embeddable":true,"href":"https:\/\/marketplace.petmobile.ca\/fr\/wp-json\/wp\/v2\/media\/67257"}],"wp:attachment":[{"href":"https:\/\/marketplace.petmobile.ca\/fr\/wp-json\/wp\/v2\/media?parent=71456"}],"wp:term":[{"taxonomy":"product_brand","embeddable":true,"href":"https:\/\/marketplace.petmobile.ca\/fr\/wp-json\/wp\/v2\/product_brand?post=71456"},{"taxonomy":"product_cat","embeddable":true,"href":"https:\/\/marketplace.petmobile.ca\/fr\/wp-json\/wp\/v2\/product_cat?post=71456"},{"taxonomy":"product_tag","embeddable":true,"href":"https:\/\/marketplace.petmobile.ca\/fr\/wp-json\/wp\/v2\/product_tag?post=71456"}],"curies":[{"name":"wp","href":"https:\/\/api.w.org\/{rel}","templated":true}]}}