{"id":71470,"date":"2021-01-19T17:53:37","date_gmt":"2023-03-22T17:06:56","guid":{"rendered":"https:\/\/marketplace.petmobile.ca\/product\/hartz-ultraguard-shampooing-anti-puces-et-tiques-pour-chiens-agrumes\/"},"modified":"2023-03-22T12:06:56","modified_gmt":"2023-03-22T17:06:56","slug":"hartz-ultraguard-shampooing-anti-puces-et-tiques-pour-chiens-agrumes","status":"publish","type":"product","link":"https:\/\/marketplace.petmobile.ca\/fr\/produit\/hartz-ultraguard-shampooing-anti-puces-et-tiques-pour-chiens-agrumes\/","title":{"rendered":"Hartz UltraGuard <br> Shampooing anti-puces et tiques pour chiens, agrumes"},"content":{"rendered":"<ul>\n<li>Le shampooing nettoyant au parfum d&rsquo;agrumes tue les puces et les tiques par contact<\/li>\n<li>Comprend une bouteille de 18 onces liquides<\/li>\n<li>Peut \u00eatre utilis\u00e9 chaque semaine pour un traitement pr\u00e9ventif, tout en nettoyant et en d\u00e9sodorisant<\/li>\n<li>Pour les chiots de 6 mois et plus<\/li>\n<\/ul>\n","protected":false},"excerpt":{"rendered":"<p>Le shampooing nettoyant au parfum d&rsquo;agrumes tue les puces et les tiques par contact Comprend une bouteille de 18 onces<\/p>\n","protected":false},"featured_media":67357,"comment_status":"closed","ping_status":"closed","template":"","meta":{"_acf_changed":false,"_themeisle_gutenberg_block_has_review":false},"product_brand":[],"product_cat":[1109,2293,2290],"product_tag":[],"class_list":{"0":"post-71470","1":"product","2":"type-product","3":"status-publish","4":"has-post-thumbnail","6":"product_cat-nourriture-et-produits-pour-chien","7":"product_cat-chien-soins-puces","8":"product_cat-chien-soins","9":"pa_animal-dog-fr","10":"pa_couleur-rouge","11":"pa_format-532ml-fr","12":"pa_marque-hartz","13":"pa_type-de-produit-shampooing","14":"pa_type-de-produit-soin","15":"has-subscription-plans","17":"first","18":"instock","19":"taxable","20":"shipping-taxable","21":"purchasable","22":"product-type-simple"},"acf":[],"_links":{"self":[{"href":"https:\/\/marketplace.petmobile.ca\/fr\/wp-json\/wp\/v2\/product\/71470","targetHints":{"allow":["GET"]}}],"collection":[{"href":"https:\/\/marketplace.petmobile.ca\/fr\/wp-json\/wp\/v2\/product"}],"about":[{"href":"https:\/\/marketplace.petmobile.ca\/fr\/wp-json\/wp\/v2\/types\/product"}],"replies":[{"embeddable":true,"href":"https:\/\/marketplace.petmobile.ca\/fr\/wp-json\/wp\/v2\/comments?post=71470"}],"wp:featuredmedia":[{"embeddable":true,"href":"https:\/\/marketplace.petmobile.ca\/fr\/wp-json\/wp\/v2\/media\/67357"}],"wp:attachment":[{"href":"https:\/\/marketplace.petmobile.ca\/fr\/wp-json\/wp\/v2\/media?parent=71470"}],"wp:term":[{"taxonomy":"product_brand","embeddable":true,"href":"https:\/\/marketplace.petmobile.ca\/fr\/wp-json\/wp\/v2\/product_brand?post=71470"},{"taxonomy":"product_cat","embeddable":true,"href":"https:\/\/marketplace.petmobile.ca\/fr\/wp-json\/wp\/v2\/product_cat?post=71470"},{"taxonomy":"product_tag","embeddable":true,"href":"https:\/\/marketplace.petmobile.ca\/fr\/wp-json\/wp\/v2\/product_tag?post=71470"}],"curies":[{"name":"wp","href":"https:\/\/api.w.org\/{rel}","templated":true}]}}