{"id":72317,"date":"2020-07-27T18:08:51","date_gmt":"2023-09-21T17:17:09","guid":{"rendered":"https:\/\/marketplace.petmobile.ca\/product\/kong-puppy\/"},"modified":"2023-09-23T11:25:44","modified_gmt":"2023-09-23T16:25:44","slug":"kong-puppy-2","status":"publish","type":"product","link":"https:\/\/marketplace.petmobile.ca\/fr\/produit\/kong-puppy-2\/","title":{"rendered":"KONG <br> Puppy"},"content":{"rendered":"<p>Le jouet pour chien Puppy KONG est personnalis\u00c3\u00a9 pour les dents de lait d&rsquo;un chiot en pleine croissance. La formule unique en caoutchouc naturel est la plus douce de la gamme de jouets en caoutchouc KONG. Con\u00e7u pour r\u00e9pondre aux besoins des 28 dents de lait d&rsquo;un chiot, il aide \u00e0 enseigner un comportement de mastication appropri\u00e9 tout en offrant un enrichissement et en satisfaisant les besoins instinctifs d&rsquo;un jeune chiot, tandis que son rebond irr\u00e9gulier le rend id\u00e9al pour les chiots qui veulent juste jouer. Un chiot en peluche KONG occupe les petits occup\u00e9s tout en permettant aux parents d&rsquo;animaux de compagnie la libert\u00e9 de r\u00e9pondre \u00e0 leurs besoins uniques. Vous souhaitez faciliter l\u2019entra\u00eenement en cage ou prolonger le temps de jeu ? Assurez-vous de farcir avec des croquettes pour chiots et une pinc\u00c3\u00a9e de beurre de cacahu\u00c3\u00a8te. Search for this on Goog Ajoutez du plaisir en incluant des KONG Puppy Snacks et compl\u00e9tez avec KONG Puppy Easy Treat.<\/p>\n","protected":false},"excerpt":{"rendered":"<p>Le jouet pour chien Puppy KONG est personnalis\u00c3\u00a9 pour les dents de lait d&rsquo;un chiot en pleine croissance. La formule<\/p>\n","protected":false},"featured_media":67261,"comment_status":"closed","ping_status":"closed","template":"","meta":{"_acf_changed":false,"_themeisle_gutenberg_block_has_review":false},"product_brand":[],"product_cat":[1117,1109,2831],"product_tag":[2408],"class_list":{"0":"post-72317","1":"product","2":"type-product","3":"status-publish","4":"has-post-thumbnail","6":"product_cat-chien-accessoires","7":"product_cat-nourriture-et-produits-pour-chien","8":"product_cat-jouets","9":"product_tag-hunter-fr","10":"pa_format-grand","11":"pa_format-moyen-fr","12":"pa_format-petit-fr","13":"pa_format-tres-petit","14":"has-subscription-plans","16":"first","17":"instock","18":"taxable","19":"shipping-taxable","20":"purchasable","21":"product-type-variable"},"acf":[],"_links":{"self":[{"href":"https:\/\/marketplace.petmobile.ca\/fr\/wp-json\/wp\/v2\/product\/72317","targetHints":{"allow":["GET"]}}],"collection":[{"href":"https:\/\/marketplace.petmobile.ca\/fr\/wp-json\/wp\/v2\/product"}],"about":[{"href":"https:\/\/marketplace.petmobile.ca\/fr\/wp-json\/wp\/v2\/types\/product"}],"replies":[{"embeddable":true,"href":"https:\/\/marketplace.petmobile.ca\/fr\/wp-json\/wp\/v2\/comments?post=72317"}],"wp:featuredmedia":[{"embeddable":true,"href":"https:\/\/marketplace.petmobile.ca\/fr\/wp-json\/wp\/v2\/media\/67261"}],"wp:attachment":[{"href":"https:\/\/marketplace.petmobile.ca\/fr\/wp-json\/wp\/v2\/media?parent=72317"}],"wp:term":[{"taxonomy":"product_brand","embeddable":true,"href":"https:\/\/marketplace.petmobile.ca\/fr\/wp-json\/wp\/v2\/product_brand?post=72317"},{"taxonomy":"product_cat","embeddable":true,"href":"https:\/\/marketplace.petmobile.ca\/fr\/wp-json\/wp\/v2\/product_cat?post=72317"},{"taxonomy":"product_tag","embeddable":true,"href":"https:\/\/marketplace.petmobile.ca\/fr\/wp-json\/wp\/v2\/product_tag?post=72317"}],"curies":[{"name":"wp","href":"https:\/\/api.w.org\/{rel}","templated":true}]}}