{"id":72331,"date":"2020-07-20T18:17:38","date_gmt":"2023-09-21T18:59:09","guid":{"rendered":"https:\/\/marketplace.petmobile.ca\/product\/kong-extreme-goodie-bone\/"},"modified":"2023-09-23T12:33:50","modified_gmt":"2023-09-23T17:33:50","slug":"kong-extreme-goodie-bone","status":"publish","type":"product","link":"https:\/\/marketplace.petmobile.ca\/fr\/produit\/kong-extreme-goodie-bone\/","title":{"rendered":"Kong <br> Extreme Goodie Bone"},"content":{"rendered":"<p>Le jouet KONG Extreme Goodie Bone\u00e2\u201e\u00a2 ravit les chiens qui sont les plus coriaces des m\u00c3\u00a2cheurs et qui adorent les s\u00c3\u00a9ances de mastication. Fabriqu\u00e9 \u00e0 partir de la formule de caoutchouc noir naturel unique KONG Extreme la plus durable, cet os est con\u00e7u pour les m\u00e2cheurs d\u00e9termin\u00e9s. Le KONG Extreme Goodie Bone\u2122 est \u00e9galement dot\u00e9 de Goodie Grippers\u2122 brevet\u00e9s qui transforment ce jouet divertissant en un d\u00e9fi amusant de distribution de friandises qui peut \u00eatre farci avec les croquettes pr\u00e9f\u00e9r\u00e9es de votre chien. Envie de prolonger la s\u00c3\u00a9ance de mastication ? Stuff with KONG Snacks\u2122 and entice with a bit of KONG Easy Treat\u2122.<\/p>\n","protected":false},"excerpt":{"rendered":"<p>Le jouet KONG Extreme Goodie Bone\u00e2\u201e\u00a2 ravit les chiens qui sont les plus coriaces des m\u00c3\u00a2cheurs et qui adorent les<\/p>\n","protected":false},"featured_media":67178,"comment_status":"closed","ping_status":"closed","template":"","meta":{"_acf_changed":false,"_themeisle_gutenberg_block_has_review":false},"product_brand":[],"product_cat":[1117,1109,2831],"product_tag":[],"class_list":{"0":"post-72331","1":"product","2":"type-product","3":"status-publish","4":"has-post-thumbnail","6":"product_cat-chien-accessoires","7":"product_cat-nourriture-et-produits-pour-chien","8":"product_cat-jouets","9":"pa_animal-dog-fr","10":"has-subscription-plans","12":"first","13":"instock","14":"taxable","15":"shipping-taxable","16":"purchasable","17":"product-type-simple"},"acf":[],"_links":{"self":[{"href":"https:\/\/marketplace.petmobile.ca\/fr\/wp-json\/wp\/v2\/product\/72331","targetHints":{"allow":["GET"]}}],"collection":[{"href":"https:\/\/marketplace.petmobile.ca\/fr\/wp-json\/wp\/v2\/product"}],"about":[{"href":"https:\/\/marketplace.petmobile.ca\/fr\/wp-json\/wp\/v2\/types\/product"}],"replies":[{"embeddable":true,"href":"https:\/\/marketplace.petmobile.ca\/fr\/wp-json\/wp\/v2\/comments?post=72331"}],"wp:featuredmedia":[{"embeddable":true,"href":"https:\/\/marketplace.petmobile.ca\/fr\/wp-json\/wp\/v2\/media\/67178"}],"wp:attachment":[{"href":"https:\/\/marketplace.petmobile.ca\/fr\/wp-json\/wp\/v2\/media?parent=72331"}],"wp:term":[{"taxonomy":"product_brand","embeddable":true,"href":"https:\/\/marketplace.petmobile.ca\/fr\/wp-json\/wp\/v2\/product_brand?post=72331"},{"taxonomy":"product_cat","embeddable":true,"href":"https:\/\/marketplace.petmobile.ca\/fr\/wp-json\/wp\/v2\/product_cat?post=72331"},{"taxonomy":"product_tag","embeddable":true,"href":"https:\/\/marketplace.petmobile.ca\/fr\/wp-json\/wp\/v2\/product_tag?post=72331"}],"curies":[{"name":"wp","href":"https:\/\/api.w.org\/{rel}","templated":true}]}}