{"id":72759,"date":"2021-01-26T16:01:10","date_gmt":"2021-01-26T21:01:10","guid":{"rendered":"https:\/\/marketplace.petmobile.ca\/product\/bergan-turbo-scratcher-star-chaser-replacement-pads\/"},"modified":"2023-11-17T14:53:23","modified_gmt":"2023-11-17T19:53:23","slug":"bergan-turbo-scratcher-star-chaser-replacement-pads","status":"publish","type":"product","link":"https:\/\/marketplace.petmobile.ca\/fr\/produit\/bergan-turbo-scratcher-star-chaser-replacement-pads\/","title":{"rendered":"Bergan <br> Pads de remplacements pour griffoir Turbo Scratcher\u00ae &#038; Star Chaser\u00ae"},"content":{"rendered":"<p class=\"coastal--type-body1\">Revitalisez le griffoir pr\u00e9f\u00e9r\u00e9 de votre chat avec les coussinets de remplacement Turbo Scratcher\u00ae\u00a0! Ces coussinets de remplacement durables \u00e9liminent le besoin d&rsquo;acheter des jouets \u00e0 gratter enti\u00e8rement neufs apr\u00e8s utilisation. Les coussinets aident \u00e0 pr\u00e9venir les rayures sur les meubles avec une texture naturelle qui satisfait efficacement l&rsquo;envie de gratter de votre chat.<\/p>\n<ul>\n<li class=\"key-benefits\">\u00c9limine le besoin d&rsquo;acheter des jouets \u00e0 gratter enti\u00e8rement neufs apr\u00e8s les avoir port\u00e9s.<\/li>\n<li class=\"key-benefits\">Convient au Turbo Scratcher et au Star Chaser.<\/li>\n<li class=\"key-benefits\">Revitalise les griffoirs pr\u00e9f\u00e9r\u00e9s de votre chat pour une utilisation durable.<\/li>\n<li class=\"key-benefits\">Poss\u00e8de une texture naturelle pour satisfaire l&rsquo;envie de gratter.<\/li>\n<li class=\"key-benefits\">Emp\u00eache les rayures sur les meubles.<\/li>\n<\/ul>\n","protected":false},"excerpt":{"rendered":"<p>Revitalisez le griffoir pr\u00e9f\u00e9r\u00e9 de votre chat avec les coussinets de remplacement Turbo Scratcher\u00ae\u00a0! Ces coussinets de remplacement durables \u00e9liminent<\/p>\n","protected":false},"featured_media":67446,"comment_status":"closed","ping_status":"closed","template":"","meta":{"_acf_changed":false,"_themeisle_gutenberg_block_has_review":false},"product_brand":[],"product_cat":[1097,1103,1092],"product_tag":[],"class_list":{"0":"post-72759","1":"product","2":"type-product","3":"status-publish","4":"has-post-thumbnail","6":"product_cat-chat-accessoires","7":"product_cat-chat-accessoires-arbres-a-chat-et-grattoirs","8":"product_cat-produits-pour-chat","9":"pa_animal-cat-fr","10":"pa_marque-bergan-fr","11":"pa_type-de-produit-griffoir","12":"has-subscription-plans","14":"first","15":"instock","16":"taxable","17":"shipping-taxable","18":"purchasable","19":"product-type-simple"},"acf":[],"_links":{"self":[{"href":"https:\/\/marketplace.petmobile.ca\/fr\/wp-json\/wp\/v2\/product\/72759","targetHints":{"allow":["GET"]}}],"collection":[{"href":"https:\/\/marketplace.petmobile.ca\/fr\/wp-json\/wp\/v2\/product"}],"about":[{"href":"https:\/\/marketplace.petmobile.ca\/fr\/wp-json\/wp\/v2\/types\/product"}],"replies":[{"embeddable":true,"href":"https:\/\/marketplace.petmobile.ca\/fr\/wp-json\/wp\/v2\/comments?post=72759"}],"wp:featuredmedia":[{"embeddable":true,"href":"https:\/\/marketplace.petmobile.ca\/fr\/wp-json\/wp\/v2\/media\/67446"}],"wp:attachment":[{"href":"https:\/\/marketplace.petmobile.ca\/fr\/wp-json\/wp\/v2\/media?parent=72759"}],"wp:term":[{"taxonomy":"product_brand","embeddable":true,"href":"https:\/\/marketplace.petmobile.ca\/fr\/wp-json\/wp\/v2\/product_brand?post=72759"},{"taxonomy":"product_cat","embeddable":true,"href":"https:\/\/marketplace.petmobile.ca\/fr\/wp-json\/wp\/v2\/product_cat?post=72759"},{"taxonomy":"product_tag","embeddable":true,"href":"https:\/\/marketplace.petmobile.ca\/fr\/wp-json\/wp\/v2\/product_tag?post=72759"}],"curies":[{"name":"wp","href":"https:\/\/api.w.org\/{rel}","templated":true}]}}