{"id":72790,"date":"2023-11-15T11:30:42","date_gmt":"2023-11-15T16:32:25","guid":{"rendered":"https:\/\/marketplace.petmobile.ca\/?post_type=product&#038;p=72790"},"modified":"2023-11-29T04:41:33","modified_gmt":"2023-11-29T09:41:33","slug":"zanimo-soin-des-yeux-60ml","status":"publish","type":"product","link":"https:\/\/marketplace.petmobile.ca\/fr\/produit\/zanimo-soin-des-yeux-60ml\/","title":{"rendered":"ZANIMO Soin des yeux 60ml"},"content":{"rendered":"<section class=\"elementor-element elementor-element-19297f0 elementor-section-full_width elementor-section-height-default elementor-section-height-default elementor-section elementor-top-section\" data-id=\"19297f0\" data-element_type=\"section\">\n<div class=\"elementor-container elementor-column-gap-default\">\n<div class=\"elementor-row\">\n<div class=\"elementor-element elementor-element-51537832 elementor-column elementor-col-100 elementor-top-column\" data-id=\"51537832\" data-element_type=\"column\">\n<div class=\"elementor-column-wrap  elementor-element-populated\">\n<div class=\"elementor-widget-wrap\">\n<div class=\"elementor-element elementor-element-364f60e3 elementor-widget elementor-widget-text-editor\" data-id=\"364f60e3\" data-element_type=\"widget\" data-widget_type=\"text-editor.default\">\n<div class=\"elementor-widget-container\">\n<div class=\"elementor-text-editor elementor-clearfix\">\n<p>Soin des yeux facilite le nettoyage des larmes s\u00e9ch\u00e9es et apaise l\u2019inconfort d\u00fb aux grattages. Cette formule rafra\u00eechissante et apaisante maintient le contour des yeux en bonne sant\u00e9. Elle est non irritante et redonne de l\u2019\u00e9clat aux poils sous les yeux. Une hygi\u00e8ne d\u00e9ficiente peut favoriser une accumulation de s\u00e9cr\u00e9tions, des d\u00e9mangeaisons, des irritations ou des mauvaises odeurs. Un soin r\u00e9gulier des yeux devient n\u00e9cessaire lorsqu\u2019on veut \u00e9viter ces petits d\u00e9sagr\u00e9ments.<\/p>\n<p>Elle est con\u00e7ue \u00e0 partir de 4 extraits de plantes d\u2019origine naturelle tel que : l\u2019extrait d\u2019euphraise, l\u2019eau d\u2019hamam\u00e9lis, l\u2019eau de bleuet et l\u2019eau de rose.<\/p>\n<p>Elle convient \u00e0 toutes les races de chiens et de chats, \u00e0 partir de 2 mois d\u2019\u00e2ge.<\/p>\n<p><strong>Mode d\u2019emploi :<\/strong> agiter avant utilisation. Prendre un tampon d\u00e9maquillant et l\u2019imbiber d\u2019eau ti\u00e8de. Faite une compresse sur le contour des yeux durant 10 secondes pour ramollir les poils secs et cro\u00fbt\u00e9s. Frottez doucement les zones tach\u00e9es sous les yeux. Reprendre un autre tampon avec seulement le produit d\u00e9tachant et frotter doucement pour compl\u00e9ter le nettoyage. R\u00e9p\u00e9ter le m\u00eame processus pour l\u2019autre \u0153il avec des tampons d\u00e9maquillants ou des lingettes propres.<\/p>\n<\/div>\n<\/div>\n<\/div>\n<\/div>\n<\/div>\n<\/div>\n<\/div>\n<\/div>\n<\/section>\n","protected":false},"excerpt":{"rendered":"<p>Soin des yeux facilite le nettoyage des larmes s\u00e9ch\u00e9es et apaise l\u2019inconfort d\u00fb aux grattages. Cette formule rafra\u00eechissante et apaisante<\/p>\n","protected":false},"featured_media":72789,"comment_status":"closed","ping_status":"closed","template":"","meta":{"_acf_changed":false,"_themeisle_gutenberg_block_has_review":false},"product_brand":[],"product_cat":[1092,1109,1122,2290,2313,1780,2858],"product_tag":[],"class_list":{"0":"post-72790","1":"product","2":"type-product","3":"status-publish","4":"has-post-thumbnail","6":"product_cat-produits-pour-chat","7":"product_cat-nourriture-et-produits-pour-chien","8":"product_cat-chien-proprete","9":"product_cat-chien-soins","10":"product_cat-soins-chat","11":"product_cat-traitement-chat","12":"product_cat-traitement","13":"has-subscription-plans","15":"first","16":"instock","17":"taxable","18":"shipping-taxable","19":"purchasable","20":"product-type-simple"},"acf":[],"_links":{"self":[{"href":"https:\/\/marketplace.petmobile.ca\/fr\/wp-json\/wp\/v2\/product\/72790","targetHints":{"allow":["GET"]}}],"collection":[{"href":"https:\/\/marketplace.petmobile.ca\/fr\/wp-json\/wp\/v2\/product"}],"about":[{"href":"https:\/\/marketplace.petmobile.ca\/fr\/wp-json\/wp\/v2\/types\/product"}],"replies":[{"embeddable":true,"href":"https:\/\/marketplace.petmobile.ca\/fr\/wp-json\/wp\/v2\/comments?post=72790"}],"wp:featuredmedia":[{"embeddable":true,"href":"https:\/\/marketplace.petmobile.ca\/fr\/wp-json\/wp\/v2\/media\/72789"}],"wp:attachment":[{"href":"https:\/\/marketplace.petmobile.ca\/fr\/wp-json\/wp\/v2\/media?parent=72790"}],"wp:term":[{"taxonomy":"product_brand","embeddable":true,"href":"https:\/\/marketplace.petmobile.ca\/fr\/wp-json\/wp\/v2\/product_brand?post=72790"},{"taxonomy":"product_cat","embeddable":true,"href":"https:\/\/marketplace.petmobile.ca\/fr\/wp-json\/wp\/v2\/product_cat?post=72790"},{"taxonomy":"product_tag","embeddable":true,"href":"https:\/\/marketplace.petmobile.ca\/fr\/wp-json\/wp\/v2\/product_tag?post=72790"}],"curies":[{"name":"wp","href":"https:\/\/api.w.org\/{rel}","templated":true}]}}