{"id":72800,"date":"2021-03-13T16:29:42","date_gmt":"2021-03-13T21:29:42","guid":{"rendered":"https:\/\/marketplace.petmobile.ca\/product\/simons-kickin-catnip-2\/"},"modified":"2023-11-17T10:04:56","modified_gmt":"2023-11-17T15:04:56","slug":"simons-kickin-catnip-2","status":"publish","type":"product","link":"https:\/\/marketplace.petmobile.ca\/fr\/produit\/simons-kickin-catnip-2\/","title":{"rendered":"Simon&rsquo;s <br> Herbe \u00e0 chat Kickin&rsquo;  &#8211; 14g"},"content":{"rendered":"<p>L&rsquo;herbe \u00e0 chat cultiv\u00e9e sur place par Simon est cueillie \u00e0 la main et sp\u00e9cialement s\u00e9ch\u00e9e pour capturer le fort ar\u00f4me de la plante \u00ab herbe \u00e0 chat \u00bb. Un parfum auquel les chats ne peuvent naturellement pas r\u00e9sister ! Tournez et pincez doucement la tige pour aider \u00e0 lib\u00e9rer l&rsquo;ar\u00f4me de l&rsquo;herbe.<\/p>\n<p>Disponible en deux tailles : 14g, 28g.<\/p>\n<p>&nbsp;<\/p>\n","protected":false},"excerpt":{"rendered":"<p>L&rsquo;herbe \u00e0 chat cultiv\u00e9e sur place par Simon est cueillie \u00e0 la main et sp\u00e9cialement s\u00e9ch\u00e9e pour capturer le fort<\/p>\n","protected":false},"featured_media":67734,"comment_status":"closed","ping_status":"closed","template":"","meta":{"_acf_changed":false,"_themeisle_gutenberg_block_has_review":false},"product_brand":[],"product_cat":[1101,1092,1096],"product_tag":[],"class_list":{"0":"post-72800","1":"product","2":"type-product","3":"status-publish","4":"has-post-thumbnail","6":"product_cat-chat-gateries-autres-recompenses","7":"product_cat-produits-pour-chat","8":"product_cat-chat-gateries","9":"pa_animal-cat-fr","10":"pa_format-14g-fr","11":"pa_format-28g-fr","12":"pa_marque-simons-fr","13":"pa_type-de-produit-complement-alimentaire","14":"has-subscription-plans","16":"first","17":"instock","18":"taxable","19":"shipping-taxable","20":"purchasable","21":"product-type-variable"},"acf":[],"_links":{"self":[{"href":"https:\/\/marketplace.petmobile.ca\/fr\/wp-json\/wp\/v2\/product\/72800","targetHints":{"allow":["GET"]}}],"collection":[{"href":"https:\/\/marketplace.petmobile.ca\/fr\/wp-json\/wp\/v2\/product"}],"about":[{"href":"https:\/\/marketplace.petmobile.ca\/fr\/wp-json\/wp\/v2\/types\/product"}],"replies":[{"embeddable":true,"href":"https:\/\/marketplace.petmobile.ca\/fr\/wp-json\/wp\/v2\/comments?post=72800"}],"wp:featuredmedia":[{"embeddable":true,"href":"https:\/\/marketplace.petmobile.ca\/fr\/wp-json\/wp\/v2\/media\/67734"}],"wp:attachment":[{"href":"https:\/\/marketplace.petmobile.ca\/fr\/wp-json\/wp\/v2\/media?parent=72800"}],"wp:term":[{"taxonomy":"product_brand","embeddable":true,"href":"https:\/\/marketplace.petmobile.ca\/fr\/wp-json\/wp\/v2\/product_brand?post=72800"},{"taxonomy":"product_cat","embeddable":true,"href":"https:\/\/marketplace.petmobile.ca\/fr\/wp-json\/wp\/v2\/product_cat?post=72800"},{"taxonomy":"product_tag","embeddable":true,"href":"https:\/\/marketplace.petmobile.ca\/fr\/wp-json\/wp\/v2\/product_tag?post=72800"}],"curies":[{"name":"wp","href":"https:\/\/api.w.org\/{rel}","templated":true}]}}