{"id":72816,"date":"2020-07-02T15:14:16","date_gmt":"2020-07-02T20:14:16","guid":{"rendered":"https:\/\/marketplace.petmobile.ca\/product\/hunter-peigne-demelant-9-lames\/"},"modified":"2020-07-02T15:14:16","modified_gmt":"2020-07-02T20:14:16","slug":"hunter-peigne-demelant-9-lames","status":"publish","type":"product","link":"https:\/\/marketplace.petmobile.ca\/fr\/produit\/hunter-peigne-demelant-9-lames\/","title":{"rendered":"Hunter <br> Peigne d\u00e9m\u00ealant 9 lames"},"content":{"rendered":"<p>9 lames dentel\u00e9es \u00e9liminent les poils morts tout en \u00e9claircissant le sous-poil. Rapide \u00e0 \u00e9liminer les n\u0153uds et les enchev\u00eatrements, ce peigne constitue une excellente premi\u00e8re approche pour traiter des tapis difficiles. Facile et s\u00e9curitaire \u00e0 utiliser, il est b\u00e9n\u00e9fique pour la sant\u00e9 des animaux. Un repose-pouce en m\u00e9tal, situ\u00e9 entre les lames et le manche en plastique, assure un contr\u00f4le et une efficacit\u00e9 sup\u00e9rieurs tout en prot\u00e9geant les mains et le pelage. Ce produit convient aux chiens et chats au pelage \u00e9pais et emm\u00eal\u00e9.<\/p>\n","protected":false},"excerpt":{"rendered":"<p>9 lames dentel\u00e9es \u00e9liminent les poils morts tout en \u00e9claircissant le sous-poil. Rapide \u00e0 \u00e9liminer les n\u0153uds et les enchev\u00eatrements,<\/p>\n","protected":false},"featured_media":66916,"comment_status":"closed","ping_status":"closed","template":"","meta":{"_acf_changed":false,"_themeisle_gutenberg_block_has_review":false},"product_brand":[],"product_cat":[2301,1109,1122],"product_tag":[],"class_list":{"0":"post-72816","1":"product","2":"type-product","3":"status-publish","4":"has-post-thumbnail","6":"product_cat-chien-proprete-brossesetaccesoires","7":"product_cat-nourriture-et-produits-pour-chien","8":"product_cat-chien-proprete","9":"has-subscription-plans","11":"first","12":"instock","13":"taxable","14":"shipping-taxable","15":"purchasable","16":"product-type-simple"},"acf":[],"_links":{"self":[{"href":"https:\/\/marketplace.petmobile.ca\/fr\/wp-json\/wp\/v2\/product\/72816","targetHints":{"allow":["GET"]}}],"collection":[{"href":"https:\/\/marketplace.petmobile.ca\/fr\/wp-json\/wp\/v2\/product"}],"about":[{"href":"https:\/\/marketplace.petmobile.ca\/fr\/wp-json\/wp\/v2\/types\/product"}],"replies":[{"embeddable":true,"href":"https:\/\/marketplace.petmobile.ca\/fr\/wp-json\/wp\/v2\/comments?post=72816"}],"wp:featuredmedia":[{"embeddable":true,"href":"https:\/\/marketplace.petmobile.ca\/fr\/wp-json\/wp\/v2\/media\/66916"}],"wp:attachment":[{"href":"https:\/\/marketplace.petmobile.ca\/fr\/wp-json\/wp\/v2\/media?parent=72816"}],"wp:term":[{"taxonomy":"product_brand","embeddable":true,"href":"https:\/\/marketplace.petmobile.ca\/fr\/wp-json\/wp\/v2\/product_brand?post=72816"},{"taxonomy":"product_cat","embeddable":true,"href":"https:\/\/marketplace.petmobile.ca\/fr\/wp-json\/wp\/v2\/product_cat?post=72816"},{"taxonomy":"product_tag","embeddable":true,"href":"https:\/\/marketplace.petmobile.ca\/fr\/wp-json\/wp\/v2\/product_tag?post=72816"}],"curies":[{"name":"wp","href":"https:\/\/api.w.org\/{rel}","templated":true}]}}