{"id":72821,"date":"2021-02-03T14:04:43","date_gmt":"2021-02-03T19:04:43","guid":{"rendered":"https:\/\/marketplace.petmobile.ca\/product\/outward-hound-transporteur-pour-chien-en-bandouliere-avec-attache-interieure-pour-harnais\/"},"modified":"2021-02-03T14:04:43","modified_gmt":"2021-02-03T19:04:43","slug":"outward-hound-transporteur-pour-chien-en-bandouliere-avec-attache-interieure-pour-harnais","status":"publish","type":"product","link":"https:\/\/marketplace.petmobile.ca\/fr\/produit\/outward-hound-transporteur-pour-chien-en-bandouliere-avec-attache-interieure-pour-harnais\/","title":{"rendered":"Outward Hound <br> Transporteur pour chien en bandouli\u00e8re avec attache int\u00e9rieure pour harnais"},"content":{"rendered":"<p>Le sac \u00e0 bandouli\u00e8re PoochPouch de Outward Hound permet de transporter des chiens de fa\u00e7on confortable, s\u00e9curitaire et facile. Il comprend une courroie d&rsquo;\u00e9paule ajustable, une attache \u00e0 harnais de s\u00e9curit\u00e9, ainsi qu&rsquo;une petite poche pour ranger des items essentiels. Ce sac est fait de mat\u00e9riel r\u00e9sistant \u00e0 l&rsquo;eau. La poche mesure 25\u00a0\u00bb x 13\u00a0\u00bb x 3\u00a0\u00bb et convient aux chiens pesant jusqu&rsquo;\u00e0 15 livres.<\/p>\n","protected":false},"excerpt":{"rendered":"<p>Le sac \u00e0 bandouli\u00e8re PoochPouch de Outward Hound permet de transporter des chiens de fa\u00e7on confortable, s\u00e9curitaire et facile. Il<\/p>\n","protected":false},"featured_media":67605,"comment_status":"closed","ping_status":"closed","template":"","meta":{"_acf_changed":false,"_themeisle_gutenberg_block_has_review":false},"product_brand":[],"product_cat":[1117,1109,1118],"product_tag":[],"class_list":{"0":"post-72821","1":"product","2":"type-product","3":"status-publish","4":"has-post-thumbnail","6":"product_cat-chien-accessoires","7":"product_cat-nourriture-et-produits-pour-chien","8":"product_cat-chien-accessoires-laisse-collier-harnais","9":"pa_animal-dog-fr","10":"pa_couleur-bleu","11":"pa_marque-outward-hound-fr","12":"pa_type-de-produit-accessoire","13":"has-subscription-plans","15":"first","16":"instock","17":"taxable","18":"shipping-taxable","19":"purchasable","20":"product-type-simple"},"acf":[],"_links":{"self":[{"href":"https:\/\/marketplace.petmobile.ca\/fr\/wp-json\/wp\/v2\/product\/72821","targetHints":{"allow":["GET"]}}],"collection":[{"href":"https:\/\/marketplace.petmobile.ca\/fr\/wp-json\/wp\/v2\/product"}],"about":[{"href":"https:\/\/marketplace.petmobile.ca\/fr\/wp-json\/wp\/v2\/types\/product"}],"replies":[{"embeddable":true,"href":"https:\/\/marketplace.petmobile.ca\/fr\/wp-json\/wp\/v2\/comments?post=72821"}],"wp:featuredmedia":[{"embeddable":true,"href":"https:\/\/marketplace.petmobile.ca\/fr\/wp-json\/wp\/v2\/media\/67605"}],"wp:attachment":[{"href":"https:\/\/marketplace.petmobile.ca\/fr\/wp-json\/wp\/v2\/media?parent=72821"}],"wp:term":[{"taxonomy":"product_brand","embeddable":true,"href":"https:\/\/marketplace.petmobile.ca\/fr\/wp-json\/wp\/v2\/product_brand?post=72821"},{"taxonomy":"product_cat","embeddable":true,"href":"https:\/\/marketplace.petmobile.ca\/fr\/wp-json\/wp\/v2\/product_cat?post=72821"},{"taxonomy":"product_tag","embeddable":true,"href":"https:\/\/marketplace.petmobile.ca\/fr\/wp-json\/wp\/v2\/product_tag?post=72821"}],"curies":[{"name":"wp","href":"https:\/\/api.w.org\/{rel}","templated":true}]}}