{"id":72823,"date":"2021-06-12T17:55:02","date_gmt":"2021-06-12T22:55:02","guid":{"rendered":"https:\/\/marketplace.petmobile.ca\/product\/zanimo-baume-coussinets\/"},"modified":"2025-12-15T11:47:31","modified_gmt":"2025-12-15T16:47:31","slug":"zanimo-baume-coussinets","status":"publish","type":"product","link":"https:\/\/marketplace.petmobile.ca\/fr\/produit\/zanimo-baume-coussinets\/","title":{"rendered":"ZANIMO <br> Baume Coussinets"},"content":{"rendered":"<p>HYDRATANT\u00a0pour coussinets<\/p>\n<hr \/>\n<blockquote>\n<ul>\n<li><strong>Contient 9 hydratants naturels pour la sant\u00e9 du museau et des coussinets<\/strong><\/li>\n<li><strong>Hydrate le museau et les coussinets fendill\u00e9s et crevass\u00e9s<\/strong><\/li>\n<li><strong>Aide \u00e0 conserver la souplesse de la peau et prot\u00e8ge du froid, de la neige et du vent<\/strong><\/li>\n<li><strong>Ne colle pas sur le plancher<\/strong><\/li>\n<li><strong>Douce fragrance d\u2019un m\u00e9lange fruit\u00e9 qui saura vous plaire et surtout \u00e0 votre animal<\/strong><\/li>\n<\/ul>\n<\/blockquote>\n<hr \/>\n<p>PROGRAMME\u00a0pour chien et chat<br \/>\nNotre Baume coussinets est con\u00e7u pour hydrater et prot\u00e9ger le museau et les coussinets\u00a0fendill\u00e9s, irrit\u00e9s ou crevass\u00e9s de votre animal. Il est protecteur contre les agents agressants externes comme le froid, la chaleur, ou la neige. Il aide \u00e0 conserver la souplesse des coussinets et hydrate bien le\u00a0museau. L\u2019odeur de notre fragrance provient d\u2019un m\u00e9lange fruit\u00e9 qui saura vous plaire et aussi \u00e0 votre animal.<\/p>\n<hr \/>\n<p>MODE D&rsquo;EMPLOI:\u00a0Appliquer le baume en petite quantit\u00e9 sur le museau et les coussinets \u00e0 chaque sortie. Ne colle pas sur le plancher, ne laisse pas de r\u00e9sidus.<\/p>\n<pre class=\"p2\">Avec <strong>beurre de karit\u00e9<\/strong> et <strong>cire d\u2019abeille<\/strong>.<\/pre>\n<hr \/>\n<p><strong>Ingr\u00e9dients :\u00a0<\/strong>Beurre de karit\u00e9, Huile de Cocos Nucifera, Huile de graine de Vitis Vinifera, cire d&rsquo;abeille, Huile d&rsquo;amande douce, Tocopheryl Actate, Huile d&rsquo;\u00e9core de camphrier, Huile de fleur de geranium, Huile de fleur de lavande.<\/p>\n<hr \/>\n<pre><strong><em>Pr\u00e9cautions:\u00a0<\/em><\/strong><strong><em>Tenir hors de la port\u00e9e des enfants.<\/em><\/strong><\/pre>\n","protected":false},"excerpt":{"rendered":"<p>HYDRATANT\u00a0pour coussinets Contient 9 hydratants naturels pour la sant\u00e9 du museau et des coussinets Hydrate le museau et les coussinets<\/p>\n","protected":false},"featured_media":72786,"comment_status":"closed","ping_status":"closed","template":"","meta":{"_acf_changed":false,"_themeisle_gutenberg_block_has_review":false},"product_brand":[],"product_cat":[1092,1109,2290,2313,2858],"product_tag":[],"class_list":{"0":"post-72823","1":"product","2":"type-product","3":"status-publish","4":"has-post-thumbnail","6":"product_cat-produits-pour-chat","7":"product_cat-nourriture-et-produits-pour-chien","8":"product_cat-chien-soins","9":"product_cat-soins-chat","10":"product_cat-traitement","11":"pa_animal-cat-fr","12":"pa_animal-dog-fr","13":"pa_format-75ml-fr","14":"has-subscription-plans","16":"first","17":"instock","18":"taxable","19":"shipping-taxable","20":"purchasable","21":"product-type-simple"},"acf":[],"_links":{"self":[{"href":"https:\/\/marketplace.petmobile.ca\/fr\/wp-json\/wp\/v2\/product\/72823","targetHints":{"allow":["GET"]}}],"collection":[{"href":"https:\/\/marketplace.petmobile.ca\/fr\/wp-json\/wp\/v2\/product"}],"about":[{"href":"https:\/\/marketplace.petmobile.ca\/fr\/wp-json\/wp\/v2\/types\/product"}],"replies":[{"embeddable":true,"href":"https:\/\/marketplace.petmobile.ca\/fr\/wp-json\/wp\/v2\/comments?post=72823"}],"wp:featuredmedia":[{"embeddable":true,"href":"https:\/\/marketplace.petmobile.ca\/fr\/wp-json\/wp\/v2\/media\/72786"}],"wp:attachment":[{"href":"https:\/\/marketplace.petmobile.ca\/fr\/wp-json\/wp\/v2\/media?parent=72823"}],"wp:term":[{"taxonomy":"product_brand","embeddable":true,"href":"https:\/\/marketplace.petmobile.ca\/fr\/wp-json\/wp\/v2\/product_brand?post=72823"},{"taxonomy":"product_cat","embeddable":true,"href":"https:\/\/marketplace.petmobile.ca\/fr\/wp-json\/wp\/v2\/product_cat?post=72823"},{"taxonomy":"product_tag","embeddable":true,"href":"https:\/\/marketplace.petmobile.ca\/fr\/wp-json\/wp\/v2\/product_tag?post=72823"}],"curies":[{"name":"wp","href":"https:\/\/api.w.org\/{rel}","templated":true}]}}