{"id":79425,"date":"2024-08-22T10:07:57","date_gmt":"2024-08-22T15:07:57","guid":{"rendered":"https:\/\/marketplace.petmobile.ca\/product\/chat-leger\/"},"modified":"2024-08-22T10:07:57","modified_gmt":"2024-08-22T15:07:57","slug":"chat-leger","status":"publish","type":"product","link":"https:\/\/marketplace.petmobile.ca\/fr\/produit\/chat-leger\/","title":{"rendered":"Chat L\u00e9ger"},"content":{"rendered":"<ul>\n<li>Soins urinaires (PH \u00e9quilibr\u00e9 pour pr\u00e9venir la cristallisation du magn\u00e9sium, moins de pierre)<\/li>\n<li>Contr\u00f4le des boules de poils (Contient des fibres qui aident \u00e0 la digestion des boules de poils. Les poils sortent avec les excr\u00e9ments au lieu de vomissements)<\/li>\n<li>Contr\u00f4le du poids comme il y a moins de mati\u00e8res grasses<\/li>\n<li>Ajout du Yucca Shidigera pour contr\u00f4ler l\u2019odeur des selles<\/li>\n<li>Ajout de l\u00e9cithine et de graines de lins pour une peau en sant\u00e9 et un poil lustr\u00e9<\/li>\n<li>Ajout de taurine un acide amin\u00e9 essentiel pour la sant\u00e9 de votre chat<\/li>\n<li>Prot\u00e9ine \u00e0 base de poulet<\/li>\n<li>Nourriture compl\u00e8te et \u00e9quilibr\u00e9e<\/li>\n<\/ul>\n<p><strong>Analyse garantie<\/strong><\/p>\n<p>Prot\u00e9ines brutes\u00a0\u00a0\u00a0\u00a0\u00a0\u00a0\u00a0\u00a0\u00a0\u00a0\u00a0\u00a0\u00a0\u00a0\u00a0\u00a0 29%<br \/>\nMati\u00e8res grasses brutes\u00a0\u00a0\u00a0 16%<br \/>\nHumidit\u00e9\u00a0\u00a0\u00a0\u00a0\u00a0\u00a0\u00a0\u00a0\u00a0\u00a0\u00a0\u00a0\u00a0\u00a0\u00a0\u00a0\u00a0\u00a0\u00a0\u00a0\u00a0\u00a0\u00a0\u00a0\u00a0\u00a0\u00a0\u00a0\u00a0 10%<br \/>\nCendres\u00a0\u00a0\u00a0\u00a0\u00a0\u00a0\u00a0\u00a0\u00a0\u00a0\u00a0\u00a0\u00a0\u00a0\u00a0\u00a0\u00a0\u00a0\u00a0\u00a0\u00a0\u00a0\u00a0\u00a0\u00a0\u00a0\u00a0\u00a0\u00a0\u00a0\u00a0 7.5%<\/p>\n<p><strong>Ingr\u00e9dients<\/strong><\/p>\n<p>Poulet d\u00e9shydrat\u00e9, Gluten de ma\u00efs, ma\u00efs jaune moulu, riz de brasserie, gras de poulet stabilis\u00e9 avec un m\u00e9lange de tocoph\u00e9rols, orge moulu, l\u00e9cithine, pulpe de betteraves, saveur naturelle de poulet, graines de lin enti\u00e8res (une source d\u2019acides gras om\u00e9ga-3), farine de poisson, \u0153ufs entiers d\u00e9shydrat\u00e9s, pur\u00e9e de tomates, fibre de pois, culture de levure d\u00e9shydrat\u00e9e, chlorure de potassium, chlorure de choline, propionate de calcium, bisulfate de sodium, sel, taurine, sulfate ferreux, oxyde de zinc, s\u00e9l\u00e9nite de sodium, ac\u00e9tate d\u2019alpha-tocoph\u00e9rol (une source de vitamine E), extrait de Yucca schidigera, acide nicotinique, iodate de calcium, oxyde de mangan\u00e8se, pantoth\u00e9nate de D-calcium, mononitrate de thiamine, riboflavine, chlorhydrate de pyridoxine, suppl\u00e9ment de vitamine A, chol\u00e9calcif\u00e9rol (une source de vitamine D3), biotine, extrait de romarin, thym, canneberges s\u00e9ch\u00e9es, suppl\u00e9ment de vitamine B12, carbonate de cobalt, acide folique.<\/p>\n","protected":false},"excerpt":{"rendered":"<ul>\n<li>Soins urinaires (PH \u00e9quilibr\u00e9 pour pr\u00e9venir la cristallisation du magn\u00e9sium, moins de pierre);<\/li>\n<li>Contr\u00f4le des boules de poils (Contient des fibres qui aident \u00e0 la digestion des boules de poils. Les poils sortent avec les excr\u00e9ments au lieu de vomissements)<\/li>\n<li>Contr\u00f4le du poids comme il y a moins de mati\u00e8res grasses;<\/li>\n<\/ul>\n","protected":false},"featured_media":68211,"comment_status":"closed","ping_status":"closed","template":"","meta":{"_acf_changed":false,"_themeisle_gutenberg_block_has_review":false},"product_brand":[],"product_cat":[1092,1093,1094],"product_tag":[3543],"class_list":{"0":"post-79425","1":"product","2":"type-product","3":"status-publish","4":"has-post-thumbnail","6":"product_cat-produits-pour-chat","7":"product_cat-chat-nourriture","8":"product_cat-chat-nourriture-seche","9":"product_tag-amibouff-fr","10":"pa_animal-cat-fr","11":"pa_format-18kg-fr","12":"pa_format-3-6kg-fr","13":"pa_format-6kg-2","14":"pa_marque-amibouff-fr","15":"has-subscription-plans","17":"first","18":"instock","19":"taxable","20":"shipping-taxable","21":"purchasable","22":"product-type-variable"},"acf":[],"_links":{"self":[{"href":"https:\/\/marketplace.petmobile.ca\/fr\/wp-json\/wp\/v2\/product\/79425","targetHints":{"allow":["GET"]}}],"collection":[{"href":"https:\/\/marketplace.petmobile.ca\/fr\/wp-json\/wp\/v2\/product"}],"about":[{"href":"https:\/\/marketplace.petmobile.ca\/fr\/wp-json\/wp\/v2\/types\/product"}],"replies":[{"embeddable":true,"href":"https:\/\/marketplace.petmobile.ca\/fr\/wp-json\/wp\/v2\/comments?post=79425"}],"wp:featuredmedia":[{"embeddable":true,"href":"https:\/\/marketplace.petmobile.ca\/fr\/wp-json\/wp\/v2\/media\/68211"}],"wp:attachment":[{"href":"https:\/\/marketplace.petmobile.ca\/fr\/wp-json\/wp\/v2\/media?parent=79425"}],"wp:term":[{"taxonomy":"product_brand","embeddable":true,"href":"https:\/\/marketplace.petmobile.ca\/fr\/wp-json\/wp\/v2\/product_brand?post=79425"},{"taxonomy":"product_cat","embeddable":true,"href":"https:\/\/marketplace.petmobile.ca\/fr\/wp-json\/wp\/v2\/product_cat?post=79425"},{"taxonomy":"product_tag","embeddable":true,"href":"https:\/\/marketplace.petmobile.ca\/fr\/wp-json\/wp\/v2\/product_tag?post=79425"}],"curies":[{"name":"wp","href":"https:\/\/api.w.org\/{rel}","templated":true}]}}