{"id":86323,"date":"2025-03-11T13:50:41","date_gmt":"2025-03-11T18:50:41","guid":{"rendered":"https:\/\/marketplace.petmobile.ca\/product\/country-canin\/"},"modified":"2025-03-11T13:53:34","modified_gmt":"2025-03-11T18:53:34","slug":"country-canin","status":"publish","type":"product","link":"https:\/\/marketplace.petmobile.ca\/fr\/produit\/country-canin\/","title":{"rendered":"Country Canin"},"content":{"rendered":"<h4 id=\"tw-target-text\" class=\"tw-data-text tw-text-large tw-ta\" dir=\"ltr\" data-placeholder=\"Translation\" data-ved=\"2ahUKEwjErtbEqoKMAxXAjokEHSBYCQwQ3ewLegQICBAV\" aria-label=\"Translated text: Liste des ingr\u00e9dients : (d\u00e9claration d\u00e9croissante) Farine de porc, bl\u00e9 tendre, ma\u00efs, bl\u00e9, graisse de poulet conserv\u00e9e avec de la vitamine E (tocoph\u00e9rols mixtes), farine de gluten de ma\u00efs, farine de soja, chlorure de sodium, phosphate monocalcique, bentonite de sodium, chlorure de potassium, chlorure de choline, sulfate ferreux, oxyde de zinc, suppl\u00e9ment de vitamine E, sulfate de cuivre, suppl\u00e9ment d'acide folique, suppl\u00e9ment de vitamine B12, suppl\u00e9ment de vitamine A, suppl\u00e9ment de niacine, s\u00e9l\u00e9nium, oxyde de mangan\u00e8se, suppl\u00e9ment de phantoth\u00e9nate de calcium, riboflavine, complexe de m\u00e9tabisulfite de m\u00e9nadione (source d'activit\u00e9 de la vitamine K), suppl\u00e9ment de biotine, suppl\u00e9ment de vitamine D, iodate de calcium. ANALYSE GARANTIE Prot\u00e9ine brute (min.) 25\u00a0% Mati\u00e8re grasse brute (min.) 15\u00a0% Fibre brute (max.) 3,2\u00a0% Humidit\u00e9 (max.) 10\u00a0% \u00c9nergie m\u00e9tabolisable Kcal\/tasse 408\"><span class=\"Y2IQFc\" lang=\"fr\">Liste des ingr\u00e9dients : (d\u00e9claration d\u00e9croissante) <\/span><\/h4>\n<h4 class=\"tw-data-text tw-text-large tw-ta\" dir=\"ltr\" data-placeholder=\"Translation\" data-ved=\"2ahUKEwjErtbEqoKMAxXAjokEHSBYCQwQ3ewLegQICBAV\" aria-label=\"Translated text: Liste des ingr\u00e9dients : (d\u00e9claration d\u00e9croissante) Farine de porc, bl\u00e9 tendre, ma\u00efs, bl\u00e9, graisse de poulet conserv\u00e9e avec de la vitamine E (tocoph\u00e9rols mixtes), farine de gluten de ma\u00efs, farine de soja, chlorure de sodium, phosphate monocalcique, bentonite de sodium, chlorure de potassium, chlorure de choline, sulfate ferreux, oxyde de zinc, suppl\u00e9ment de vitamine E, sulfate de cuivre, suppl\u00e9ment d'acide folique, suppl\u00e9ment de vitamine B12, suppl\u00e9ment de vitamine A, suppl\u00e9ment de niacine, s\u00e9l\u00e9nium, oxyde de mangan\u00e8se, suppl\u00e9ment de phantoth\u00e9nate de calcium, riboflavine, complexe de m\u00e9tabisulfite de m\u00e9nadione (source d'activit\u00e9 de la vitamine K), suppl\u00e9ment de biotine, suppl\u00e9ment de vitamine D, iodate de calcium. ANALYSE GARANTIE Prot\u00e9ine brute (min.) 25\u00a0% Mati\u00e8re grasse brute (min.) 15\u00a0% Fibre brute (max.) 3,2\u00a0% Humidit\u00e9 (max.) 10\u00a0% \u00c9nergie m\u00e9tabolisable Kcal\/tasse 408\"><span class=\"Y2IQFc\" lang=\"fr\">Farine de porc, bl\u00e9 tendre, ma\u00efs, bl\u00e9, graisse de poulet conserv\u00e9e avec de la vitamine E (tocoph\u00e9rols mixtes), farine de gluten de ma\u00efs, farine de soja, chlorure de sodium, phosphate monocalcique, bentonite de sodium, chlorure de potassium, chlorure de choline, sulfate ferreux, oxyde de zinc, suppl\u00e9ment de vitamine E, sulfate de cuivre, suppl\u00e9ment d&rsquo;acide folique, suppl\u00e9ment de vitamine B12, suppl\u00e9ment de vitamine A, suppl\u00e9ment de niacine, s\u00e9l\u00e9nium, oxyde de mangan\u00e8se, suppl\u00e9ment de phantoth\u00e9nate de calcium, riboflavine, complexe de m\u00e9tabisulfite de m\u00e9nadione (source d&rsquo;activit\u00e9 de la vitamine K), suppl\u00e9ment de biotine, suppl\u00e9ment de vitamine D, iodate de calcium. <\/span><\/h4>\n<h4 class=\"tw-data-text tw-text-large tw-ta\" dir=\"ltr\" data-placeholder=\"Translation\" data-ved=\"2ahUKEwjErtbEqoKMAxXAjokEHSBYCQwQ3ewLegQICBAV\" aria-label=\"Translated text: Liste des ingr\u00e9dients : (d\u00e9claration d\u00e9croissante) Farine de porc, bl\u00e9 tendre, ma\u00efs, bl\u00e9, graisse de poulet conserv\u00e9e avec de la vitamine E (tocoph\u00e9rols mixtes), farine de gluten de ma\u00efs, farine de soja, chlorure de sodium, phosphate monocalcique, bentonite de sodium, chlorure de potassium, chlorure de choline, sulfate ferreux, oxyde de zinc, suppl\u00e9ment de vitamine E, sulfate de cuivre, suppl\u00e9ment d'acide folique, suppl\u00e9ment de vitamine B12, suppl\u00e9ment de vitamine A, suppl\u00e9ment de niacine, s\u00e9l\u00e9nium, oxyde de mangan\u00e8se, suppl\u00e9ment de phantoth\u00e9nate de calcium, riboflavine, complexe de m\u00e9tabisulfite de m\u00e9nadione (source d'activit\u00e9 de la vitamine K), suppl\u00e9ment de biotine, suppl\u00e9ment de vitamine D, iodate de calcium. ANALYSE GARANTIE Prot\u00e9ine brute (min.) 25\u00a0% Mati\u00e8re grasse brute (min.) 15\u00a0% Fibre brute (max.) 3,2\u00a0% Humidit\u00e9 (max.) 10\u00a0% \u00c9nergie m\u00e9tabolisable Kcal\/tasse 408\"><span class=\"Y2IQFc\" lang=\"fr\">ANALYSE GARANTIE<\/span><\/h4>\n<h4 class=\"tw-data-text tw-text-large tw-ta\" dir=\"ltr\" data-placeholder=\"Translation\" data-ved=\"2ahUKEwjErtbEqoKMAxXAjokEHSBYCQwQ3ewLegQICBAV\" aria-label=\"Translated text: Liste des ingr\u00e9dients : (d\u00e9claration d\u00e9croissante) Farine de porc, bl\u00e9 tendre, ma\u00efs, bl\u00e9, graisse de poulet conserv\u00e9e avec de la vitamine E (tocoph\u00e9rols mixtes), farine de gluten de ma\u00efs, farine de soja, chlorure de sodium, phosphate monocalcique, bentonite de sodium, chlorure de potassium, chlorure de choline, sulfate ferreux, oxyde de zinc, suppl\u00e9ment de vitamine E, sulfate de cuivre, suppl\u00e9ment d'acide folique, suppl\u00e9ment de vitamine B12, suppl\u00e9ment de vitamine A, suppl\u00e9ment de niacine, s\u00e9l\u00e9nium, oxyde de mangan\u00e8se, suppl\u00e9ment de phantoth\u00e9nate de calcium, riboflavine, complexe de m\u00e9tabisulfite de m\u00e9nadione (source d'activit\u00e9 de la vitamine K), suppl\u00e9ment de biotine, suppl\u00e9ment de vitamine D, iodate de calcium. ANALYSE GARANTIE Prot\u00e9ine brute (min.) 25\u00a0% Mati\u00e8re grasse brute (min.) 15\u00a0% Fibre brute (max.) 3,2\u00a0% Humidit\u00e9 (max.) 10\u00a0% \u00c9nergie m\u00e9tabolisable Kcal\/tasse 408\"><span class=\"Y2IQFc\" lang=\"fr\">Prot\u00e9ine brute (min.) 25\u00a0% <\/span><\/h4>\n<h4 class=\"tw-data-text tw-text-large tw-ta\" dir=\"ltr\" data-placeholder=\"Translation\" data-ved=\"2ahUKEwjErtbEqoKMAxXAjokEHSBYCQwQ3ewLegQICBAV\" aria-label=\"Translated text: Liste des ingr\u00e9dients : (d\u00e9claration d\u00e9croissante) Farine de porc, bl\u00e9 tendre, ma\u00efs, bl\u00e9, graisse de poulet conserv\u00e9e avec de la vitamine E (tocoph\u00e9rols mixtes), farine de gluten de ma\u00efs, farine de soja, chlorure de sodium, phosphate monocalcique, bentonite de sodium, chlorure de potassium, chlorure de choline, sulfate ferreux, oxyde de zinc, suppl\u00e9ment de vitamine E, sulfate de cuivre, suppl\u00e9ment d'acide folique, suppl\u00e9ment de vitamine B12, suppl\u00e9ment de vitamine A, suppl\u00e9ment de niacine, s\u00e9l\u00e9nium, oxyde de mangan\u00e8se, suppl\u00e9ment de phantoth\u00e9nate de calcium, riboflavine, complexe de m\u00e9tabisulfite de m\u00e9nadione (source d'activit\u00e9 de la vitamine K), suppl\u00e9ment de biotine, suppl\u00e9ment de vitamine D, iodate de calcium. ANALYSE GARANTIE Prot\u00e9ine brute (min.) 25\u00a0% Mati\u00e8re grasse brute (min.) 15\u00a0% Fibre brute (max.) 3,2\u00a0% Humidit\u00e9 (max.) 10\u00a0% \u00c9nergie m\u00e9tabolisable Kcal\/tasse 408\"><span class=\"Y2IQFc\" lang=\"fr\">Mati\u00e8re grasse brute (min.) 15\u00a0% <\/span><\/h4>\n<h4 class=\"tw-data-text tw-text-large tw-ta\" dir=\"ltr\" data-placeholder=\"Translation\" data-ved=\"2ahUKEwjErtbEqoKMAxXAjokEHSBYCQwQ3ewLegQICBAV\" aria-label=\"Translated text: Liste des ingr\u00e9dients : (d\u00e9claration d\u00e9croissante) Farine de porc, bl\u00e9 tendre, ma\u00efs, bl\u00e9, graisse de poulet conserv\u00e9e avec de la vitamine E (tocoph\u00e9rols mixtes), farine de gluten de ma\u00efs, farine de soja, chlorure de sodium, phosphate monocalcique, bentonite de sodium, chlorure de potassium, chlorure de choline, sulfate ferreux, oxyde de zinc, suppl\u00e9ment de vitamine E, sulfate de cuivre, suppl\u00e9ment d'acide folique, suppl\u00e9ment de vitamine B12, suppl\u00e9ment de vitamine A, suppl\u00e9ment de niacine, s\u00e9l\u00e9nium, oxyde de mangan\u00e8se, suppl\u00e9ment de phantoth\u00e9nate de calcium, riboflavine, complexe de m\u00e9tabisulfite de m\u00e9nadione (source d'activit\u00e9 de la vitamine K), suppl\u00e9ment de biotine, suppl\u00e9ment de vitamine D, iodate de calcium. ANALYSE GARANTIE Prot\u00e9ine brute (min.) 25\u00a0% Mati\u00e8re grasse brute (min.) 15\u00a0% Fibre brute (max.) 3,2\u00a0% Humidit\u00e9 (max.) 10\u00a0% \u00c9nergie m\u00e9tabolisable Kcal\/tasse 408\"><span class=\"Y2IQFc\" lang=\"fr\">Fibre brute (max.) 3,2\u00a0% <\/span><\/h4>\n<h4 class=\"tw-data-text tw-text-large tw-ta\" dir=\"ltr\" data-placeholder=\"Translation\" data-ved=\"2ahUKEwjErtbEqoKMAxXAjokEHSBYCQwQ3ewLegQICBAV\" aria-label=\"Translated text: Liste des ingr\u00e9dients : (d\u00e9claration d\u00e9croissante) Farine de porc, bl\u00e9 tendre, ma\u00efs, bl\u00e9, graisse de poulet conserv\u00e9e avec de la vitamine E (tocoph\u00e9rols mixtes), farine de gluten de ma\u00efs, farine de soja, chlorure de sodium, phosphate monocalcique, bentonite de sodium, chlorure de potassium, chlorure de choline, sulfate ferreux, oxyde de zinc, suppl\u00e9ment de vitamine E, sulfate de cuivre, suppl\u00e9ment d'acide folique, suppl\u00e9ment de vitamine B12, suppl\u00e9ment de vitamine A, suppl\u00e9ment de niacine, s\u00e9l\u00e9nium, oxyde de mangan\u00e8se, suppl\u00e9ment de phantoth\u00e9nate de calcium, riboflavine, complexe de m\u00e9tabisulfite de m\u00e9nadione (source d'activit\u00e9 de la vitamine K), suppl\u00e9ment de biotine, suppl\u00e9ment de vitamine D, iodate de calcium. ANALYSE GARANTIE Prot\u00e9ine brute (min.) 25\u00a0% Mati\u00e8re grasse brute (min.) 15\u00a0% Fibre brute (max.) 3,2\u00a0% Humidit\u00e9 (max.) 10\u00a0% \u00c9nergie m\u00e9tabolisable Kcal\/tasse 408\"><span class=\"Y2IQFc\" lang=\"fr\">Humidit\u00e9 (max.) 10\u00a0% <\/span><\/h4>\n<h4 class=\"tw-data-text tw-text-large tw-ta\" dir=\"ltr\" data-placeholder=\"Translation\" data-ved=\"2ahUKEwjErtbEqoKMAxXAjokEHSBYCQwQ3ewLegQICBAV\" aria-label=\"Translated text: Liste des ingr\u00e9dients : (d\u00e9claration d\u00e9croissante) Farine de porc, bl\u00e9 tendre, ma\u00efs, bl\u00e9, graisse de poulet conserv\u00e9e avec de la vitamine E (tocoph\u00e9rols mixtes), farine de gluten de ma\u00efs, farine de soja, chlorure de sodium, phosphate monocalcique, bentonite de sodium, chlorure de potassium, chlorure de choline, sulfate ferreux, oxyde de zinc, suppl\u00e9ment de vitamine E, sulfate de cuivre, suppl\u00e9ment d'acide folique, suppl\u00e9ment de vitamine B12, suppl\u00e9ment de vitamine A, suppl\u00e9ment de niacine, s\u00e9l\u00e9nium, oxyde de mangan\u00e8se, suppl\u00e9ment de phantoth\u00e9nate de calcium, riboflavine, complexe de m\u00e9tabisulfite de m\u00e9nadione (source d'activit\u00e9 de la vitamine K), suppl\u00e9ment de biotine, suppl\u00e9ment de vitamine D, iodate de calcium. ANALYSE GARANTIE Prot\u00e9ine brute (min.) 25\u00a0% Mati\u00e8re grasse brute (min.) 15\u00a0% Fibre brute (max.) 3,2\u00a0% Humidit\u00e9 (max.) 10\u00a0% \u00c9nergie m\u00e9tabolisable Kcal\/tasse 408\"><span class=\"Y2IQFc\" lang=\"fr\">\u00c9nergie m\u00e9tabolisable <\/span><\/h4>\n<h6 class=\"tw-data-text tw-text-large tw-ta\" dir=\"ltr\" data-placeholder=\"Translation\" data-ved=\"2ahUKEwjErtbEqoKMAxXAjokEHSBYCQwQ3ewLegQICBAV\" aria-label=\"Translated text: Liste des ingr\u00e9dients : (d\u00e9claration d\u00e9croissante) Farine de porc, bl\u00e9 tendre, ma\u00efs, bl\u00e9, graisse de poulet conserv\u00e9e avec de la vitamine E (tocoph\u00e9rols mixtes), farine de gluten de ma\u00efs, farine de soja, chlorure de sodium, phosphate monocalcique, bentonite de sodium, chlorure de potassium, chlorure de choline, sulfate ferreux, oxyde de zinc, suppl\u00e9ment de vitamine E, sulfate de cuivre, suppl\u00e9ment d'acide folique, suppl\u00e9ment de vitamine B12, suppl\u00e9ment de vitamine A, suppl\u00e9ment de niacine, s\u00e9l\u00e9nium, oxyde de mangan\u00e8se, suppl\u00e9ment de phantoth\u00e9nate de calcium, riboflavine, complexe de m\u00e9tabisulfite de m\u00e9nadione (source d'activit\u00e9 de la vitamine K), suppl\u00e9ment de biotine, suppl\u00e9ment de vitamine D, iodate de calcium. ANALYSE GARANTIE Prot\u00e9ine brute (min.) 25\u00a0% Mati\u00e8re grasse brute (min.) 15\u00a0% Fibre brute (max.) 3,2\u00a0% Humidit\u00e9 (max.) 10\u00a0% \u00c9nergie m\u00e9tabolisable Kcal\/tasse 408\"><span class=\"Y2IQFc\" lang=\"fr\">Kcal\/tasse 408<\/span><\/h6>\n<section class=\"elementor-section elementor-top-section elementor-element elementor-element-0892af6 elementor-section-boxed elementor-section-height-default elementor-section-height-default\" data-id=\"0892af6\" data-element_type=\"section\" data-settings=\"{&quot;background_background&quot;:&quot;classic&quot;}\">\n<div class=\"elementor-container elementor-column-gap-default\">\n<div class=\"elementor-column elementor-col-33 elementor-top-column elementor-element elementor-element-e98309b\" data-id=\"e98309b\" data-element_type=\"column\">\n<div class=\"elementor-widget-wrap elementor-element-populated\">\n<div class=\"elementor-element elementor-element-94cc13a elementor-widget elementor-widget-heading\" data-id=\"94cc13a\" data-element_type=\"widget\" data-widget_type=\"heading.default\">\n<div class=\"elementor-widget-container\">\n<h2 class=\"elementor-heading-title elementor-size-default\">Guide d&rsquo;alimentation<\/h2>\n<\/div>\n<\/div>\n<\/div>\n<\/div>\n<\/div>\n<\/section>\n<section class=\"elementor-section elementor-inner-section elementor-element elementor-element-552d1abf elementor-section-content-middle elementor-section-boxed elementor-section-height-default elementor-section-height-default\" data-id=\"552d1abf\" data-element_type=\"section\" data-settings=\"{&quot;background_background&quot;:&quot;classic&quot;}\">\n<div class=\"elementor-container elementor-column-gap-no\">\n<div class=\"elementor-column elementor-col-33 elementor-inner-column elementor-element elementor-element-79f03789\" data-id=\"79f03789\" data-element_type=\"column\" data-settings=\"{&quot;background_background&quot;:&quot;classic&quot;}\">\n<div class=\"elementor-widget-wrap elementor-element-populated\">\n<div class=\"elementor-element elementor-element-46992205 elementor-widget elementor-widget-text-editor\" data-id=\"46992205\" data-element_type=\"widget\" data-widget_type=\"text-editor.default\">\n<div class=\"elementor-widget-container\">\n<table border=\"0\" width=\"100%\" cellspacing=\"0\" cellpadding=\"0\">\n<tbody>\n<tr bgcolor=\"gray\">\n<td width=\"50%\"><strong>Poids<br \/>\nlbs (kgs)<\/strong><\/td>\n<td width=\"50%\"><strong>Quantit\u00e9 par jour<br \/>\ncups<\/strong><\/td>\n<\/tr>\n<tr>\n<td width=\"50%\">5lbs (2.3kg)<\/td>\n<td width=\"50%\">3-6 cups<\/td>\n<\/tr>\n<tr>\n<td width=\"103\">10 lbs (4.5kg)<\/td>\n<td width=\"50%\">3-6 cups<\/td>\n<\/tr>\n<tr>\n<td width=\"103\">20 lbs (9.1kg)<\/td>\n<td width=\"50%\">3-6 cups<\/td>\n<\/tr>\n<tr>\n<td width=\"103\">30 lbs (14kg)<\/td>\n<td width=\"50%\">3-6 cups<\/td>\n<\/tr>\n<tr>\n<td width=\"103\">40 lbs (18kg)<\/td>\n<td width=\"50%\">\u00a03-6 cups<\/td>\n<\/tr>\n<tr>\n<td width=\"103\">50 lbs (23kg)<\/td>\n<td width=\"50%\">\u00a06-9 cups<\/td>\n<\/tr>\n<tr>\n<td width=\"103\">60 lbs (27kg)<\/td>\n<td width=\"50%\">\u00a06-9 cups<\/td>\n<\/tr>\n<tr>\n<td width=\"103\">80 lbs (36kg)<\/td>\n<td width=\"50%\">\u00a06-9 cups<\/td>\n<\/tr>\n<tr>\n<td width=\"103\">100 lbs (45kg)<\/td>\n<td width=\"50%\">\u00a01 cup\/5\u00a0 1\/2 kg<\/td>\n<\/tr>\n<tr>\n<td width=\"103\">120 lbs (54kg)<\/td>\n<td width=\"50%\">1 cup\/5\u00a0 1\/2 kg<\/td>\n<\/tr>\n<\/tbody>\n<\/table>\n<\/div>\n<\/div>\n<\/div>\n<\/div>\n<\/div>\n<\/section>\n","protected":false},"excerpt":{"rendered":"<p>Liste des ingr\u00e9dients : (d\u00e9claration d\u00e9croissante) Farine de porc, bl\u00e9 tendre, ma\u00efs, bl\u00e9, graisse de poulet conserv\u00e9e avec de la<\/p>\n","protected":false},"featured_media":86322,"comment_status":"closed","ping_status":"closed","template":"","meta":{"_acf_changed":false,"_themeisle_gutenberg_block_has_review":false},"product_brand":[],"product_cat":[1109,1110,1111],"product_tag":[],"class_list":{"0":"post-86323","1":"product","2":"type-product","3":"status-publish","4":"has-post-thumbnail","6":"product_cat-nourriture-et-produits-pour-chien","7":"product_cat-chien-nourriture","8":"product_cat-chien-nourriture-seche","9":"pa_animal-dog-fr","10":"has-subscription-plans","12":"first","13":"instock","14":"taxable","15":"shipping-taxable","16":"purchasable","17":"product-type-simple"},"acf":[],"_links":{"self":[{"href":"https:\/\/marketplace.petmobile.ca\/fr\/wp-json\/wp\/v2\/product\/86323","targetHints":{"allow":["GET"]}}],"collection":[{"href":"https:\/\/marketplace.petmobile.ca\/fr\/wp-json\/wp\/v2\/product"}],"about":[{"href":"https:\/\/marketplace.petmobile.ca\/fr\/wp-json\/wp\/v2\/types\/product"}],"replies":[{"embeddable":true,"href":"https:\/\/marketplace.petmobile.ca\/fr\/wp-json\/wp\/v2\/comments?post=86323"}],"wp:featuredmedia":[{"embeddable":true,"href":"https:\/\/marketplace.petmobile.ca\/fr\/wp-json\/wp\/v2\/media\/86322"}],"wp:attachment":[{"href":"https:\/\/marketplace.petmobile.ca\/fr\/wp-json\/wp\/v2\/media?parent=86323"}],"wp:term":[{"taxonomy":"product_brand","embeddable":true,"href":"https:\/\/marketplace.petmobile.ca\/fr\/wp-json\/wp\/v2\/product_brand?post=86323"},{"taxonomy":"product_cat","embeddable":true,"href":"https:\/\/marketplace.petmobile.ca\/fr\/wp-json\/wp\/v2\/product_cat?post=86323"},{"taxonomy":"product_tag","embeddable":true,"href":"https:\/\/marketplace.petmobile.ca\/fr\/wp-json\/wp\/v2\/product_tag?post=86323"}],"curies":[{"name":"wp","href":"https:\/\/api.w.org\/{rel}","templated":true}]}}