{"id":89224,"date":"2025-06-05T11:41:38","date_gmt":"2025-06-05T16:41:38","guid":{"rendered":"https:\/\/marketplace.petmobile.ca\/product\/deuxieme-recolte-fleole-des-pres-plus-fonce-plus-tendre\/"},"modified":"2025-06-05T11:41:38","modified_gmt":"2025-06-05T16:41:38","slug":"deuxieme-recolte-fleole-des-pres-plus-fonce-plus-tendre","status":"publish","type":"product","link":"https:\/\/marketplace.petmobile.ca\/fr\/produit\/deuxieme-recolte-fleole-des-pres-plus-fonce-plus-tendre\/","title":{"rendered":"Deuxi\u00e8me r\u00e9colte &#8211; Fl\u00e9ole des pr\u00e9s &#8211; Plus Fonc\u00e9, Plus Tendre"},"content":{"rendered":"<p>Plus\u00a0<strong>tendre<\/strong>\u00a0et plus<strong>\u00a0vert<\/strong>\u00a0puisqu\u2019il est r\u00e9colt\u00e9 plus jeune.<\/p>\n<ul>\n<li>Foin de mil (fl\u00e9ole des pr\u00e9s);<\/li>\n<li>Tr\u00e8s bon foin cultiv\u00e9 \u00e0 la ferme;<\/li>\n<li>Format tr\u00e8s \u00e9conomique.<\/li>\n<\/ul>\n<p><strong>Quantit\u00e9<\/strong> : 2.29 lbs<\/p>\n","protected":false},"excerpt":{"rendered":"<p>Plus\u00a0tendre\u00a0et plus\u00a0vert\u00a0puisqu\u2019il est r\u00e9colt\u00e9 plus jeune. Foin de mil (fl\u00e9ole des pr\u00e9s); Tr\u00e8s bon foin cultiv\u00e9 \u00e0 la ferme; Format<\/p>\n","protected":false},"featured_media":89223,"comment_status":"closed","ping_status":"closed","template":"","meta":{"_acf_changed":false,"_themeisle_gutenberg_block_has_review":false},"product_brand":[],"product_cat":[1132,1134,1133],"product_tag":[],"class_list":{"0":"post-89224","1":"product","2":"type-product","3":"status-publish","4":"has-post-thumbnail","6":"product_cat-produits-pour-petit-animal","7":"product_cat-autre-animal-petit-nourriture","8":"product_cat-autre-animal-petit-animal","9":"pa_animal-rabbit-fr","10":"has-subscription-plans","12":"first","13":"instock","14":"taxable","15":"shipping-taxable","16":"purchasable","17":"product-type-simple"},"acf":[],"_links":{"self":[{"href":"https:\/\/marketplace.petmobile.ca\/fr\/wp-json\/wp\/v2\/product\/89224","targetHints":{"allow":["GET"]}}],"collection":[{"href":"https:\/\/marketplace.petmobile.ca\/fr\/wp-json\/wp\/v2\/product"}],"about":[{"href":"https:\/\/marketplace.petmobile.ca\/fr\/wp-json\/wp\/v2\/types\/product"}],"replies":[{"embeddable":true,"href":"https:\/\/marketplace.petmobile.ca\/fr\/wp-json\/wp\/v2\/comments?post=89224"}],"wp:featuredmedia":[{"embeddable":true,"href":"https:\/\/marketplace.petmobile.ca\/fr\/wp-json\/wp\/v2\/media\/89223"}],"wp:attachment":[{"href":"https:\/\/marketplace.petmobile.ca\/fr\/wp-json\/wp\/v2\/media?parent=89224"}],"wp:term":[{"taxonomy":"product_brand","embeddable":true,"href":"https:\/\/marketplace.petmobile.ca\/fr\/wp-json\/wp\/v2\/product_brand?post=89224"},{"taxonomy":"product_cat","embeddable":true,"href":"https:\/\/marketplace.petmobile.ca\/fr\/wp-json\/wp\/v2\/product_cat?post=89224"},{"taxonomy":"product_tag","embeddable":true,"href":"https:\/\/marketplace.petmobile.ca\/fr\/wp-json\/wp\/v2\/product_tag?post=89224"}],"curies":[{"name":"wp","href":"https:\/\/api.w.org\/{rel}","templated":true}]}}