{"id":91326,"date":"2025-08-12T12:40:35","date_gmt":"2025-08-12T17:40:35","guid":{"rendered":"https:\/\/marketplace.petmobile.ca\/?post_type=product&#038;p=91326"},"modified":"2025-08-12T12:50:25","modified_gmt":"2025-08-12T17:50:25","slug":"tendres-morceaux-de-poisson-de-mer-en-sauce-brio-nutrition-authentic-copy","status":"publish","type":"product","link":"https:\/\/marketplace.petmobile.ca\/fr\/produit\/tendres-morceaux-de-poisson-de-mer-en-sauce-brio-nutrition-authentic-copy\/","title":{"rendered":"Tendres morceaux de poulet en sauce | Brio Nutrition | Authentic"},"content":{"rendered":"<h1 class=\"text-2xl font-bold mt-1 text-text-100\">Un festin de poulet qui fera craquer tous les chiens<\/h1>\n<p class=\"whitespace-normal break-words\">Tu connais cette expression de pur bonheur que fait ton chien quand il sent quelque chose d\u2019absolument d\u00e9licieux ? C\u2019est exactement ce qui va se passer avec cette succulente recette au poulet ! Pr\u00e9par\u00e9e comme un vrai repas fait maison, chaque bouch\u00e9e est une explosion de saveurs.<\/p>\n<h2 class=\"text-xl font-bold text-text-100 mt-1 -mb-0.5\">Des ingr\u00e9dients naturels<\/h2>\n<p class=\"whitespace-normal break-words\">Notre\u00a0<strong>poulet<\/strong>\u00a0tendre et juteux forme la base de cette recette, offrant ces prot\u00e9ines de haute qualit\u00e9. Mijot\u00e9 dans un riche\u00a0<strong>bouillon de poulet<\/strong>\u00a0fait maison, chaque portion d\u00e9borde de cette saveur authentique qui fait saliver m\u00eame les chiens les plus difficiles.<\/p>\n<p class=\"whitespace-normal break-words\">Le\u00a0<strong>foie de porc<\/strong>, ce petit bijou nutritionnel, apporte une richesse incomparable en vitamines essentielles et ce go\u00fbt intense que les chiens trouvent absolument irr\u00e9sistible. Les\u00a0<strong>prot\u00e9ines de pois<\/strong>\u00a0compl\u00e8tent parfaitement l\u2019apport prot\u00e9ique pour une nutrition \u00e9quilibr\u00e9e.<\/p>\n<p class=\"whitespace-normal break-words\">Nos\u00a0<strong>pois<\/strong>\u00a0et\u00a0<strong>carottes<\/strong>\u00a0croquants ajoutent ces vitamines naturelles qui font toute la diff\u00e9rence. Le\u00a0<strong>riz<\/strong>\u00a0finalise cette recette en apportant une digestibilit\u00e9 parfaite.<\/p>\n<h2 class=\"text-xl font-bold text-text-100 mt-1 -mb-0.5\">Les avantages de la vraie viande dans l\u2019assiette<\/h2>\n<p class=\"whitespace-normal break-words\">En choisissant de nourrir ton chien avec du vrai poulet, tu lui donnes bien plus qu\u2019un simple repas :<\/p>\n<p class=\"whitespace-normal break-words\"><strong>Une source de prot\u00e9ines compl\u00e8tes<\/strong>\u00a0\u2013 Le poulet contient tous les acides amin\u00e9s essentiels dont ton chien a besoin pour maintenir ses muscles forts et son \u00e9nergie d\u00e9bordante.<\/p>\n<p class=\"whitespace-normal break-words\"><strong>Beau pelage<\/strong>\u00a0\u2013 Les acides gras naturels et les vitamines pr\u00e9sentes dans la vraie viande donnent cette brillance et cette douceur au poil !<\/p>\n<p class=\"whitespace-normal break-words\"><strong>Des d\u00e9fenses naturelles renforc\u00e9es<\/strong>\u00a0\u2013 Les nutriments authentiques soutiennent son syst\u00e8me immunitaire bien mieux que n\u2019importe quel compl\u00e9ment artificiel.<\/p>\n<p class=\"whitespace-normal break-words\"><strong>Le plaisir pur de manger<\/strong>\u00a0\u2013 Regarde-le savourer chaque bouch\u00e9e ! Cette satisfaction, c\u2019est exactement ce que m\u00e9rite ton fid\u00e8le ami.<\/p>\n<h2 class=\"text-xl font-bold text-text-100 mt-1 -mb-0.5\">L\u2019assurance d\u2019une qualit\u00e9 sans compromis<\/h2>\n<p class=\"whitespace-normal break-words\">Des ingr\u00e9dients que tu reconnais, pr\u00e9par\u00e9s avec le m\u00eame soin que tu mettrais \u00e0 cuisiner pour ta propre famille.<\/p>\n<p class=\"whitespace-normal break-words\">Parce que ton chien fait partie de la famille, il m\u00e9rite cette qualit\u00e9 \u00e0 chaque repas.<\/p>\n","protected":false},"excerpt":{"rendered":"<h1 class=\"text-2xl font-bold mt-1 text-text-100\">Un festin de poulet qui fera craquer tous les chiens<\/h1>\n<p class=\"whitespace-normal break-words\">Tu connais cette expression de pur bonheur que fait ton chien quand il sent quelque chose d\u2019absolument d\u00e9licieux ? C\u2019est exactement ce qui va se passer avec cette succulente recette au poulet ! Pr\u00e9par\u00e9e comme un vrai repas fait maison, chaque bouch\u00e9e est une explosion de saveurs.<\/p>\n","protected":false},"featured_media":91330,"comment_status":"closed","ping_status":"closed","template":"","meta":{"_acf_changed":false,"_themeisle_gutenberg_block_has_review":false},"product_brand":[],"product_cat":[1109,1110,1112],"product_tag":[3588,3587,3576,3585,3586,3584],"class_list":{"0":"post-91326","1":"product","2":"type-product","3":"status-publish","4":"has-post-thumbnail","6":"product_cat-nourriture-et-produits-pour-chien","7":"product_cat-chien-nourriture","8":"product_cat-chien-nourriture-humide","9":"product_tag-authentic-fr","10":"product_tag-brio-fr","11":"product_tag-chat","12":"product_tag-nourriture-humide-fr","13":"product_tag-nourriture-pour-chat-fr","14":"product_tag-poisson","15":"pa_format-caisse-12-x-369g","16":"pa_format-unite-1-x-369g","17":"has-subscription-plans","19":"first","20":"instock","21":"taxable","22":"shipping-taxable","23":"purchasable","24":"product-type-variable"},"acf":[],"_links":{"self":[{"href":"https:\/\/marketplace.petmobile.ca\/fr\/wp-json\/wp\/v2\/product\/91326","targetHints":{"allow":["GET"]}}],"collection":[{"href":"https:\/\/marketplace.petmobile.ca\/fr\/wp-json\/wp\/v2\/product"}],"about":[{"href":"https:\/\/marketplace.petmobile.ca\/fr\/wp-json\/wp\/v2\/types\/product"}],"replies":[{"embeddable":true,"href":"https:\/\/marketplace.petmobile.ca\/fr\/wp-json\/wp\/v2\/comments?post=91326"}],"wp:featuredmedia":[{"embeddable":true,"href":"https:\/\/marketplace.petmobile.ca\/fr\/wp-json\/wp\/v2\/media\/91330"}],"wp:attachment":[{"href":"https:\/\/marketplace.petmobile.ca\/fr\/wp-json\/wp\/v2\/media?parent=91326"}],"wp:term":[{"taxonomy":"product_brand","embeddable":true,"href":"https:\/\/marketplace.petmobile.ca\/fr\/wp-json\/wp\/v2\/product_brand?post=91326"},{"taxonomy":"product_cat","embeddable":true,"href":"https:\/\/marketplace.petmobile.ca\/fr\/wp-json\/wp\/v2\/product_cat?post=91326"},{"taxonomy":"product_tag","embeddable":true,"href":"https:\/\/marketplace.petmobile.ca\/fr\/wp-json\/wp\/v2\/product_tag?post=91326"}],"curies":[{"name":"wp","href":"https:\/\/api.w.org\/{rel}","templated":true}]}}