{"id":91336,"date":"2025-08-12T12:53:08","date_gmt":"2025-08-12T17:53:08","guid":{"rendered":"https:\/\/marketplace.petmobile.ca\/?post_type=product&#038;p=91336"},"modified":"2025-08-28T10:23:29","modified_gmt":"2025-08-28T15:23:29","slug":"tendres-morceaux-de-poulet-en-sauce-brio-nutrition-authentic-copy","status":"publish","type":"product","link":"https:\/\/marketplace.petmobile.ca\/fr\/produit\/tendres-morceaux-de-poulet-en-sauce-brio-nutrition-authentic-copy\/","title":{"rendered":"Tendres morceaux de boeuf en sauce | Brio Nutrition | Authentic"},"content":{"rendered":"<h1 class=\"text-2xl font-bold mt-1 text-text-100\">Une exp\u00e9rience WOW pour votre fid\u00e8le chien<\/h1>\n<p class=\"whitespace-normal break-words\">Imaginez l\u2019excitation de votre chien quand il go\u00fbtera cette d\u00e9licieuse nourriture humide au b\u0153uf ! Pr\u00e9par\u00e9e avec des ingr\u00e9dients de premi\u00e8re qualit\u00e9, chaque bouch\u00e9e est un v\u00e9ritable festin.<\/p>\n<h2 class=\"text-xl font-bold text-text-100 mt-1 -mb-0.5\">Des ingr\u00e9dients choisis avec soin<\/h2>\n<p class=\"whitespace-normal break-words\">Notre recette commence par un savoureux\u00a0<strong>bouillon de b\u0153uf<\/strong>\u00a0mijot\u00e9 lentement, qui donne \u00e0 chaque portion cette texture onctueuse et ce go\u00fbt authentique que les chiens adorent. Le\u00a0<b>b\u0153uf apporte<\/b>\u00a0des prot\u00e9ines nobles essentielles au maintien d\u2019une musculature forte et d\u2019une \u00e9nergie d\u00e9bordante.<\/p>\n<p class=\"whitespace-normal break-words\">Le\u00a0<strong>foie de porc<\/strong>, v\u00e9ritable tr\u00e9sor nutritionnel, enrichit la formule en vitamines A, B et fer, donnant \u00e0 votre compagnon ce pelage brillant et cette vitalit\u00e9. Nous avons \u00e9galement ajout\u00e9 des\u00a0<strong>prot\u00e9ines de pois, entre autres,<\/strong>\u00a0pour un apport nutritionnel complet et \u00e9quilibr\u00e9.<\/p>\n<h2 class=\"text-xl font-bold text-text-100 mt-1 -mb-0.5\">Pourquoi choisir la vraie viande pour votre chien ?<\/h2>\n<p class=\"whitespace-normal break-words\">Nos chiens m\u00e9ritent ce qu\u2019il y a de mieux ! En nourrissant ton chien avec de la vraie viande, tu lui offres :<\/p>\n<p class=\"whitespace-normal break-words\"><strong>Une digestion facilit\u00e9e<\/strong>\u00a0\u2013 Les prot\u00e9ines animales sont naturellement plus faciles \u00e0 assimiler pour nos amis canins, contrairement aux sous-produits ou aux c\u00e9r\u00e9ales de remplissage.<\/p>\n<p class=\"whitespace-normal break-words\"><strong>Une \u00e9nergie durable<\/strong>\u00a0\u2013 La vraie viande fournit des acides amin\u00e9s essentiels qui maintiennent ton chien actif et en pleine forme.<\/p>\n<p class=\"whitespace-normal break-words\"><strong>Un syst\u00e8me immunitaire\u00a0<\/strong>\u2013 Les vitamines et min\u00e9raux pr\u00e9sents naturellement dans la viande soutiennent les d\u00e9fenses naturelles de ton chien.<\/p>\n<p class=\"whitespace-normal break-words\"><strong>Une satisfaction gustative<\/strong>\u00a0\u2013 Regarde comme ses yeux brillent quand il sent cette d\u00e9licieuse odeur ! C\u2019est \u00e7a, le bonheur \u00e0 l\u2019\u00e9tat pur.<\/p>\n<h2 class=\"text-xl font-bold text-text-100 mt-1 -mb-0.5\">L\u2019engagement qualit\u00e9 qui fait la diff\u00e9rence<\/h2>\n<p class=\"whitespace-normal break-words\">Chaque portion est pr\u00e9par\u00e9e sans agents de conservation artificiels, sans colorants ni ar\u00f4mes synth\u00e9tiques. Juste de bons ingr\u00e9dients naturels, comme tu le ferais toi-m\u00eame dans ta cuisine.<\/p>\n","protected":false},"excerpt":{"rendered":"<h1 class=\"text-2xl font-bold mt-1 text-text-100\">Une exp\u00e9rience WOW pour votre fid\u00e8le chien<\/h1>\n<p class=\"whitespace-normal break-words\">Imaginez l\u2019excitation de votre chien quand il go\u00fbtera cette d\u00e9licieuse nourriture humide au b\u0153uf ! Pr\u00e9par\u00e9e avec des ingr\u00e9dients de premi\u00e8re qualit\u00e9, chaque bouch\u00e9e est un v\u00e9ritable festin.<\/p>\n","protected":false},"featured_media":91340,"comment_status":"closed","ping_status":"closed","template":"","meta":{"_acf_changed":false,"_themeisle_gutenberg_block_has_review":false},"product_brand":[],"product_cat":[1109,1110,1112],"product_tag":[3588,3587,3576,3575,3577],"class_list":{"0":"post-91336","1":"product","2":"type-product","3":"status-publish","4":"has-post-thumbnail","6":"product_cat-nourriture-et-produits-pour-chien","7":"product_cat-chien-nourriture","8":"product_cat-chien-nourriture-humide","9":"product_tag-authentic-fr","10":"product_tag-brio-fr","11":"product_tag-chat","12":"product_tag-nourriture-humide","13":"product_tag-nourriture-pour-chat","14":"pa_format-caisse-12-x-369g","15":"pa_format-unite-1-x-369g","16":"has-subscription-plans","18":"first","19":"instock","20":"taxable","21":"shipping-taxable","22":"purchasable","23":"product-type-variable"},"acf":[],"_links":{"self":[{"href":"https:\/\/marketplace.petmobile.ca\/fr\/wp-json\/wp\/v2\/product\/91336","targetHints":{"allow":["GET"]}}],"collection":[{"href":"https:\/\/marketplace.petmobile.ca\/fr\/wp-json\/wp\/v2\/product"}],"about":[{"href":"https:\/\/marketplace.petmobile.ca\/fr\/wp-json\/wp\/v2\/types\/product"}],"replies":[{"embeddable":true,"href":"https:\/\/marketplace.petmobile.ca\/fr\/wp-json\/wp\/v2\/comments?post=91336"}],"wp:featuredmedia":[{"embeddable":true,"href":"https:\/\/marketplace.petmobile.ca\/fr\/wp-json\/wp\/v2\/media\/91340"}],"wp:attachment":[{"href":"https:\/\/marketplace.petmobile.ca\/fr\/wp-json\/wp\/v2\/media?parent=91336"}],"wp:term":[{"taxonomy":"product_brand","embeddable":true,"href":"https:\/\/marketplace.petmobile.ca\/fr\/wp-json\/wp\/v2\/product_brand?post=91336"},{"taxonomy":"product_cat","embeddable":true,"href":"https:\/\/marketplace.petmobile.ca\/fr\/wp-json\/wp\/v2\/product_cat?post=91336"},{"taxonomy":"product_tag","embeddable":true,"href":"https:\/\/marketplace.petmobile.ca\/fr\/wp-json\/wp\/v2\/product_tag?post=91336"}],"curies":[{"name":"wp","href":"https:\/\/api.w.org\/{rel}","templated":true}]}}