{"id":92059,"date":"2025-08-28T10:34:03","date_gmt":"2025-08-28T15:34:03","guid":{"rendered":"https:\/\/marketplace.petmobile.ca\/product\/pate-de-poulet-et-de-poisson-de-mer-brio-nutrition-authentic\/"},"modified":"2025-08-28T10:34:03","modified_gmt":"2025-08-28T15:34:03","slug":"pate-de-poulet-et-de-poisson-de-mer-brio-nutrition-authentic","status":"publish","type":"product","link":"https:\/\/marketplace.petmobile.ca\/fr\/produit\/pate-de-poulet-et-de-poisson-de-mer-brio-nutrition-authentic\/","title":{"rendered":"P\u00e2t\u00e9 de poulet et de poisson de mer | Brio Nutrition | Authentic"},"content":{"rendered":"<h1 class=\"text-2xl font-bold mt-1 text-text-100\">Un duo terre et mer qui fera ronronner ton f\u00e9lin !<\/h1>\n<p class=\"whitespace-normal break-words\">Tu connais ce regard intense que te lance ton chat quand il sent quelque chose d\u2019absolument d\u00e9licieux ? Un mariage parfait entre la tendresse du\u00a0<strong>poulet<\/strong>\u00a0et la richesse du\u00a0<strong>poisson de mer.<\/strong><\/p>\n<h2 class=\"text-xl font-bold text-text-100 mt-1 -mb-0.5\">Un m\u00e9lange de saveurs pens\u00e9 pour les vrais connaisseurs<\/h2>\n<p class=\"whitespace-normal break-words\">Le\u00a0<strong>poulet<\/strong>\u00a0juteux apporte cette base prot\u00e9ique famili\u00e8re que tous les f\u00e9lins adorent, tandis que le\u00a0<strong>poisson de mer<\/strong>\u00a0ajoute cette note marine qui \u00e9veille leurs instincts de chasseur. Le tout mijot\u00e9 dans un\u00a0<strong>bouillon de poulet<\/strong>\u00a0savoureux qui donne cette texture onctueuse parfaite.<\/p>\n<p class=\"whitespace-normal break-words\">Les\u00a0<strong>prot\u00e9ines de pois<\/strong>\u00a0compl\u00e8tent cet apport nutritionnel. Le\u00a0<strong>riz\u00a0<\/strong>facilite la digestion, tandis que les\u00a0<strong>fibres de pois<\/strong>\u00a0soutiennent un transit intestinal optimal.<\/p>\n<p class=\"whitespace-normal break-words\">La\u00a0<strong>taurine<\/strong>\u00a0\u2013 cet acide amin\u00e9 essentiel \u2013 prot\u00e8ge leur c\u0153ur et leur vision avec un soin tout particulier.<\/p>\n<h2 class=\"text-xl font-bold text-text-100 mt-1 -mb-0.5\">Pourquoi la vraie viande et le vrai poisson font toute la diff\u00e9rence<\/h2>\n<p class=\"whitespace-normal break-words\">En choisissant cette nutrition authentique pour ton chat, tu lui offres bien plus qu\u2019un simple repas :<\/p>\n<p class=\"whitespace-normal break-words\"><strong>Des prot\u00e9ines compl\u00e8tes et nobles<\/strong>\u00a0\u2013 Le duo poulet-poisson fournit tous les acides amin\u00e9s essentiels dont ton chat a besoin pour maintenir sa musculature et sa vitalit\u00e9.<\/p>\n<p class=\"whitespace-normal break-words\"><strong>Une hydratation naturelle<\/strong>\u00a0\u2013 Cette texture humide encourage ton chat \u00e0 s\u2019hydrater davantage, essentiel pour ses reins et son bien-\u00eatre g\u00e9n\u00e9ral.<\/p>\n<p class=\"whitespace-normal break-words\"><strong>Des sens aiguis\u00e9s<\/strong>\u00a0\u2013 Les om\u00e9ga-3 du poisson soutiennent ses capacit\u00e9s cognitives, gardant ton chasseur domestique alerte et curieux.<\/p>\n<h2 class=\"text-xl font-bold text-text-100 mt-1 -mb-0.5\">L\u2019excellence f\u00e9line \u00e0 chaque bouch\u00e9e<\/h2>\n<p class=\"whitespace-normal break-words\">Pas de sous-produits myst\u00e9rieux ou d\u2019additifs artificiels ! Juste des ingr\u00e9dients purs que tu reconnais, pr\u00e9par\u00e9s avec le respect que m\u00e9rite ton compagnon f\u00e9lin.<\/p>\n","protected":false},"excerpt":{"rendered":"<p>Un duo terre et mer qui fera ronronner ton f\u00e9lin ! Tu connais ce regard intense que te lance ton<\/p>\n","protected":false},"featured_media":92056,"comment_status":"closed","ping_status":"closed","template":"","meta":{"_acf_changed":false,"_themeisle_gutenberg_block_has_review":false},"product_brand":[],"product_cat":[1092,1093,1095],"product_tag":[3587,3574,3575,3593,3577],"class_list":{"0":"post-92059","1":"product","2":"type-product","3":"status-publish","4":"has-post-thumbnail","6":"product_cat-produits-pour-chat","7":"product_cat-chat-nourriture","8":"product_cat-chat-nourriture-humide","9":"product_tag-brio-fr","10":"product_tag-brio-nutrition-fr","11":"product_tag-nourriture-humide","12":"product_tag-nourriture-pour-animaux-chat","13":"product_tag-nourriture-pour-chat","14":"pa_format-caisse-24-x-156g","15":"pa_format-unite-1-x-156g","16":"has-subscription-plans","18":"first","19":"instock","20":"taxable","21":"shipping-taxable","22":"purchasable","23":"product-type-variable"},"acf":[],"_links":{"self":[{"href":"https:\/\/marketplace.petmobile.ca\/fr\/wp-json\/wp\/v2\/product\/92059","targetHints":{"allow":["GET"]}}],"collection":[{"href":"https:\/\/marketplace.petmobile.ca\/fr\/wp-json\/wp\/v2\/product"}],"about":[{"href":"https:\/\/marketplace.petmobile.ca\/fr\/wp-json\/wp\/v2\/types\/product"}],"replies":[{"embeddable":true,"href":"https:\/\/marketplace.petmobile.ca\/fr\/wp-json\/wp\/v2\/comments?post=92059"}],"wp:featuredmedia":[{"embeddable":true,"href":"https:\/\/marketplace.petmobile.ca\/fr\/wp-json\/wp\/v2\/media\/92056"}],"wp:attachment":[{"href":"https:\/\/marketplace.petmobile.ca\/fr\/wp-json\/wp\/v2\/media?parent=92059"}],"wp:term":[{"taxonomy":"product_brand","embeddable":true,"href":"https:\/\/marketplace.petmobile.ca\/fr\/wp-json\/wp\/v2\/product_brand?post=92059"},{"taxonomy":"product_cat","embeddable":true,"href":"https:\/\/marketplace.petmobile.ca\/fr\/wp-json\/wp\/v2\/product_cat?post=92059"},{"taxonomy":"product_tag","embeddable":true,"href":"https:\/\/marketplace.petmobile.ca\/fr\/wp-json\/wp\/v2\/product_tag?post=92059"}],"curies":[{"name":"wp","href":"https:\/\/api.w.org\/{rel}","templated":true}]}}