{"id":92183,"date":"2025-09-03T10:28:10","date_gmt":"2025-09-03T15:28:10","guid":{"rendered":"https:\/\/marketplace.petmobile.ca\/product\/wahl-housse-de-siege-dauto-2-en-1-banquette-style-hamac\/"},"modified":"2025-09-03T10:28:10","modified_gmt":"2025-09-03T15:28:10","slug":"wahl-housse-de-siege-dauto-2-en-1-banquette-style-hamac","status":"publish","type":"product","link":"https:\/\/marketplace.petmobile.ca\/fr\/produit\/wahl-housse-de-siege-dauto-2-en-1-banquette-style-hamac\/","title":{"rendered":"WAHL Housse de si\u00e8ge d&rsquo;auto 2 en 1 banquette + style hamac"},"content":{"rendered":"<div class=\"mb3\">\n<div class=\"dangerous-html mb3\">Pour moins de travail et plus de plaisir pendant le voyage, gardez votre voiture exempte de poils, de salet\u00e9, d&rsquo;\u00e9gratignures et d&rsquo;humidit\u00e9 avec la housse de si\u00e8ge d&rsquo;auto Wahl. Cette housse convertible 2-en-1 pour si\u00e8ge arri\u00e8re peut \u00eatre utilis\u00e9e comme une banquette standard ou convertie en style hamac pour une meilleure protection de votre voiture et de votre animal.<\/div>\n<\/div>\n<div class=\"mb3\">\n<div class=\"dangerous-html mb3\">\u2022Garde les poils et la salet\u00e9 \u00e0 l&rsquo;\u00e9cart des si\u00e8ges de voiture et prot\u00e8ge des \u00e9gratignures<br \/>\n\u2022La banquette standard peut \u00eatre convertie en style hamac pour emp\u00eacher votre chien de tomber entre les si\u00e8ges<br \/>\n\u2022Installation rapide et facile<br \/>\n\u2022Mat\u00e9riau durable r\u00e9sistant \u00e0 l&rsquo;eau et aux t\u00e2ches<br \/>\n\u2022Facile \u00e0 nettoyer &#8211; essuyez simplement avec un linge humide<br \/>\n\u2022R\u00e9glable pour s&rsquo;ajuster \u00e0 la plupart des voitures, VUS et des fourgonnettes (s&rsquo;ajuste aux v\u00e9hicules avec 4 appuie-t\u00eates)<br \/>\n\u2022Sangles peuvent \u00eatre fix\u00e9s par-dessus l&rsquo;appuie-t\u00eate<br \/>\n\u2022Ouvertures \u00e0 Velcro pour les ceintures de s\u00e9curit\u00e9<br \/>\n\u2022Fermeture \u00e9clair de s\u00e9paration permet \u00e0 un passager de partager la banquette arri\u00e8re<br \/>\n\u2022Pochette pratique pour ranger les jouets et accessoires<br \/>\n\u2022Mat\u00e9riau polyester avec rev\u00eatement en PVC<\/div>\n<\/div>\n","protected":false},"excerpt":{"rendered":"<p>Pour moins de travail et plus de plaisir pendant le voyage, gardez votre voiture exempte de poils, de salet\u00e9, d&rsquo;\u00e9gratignures<\/p>\n","protected":false},"featured_media":92182,"comment_status":"closed","ping_status":"closed","template":"","meta":{"_acf_changed":false,"_themeisle_gutenberg_block_has_review":false},"product_brand":[],"product_cat":[1117,1109,1121],"product_tag":[],"class_list":{"0":"post-92183","1":"product","2":"type-product","3":"status-publish","4":"has-post-thumbnail","6":"product_cat-chien-accessoires","7":"product_cat-nourriture-et-produits-pour-chien","8":"product_cat-chien-accessoires-coussins-et-lits","9":"has-subscription-plans","11":"first","12":"instock","13":"taxable","14":"shipping-taxable","15":"purchasable","16":"product-type-simple"},"acf":[],"_links":{"self":[{"href":"https:\/\/marketplace.petmobile.ca\/fr\/wp-json\/wp\/v2\/product\/92183","targetHints":{"allow":["GET"]}}],"collection":[{"href":"https:\/\/marketplace.petmobile.ca\/fr\/wp-json\/wp\/v2\/product"}],"about":[{"href":"https:\/\/marketplace.petmobile.ca\/fr\/wp-json\/wp\/v2\/types\/product"}],"replies":[{"embeddable":true,"href":"https:\/\/marketplace.petmobile.ca\/fr\/wp-json\/wp\/v2\/comments?post=92183"}],"wp:featuredmedia":[{"embeddable":true,"href":"https:\/\/marketplace.petmobile.ca\/fr\/wp-json\/wp\/v2\/media\/92182"}],"wp:attachment":[{"href":"https:\/\/marketplace.petmobile.ca\/fr\/wp-json\/wp\/v2\/media?parent=92183"}],"wp:term":[{"taxonomy":"product_brand","embeddable":true,"href":"https:\/\/marketplace.petmobile.ca\/fr\/wp-json\/wp\/v2\/product_brand?post=92183"},{"taxonomy":"product_cat","embeddable":true,"href":"https:\/\/marketplace.petmobile.ca\/fr\/wp-json\/wp\/v2\/product_cat?post=92183"},{"taxonomy":"product_tag","embeddable":true,"href":"https:\/\/marketplace.petmobile.ca\/fr\/wp-json\/wp\/v2\/product_tag?post=92183"}],"curies":[{"name":"wp","href":"https:\/\/api.w.org\/{rel}","templated":true}]}}