{"id":92188,"date":"2025-09-03T10:40:31","date_gmt":"2025-09-03T15:40:31","guid":{"rendered":"https:\/\/marketplace.petmobile.ca\/product\/catfisher-titilleurs-pour-chat\/"},"modified":"2025-09-03T10:40:31","modified_gmt":"2025-09-03T15:40:31","slug":"catfisher-titilleurs-pour-chat","status":"publish","type":"product","link":"https:\/\/marketplace.petmobile.ca\/fr\/produit\/catfisher-titilleurs-pour-chat\/","title":{"rendered":"CatFisher Titilleurs pour chat"},"content":{"rendered":"<p>Le jouet Catfisher\u00ae Teasers Tadpole Wand est id\u00e9al pour des jeux interactifs, ce qui aide \u00e0 renforcer le lien entre vous et votre chat. Le pendentif \u00e0 l&rsquo;extr\u00e9mit\u00e9 du Catfisher Teasers Tadpole Wand est en peluche et contient de l&rsquo;herbe \u00e0 chat Zoom Around the Room\u00ae cultiv\u00e9e de mani\u00e8re biologique aux \u00c9tats-Unis.<\/p>\n","protected":false},"excerpt":{"rendered":"<p>Le jouet Catfisher\u00ae Teasers Tadpole Wand est id\u00e9al pour des jeux interactifs, ce qui aide \u00e0 renforcer le lien entre<\/p>\n","protected":false},"featured_media":92187,"comment_status":"closed","ping_status":"closed","template":"","meta":{"_acf_changed":false,"_themeisle_gutenberg_block_has_review":false},"product_brand":[],"product_cat":[15],"product_tag":[],"class_list":{"0":"post-92188","1":"product","2":"type-product","3":"status-publish","4":"has-post-thumbnail","6":"product_cat-produits","7":"has-subscription-plans","9":"first","10":"outofstock","11":"taxable","12":"shipping-taxable","13":"purchasable","14":"product-type-simple"},"acf":[],"_links":{"self":[{"href":"https:\/\/marketplace.petmobile.ca\/fr\/wp-json\/wp\/v2\/product\/92188","targetHints":{"allow":["GET"]}}],"collection":[{"href":"https:\/\/marketplace.petmobile.ca\/fr\/wp-json\/wp\/v2\/product"}],"about":[{"href":"https:\/\/marketplace.petmobile.ca\/fr\/wp-json\/wp\/v2\/types\/product"}],"replies":[{"embeddable":true,"href":"https:\/\/marketplace.petmobile.ca\/fr\/wp-json\/wp\/v2\/comments?post=92188"}],"wp:featuredmedia":[{"embeddable":true,"href":"https:\/\/marketplace.petmobile.ca\/fr\/wp-json\/wp\/v2\/media\/92187"}],"wp:attachment":[{"href":"https:\/\/marketplace.petmobile.ca\/fr\/wp-json\/wp\/v2\/media?parent=92188"}],"wp:term":[{"taxonomy":"product_brand","embeddable":true,"href":"https:\/\/marketplace.petmobile.ca\/fr\/wp-json\/wp\/v2\/product_brand?post=92188"},{"taxonomy":"product_cat","embeddable":true,"href":"https:\/\/marketplace.petmobile.ca\/fr\/wp-json\/wp\/v2\/product_cat?post=92188"},{"taxonomy":"product_tag","embeddable":true,"href":"https:\/\/marketplace.petmobile.ca\/fr\/wp-json\/wp\/v2\/product_tag?post=92188"}],"curies":[{"name":"wp","href":"https:\/\/api.w.org\/{rel}","templated":true}]}}