{"id":92193,"date":"2025-09-03T10:49:19","date_gmt":"2025-09-03T15:49:19","guid":{"rendered":"https:\/\/marketplace.petmobile.ca\/product\/jw-hol-ee-roller\/"},"modified":"2025-09-03T10:49:19","modified_gmt":"2025-09-03T15:49:19","slug":"jw-hol-ee-roller","status":"publish","type":"product","link":"https:\/\/marketplace.petmobile.ca\/fr\/produit\/jw-hol-ee-roller\/","title":{"rendered":"JW HOL-EE Roller"},"content":{"rendered":"<p>Hol-EE Roller est un jouet amusant et polyvalent pour chien avec la durabilit\u00e9 que vous recherchez. Le caoutchouc lui donne force, rebond et une texture douce. Le design ouvert unique vous permet de ranger de petites friandises ou croquettes \u00e0 l&rsquo;int\u00e9rieur pour des heures de divertissement pour votre chien.<\/p>\n<p>Il s&rsquo;agit du jouet pour chien le plus vendu dans la ligne. Non toxique, durable, caoutchouc et super extensible : Un jouet multifonction pour chien. C&rsquo;est une fantastique boule de friandise, merveilleuse aide \u00e0 l&rsquo;entra\u00eenement, excellente pour chercher, lancer et remorquer, m\u00e2cher et faire des dents.<\/p>\n","protected":false},"excerpt":{"rendered":"<p>Hol-EE Roller est un jouet amusant et polyvalent pour chien avec la durabilit\u00e9 que vous recherchez. Le caoutchouc lui donne<\/p>\n","protected":false},"featured_media":92192,"comment_status":"closed","ping_status":"closed","template":"","meta":{"_acf_changed":false,"_themeisle_gutenberg_block_has_review":false},"product_brand":[],"product_cat":[1117,1109,2831],"product_tag":[],"class_list":{"0":"post-92193","1":"product","2":"type-product","3":"status-publish","4":"has-post-thumbnail","6":"product_cat-chien-accessoires","7":"product_cat-nourriture-et-produits-pour-chien","8":"product_cat-jouets","9":"has-subscription-plans","11":"first","12":"outofstock","13":"taxable","14":"shipping-taxable","15":"purchasable","16":"product-type-simple"},"acf":[],"_links":{"self":[{"href":"https:\/\/marketplace.petmobile.ca\/fr\/wp-json\/wp\/v2\/product\/92193","targetHints":{"allow":["GET"]}}],"collection":[{"href":"https:\/\/marketplace.petmobile.ca\/fr\/wp-json\/wp\/v2\/product"}],"about":[{"href":"https:\/\/marketplace.petmobile.ca\/fr\/wp-json\/wp\/v2\/types\/product"}],"replies":[{"embeddable":true,"href":"https:\/\/marketplace.petmobile.ca\/fr\/wp-json\/wp\/v2\/comments?post=92193"}],"wp:featuredmedia":[{"embeddable":true,"href":"https:\/\/marketplace.petmobile.ca\/fr\/wp-json\/wp\/v2\/media\/92192"}],"wp:attachment":[{"href":"https:\/\/marketplace.petmobile.ca\/fr\/wp-json\/wp\/v2\/media?parent=92193"}],"wp:term":[{"taxonomy":"product_brand","embeddable":true,"href":"https:\/\/marketplace.petmobile.ca\/fr\/wp-json\/wp\/v2\/product_brand?post=92193"},{"taxonomy":"product_cat","embeddable":true,"href":"https:\/\/marketplace.petmobile.ca\/fr\/wp-json\/wp\/v2\/product_cat?post=92193"},{"taxonomy":"product_tag","embeddable":true,"href":"https:\/\/marketplace.petmobile.ca\/fr\/wp-json\/wp\/v2\/product_tag?post=92193"}],"curies":[{"name":"wp","href":"https:\/\/api.w.org\/{rel}","templated":true}]}}