{"id":92202,"date":"2025-09-03T11:06:37","date_gmt":"2025-09-03T16:06:37","guid":{"rendered":"https:\/\/marketplace.petmobile.ca\/product\/jouet-puzzle-a-friandises-interactif-pour-chien-en-brique\/"},"modified":"2025-09-03T11:06:37","modified_gmt":"2025-09-03T16:06:37","slug":"jouet-puzzle-a-friandises-interactif-pour-chien-en-brique","status":"publish","type":"product","link":"https:\/\/marketplace.petmobile.ca\/fr\/produit\/jouet-puzzle-a-friandises-interactif-pour-chien-en-brique\/","title":{"rendered":"Jouet puzzle \u00e0 friandises interactif pour chien en brique"},"content":{"rendered":"<ul>\n<li class=\"a-spacing-mini\"><span class=\"a-list-item\">Jouet chasseur d\u2019ennui interactif pour chien\u00a0: En tant que l\u2019un de nos mod\u00e8les interm\u00e9diaires les plus populaires de niveau\u00a02, le puzzle interactif Dog Brick comprend des obstacles suppl\u00e9mentaires et des combinaisons de marches qui permettront \u00e0 votre chien de rester concentr\u00e9 et mentalement stimul\u00e9 pendant qu\u2019il cherche et renifle les d\u00e9licieuses friandises. <\/span><\/li>\n<li class=\"a-spacing-mini\"><span class=\"a-list-item\"> Retournez, soulevez et faites glisser pour cacher les friandises\u00a0: Nina Ottosson Dog Brick est livr\u00e9e avec 3\u00a0types de compartiments pour cacher les friandises pour tester les comp\u00e9tences de votre ami \u00e0 fourrure. Les compartiments \u00e0 couvercle rabattable s\u2019ouvrent et glissent pour r\u00e9v\u00e9ler deux cachettes s\u00e9par\u00e9es tandis que les os de briques amovibles dissimulent les troisi\u00e8me compartiments cach\u00e9s dans ce jouet pour chien. <\/span><\/li>\n<li class=\"a-spacing-mini\"><span class=\"a-list-item\"> Encourage les habitudes de jeu positives\u00a0: Ce puzzle amusant et gratifiant est excellent pour r\u00e9duire le comportement anxieux du chien et rediriger les comportements destructeurs. <\/span><\/li>\n<li class=\"a-spacing-mini\"><span class=\"a-list-item\"> Sans BPA, PVC et phtalate. Les puzzles interactifs \u00e0 friandises pour chien Nina Ottosson de Outward Hound sont con\u00e7us en pensant \u00e0 la sant\u00e9 de votre animal de compagnie \u00e0 partir de mat\u00e9riaux de qualit\u00e9 alimentaire auxquels vous pouvez faire confiance avec votre chien. Facile \u00e0 nettoyer avec de l\u2019eau chaude et du savon entre les utilisations.<\/span><\/li>\n<\/ul>\n","protected":false},"excerpt":{"rendered":"<p>Jouet chasseur d\u2019ennui interactif pour chien\u00a0: En tant que l\u2019un de nos mod\u00e8les interm\u00e9diaires les plus populaires de niveau\u00a02, le<\/p>\n","protected":false},"featured_media":92201,"comment_status":"closed","ping_status":"closed","template":"","meta":{"_acf_changed":false,"_themeisle_gutenberg_block_has_review":false},"product_brand":[],"product_cat":[1117,1109,2831],"product_tag":[],"class_list":{"0":"post-92202","1":"product","2":"type-product","3":"status-publish","4":"has-post-thumbnail","6":"product_cat-chien-accessoires","7":"product_cat-nourriture-et-produits-pour-chien","8":"product_cat-jouets","9":"has-subscription-plans","11":"first","12":"instock","13":"taxable","14":"shipping-taxable","15":"purchasable","16":"product-type-simple"},"acf":[],"_links":{"self":[{"href":"https:\/\/marketplace.petmobile.ca\/fr\/wp-json\/wp\/v2\/product\/92202","targetHints":{"allow":["GET"]}}],"collection":[{"href":"https:\/\/marketplace.petmobile.ca\/fr\/wp-json\/wp\/v2\/product"}],"about":[{"href":"https:\/\/marketplace.petmobile.ca\/fr\/wp-json\/wp\/v2\/types\/product"}],"replies":[{"embeddable":true,"href":"https:\/\/marketplace.petmobile.ca\/fr\/wp-json\/wp\/v2\/comments?post=92202"}],"wp:featuredmedia":[{"embeddable":true,"href":"https:\/\/marketplace.petmobile.ca\/fr\/wp-json\/wp\/v2\/media\/92201"}],"wp:attachment":[{"href":"https:\/\/marketplace.petmobile.ca\/fr\/wp-json\/wp\/v2\/media?parent=92202"}],"wp:term":[{"taxonomy":"product_brand","embeddable":true,"href":"https:\/\/marketplace.petmobile.ca\/fr\/wp-json\/wp\/v2\/product_brand?post=92202"},{"taxonomy":"product_cat","embeddable":true,"href":"https:\/\/marketplace.petmobile.ca\/fr\/wp-json\/wp\/v2\/product_cat?post=92202"},{"taxonomy":"product_tag","embeddable":true,"href":"https:\/\/marketplace.petmobile.ca\/fr\/wp-json\/wp\/v2\/product_tag?post=92202"}],"curies":[{"name":"wp","href":"https:\/\/api.w.org\/{rel}","templated":true}]}}