{"id":92207,"date":"2025-09-03T11:19:41","date_gmt":"2025-09-03T16:19:41","guid":{"rendered":"https:\/\/marketplace.petmobile.ca\/product\/dog-smart-jeu-interactif-casse-tete\/"},"modified":"2025-09-03T11:19:41","modified_gmt":"2025-09-03T16:19:41","slug":"dog-smart-jeu-interactif-casse-tete","status":"publish","type":"product","link":"https:\/\/marketplace.petmobile.ca\/fr\/produit\/dog-smart-jeu-interactif-casse-tete\/","title":{"rendered":"Dog Smart Jeu Interactif Casse-t\u00eate"},"content":{"rendered":"<p><span class=\"Y2IQFc\" lang=\"fr\">Le puzzle interactif pour chien Nina Ottosson d&rsquo;Outward Hound Dog Smart est une fa\u00e7on amusante d&rsquo;enthousiasmer votre chien pour les jeux de r\u00e9solution de probl\u00e8mes\u00a0! Ce jouet puzzle pour chien de niveau 1 comprend neuf compartiments cacheurs de friandises qui peuvent \u00eatre remplis des friandises pr\u00e9f\u00e9r\u00e9es de votre chiot et recouverts de neuf os de chien qui lib\u00e8rent le d\u00e9licieux parfum des friandises \u00e0 travers le trou sup\u00e9rieur. Placez-le sur le sol et regardez votre chien utiliser sa caboche pendant qu&rsquo;il patte et pousse les os pour d\u00e9couvrir les r\u00e9compenses cach\u00e9es ! Vous pouvez \u00e9galement varier le niveau de difficult\u00e9 en pla\u00e7ant les os \u00e0 plat ou en les inclinant vers le haut au-dessus des compartiments cach\u00e9s. Fabriqu\u00e9 \u00e0 partir de mat\u00e9riaux composites de qualit\u00e9 alimentaire sans BPA, PVC et phtalates. Se nettoie facilement avec de l&rsquo;eau ti\u00e8de et du savon doux.<\/span><\/p>\n","protected":false},"excerpt":{"rendered":"<p>Le puzzle interactif pour chien Nina Ottosson d&rsquo;Outward Hound Dog Smart est une fa\u00e7on amusante d&rsquo;enthousiasmer votre chien pour les<\/p>\n","protected":false},"featured_media":92206,"comment_status":"closed","ping_status":"closed","template":"","meta":{"_acf_changed":false,"_themeisle_gutenberg_block_has_review":false},"product_brand":[],"product_cat":[1117,1109,2831],"product_tag":[],"class_list":{"0":"post-92207","1":"product","2":"type-product","3":"status-publish","4":"has-post-thumbnail","6":"product_cat-chien-accessoires","7":"product_cat-nourriture-et-produits-pour-chien","8":"product_cat-jouets","9":"has-subscription-plans","11":"first","12":"instock","13":"taxable","14":"shipping-taxable","15":"purchasable","16":"product-type-simple"},"acf":[],"_links":{"self":[{"href":"https:\/\/marketplace.petmobile.ca\/fr\/wp-json\/wp\/v2\/product\/92207","targetHints":{"allow":["GET"]}}],"collection":[{"href":"https:\/\/marketplace.petmobile.ca\/fr\/wp-json\/wp\/v2\/product"}],"about":[{"href":"https:\/\/marketplace.petmobile.ca\/fr\/wp-json\/wp\/v2\/types\/product"}],"replies":[{"embeddable":true,"href":"https:\/\/marketplace.petmobile.ca\/fr\/wp-json\/wp\/v2\/comments?post=92207"}],"wp:featuredmedia":[{"embeddable":true,"href":"https:\/\/marketplace.petmobile.ca\/fr\/wp-json\/wp\/v2\/media\/92206"}],"wp:attachment":[{"href":"https:\/\/marketplace.petmobile.ca\/fr\/wp-json\/wp\/v2\/media?parent=92207"}],"wp:term":[{"taxonomy":"product_brand","embeddable":true,"href":"https:\/\/marketplace.petmobile.ca\/fr\/wp-json\/wp\/v2\/product_brand?post=92207"},{"taxonomy":"product_cat","embeddable":true,"href":"https:\/\/marketplace.petmobile.ca\/fr\/wp-json\/wp\/v2\/product_cat?post=92207"},{"taxonomy":"product_tag","embeddable":true,"href":"https:\/\/marketplace.petmobile.ca\/fr\/wp-json\/wp\/v2\/product_tag?post=92207"}],"curies":[{"name":"wp","href":"https:\/\/api.w.org\/{rel}","templated":true}]}}