{"id":92211,"date":"2025-09-03T11:27:33","date_gmt":"2025-09-03T16:27:33","guid":{"rendered":"https:\/\/marketplace.petmobile.ca\/product\/kit-de-nettoyage-dentaire-3-pieces\/"},"modified":"2025-09-03T11:27:33","modified_gmt":"2025-09-03T16:27:33","slug":"kit-de-nettoyage-dentaire-3-pieces","status":"publish","type":"product","link":"https:\/\/marketplace.petmobile.ca\/fr\/produit\/kit-de-nettoyage-dentaire-3-pieces\/","title":{"rendered":"Kit de nettoyage dentaire 3 pi\u00e8ces"},"content":{"rendered":"<div class=\"css-yjm7z1 e1mpbtcv5\" data-automation=\"long-description\">Tout comme chez les humains, les soins dentaires sont une partie importante de la sant\u00e9 globale de votre animal.\u00a0Commencez t\u00f4t (8 \u00e0 12 semaines)<br \/>\npour que le brossage fasse partie de la routine de votre animal.\u00a0Vous pouvez arr\u00eater le brossage lorsque votre animal perd ses dents de lait (la bouche peut \u00eatre un peu douloureuse) et reprendre lorsque les dents permanentes sont en place. Pour une meilleure hygi\u00e8ne dentaire, brossez les dents de votre animal une fois par jour.\u00a0Essayez de vous brosser les dents \u00e0 la m\u00eame heure tous les jours et r\u00e9compensez-les avec une friandise comme renforcement positif.\u00a0Soyez patient et amusez-vous.<\/div>\n<div class=\"css-msbfe9 e1mpbtcv6\" data-automation=\"feature-specifications\">Le kit comprend\u00a0:<br \/>\n\u2022 Tube de dentifrice de 90\u00a0g &#8211; formule \u00e9prouv\u00e9e au bon go\u00fbt de vanille que votre animal de compagnie adorera<br \/>\n\u2022 Brosse \u00e0 dents \u00e0 double t\u00eate avec poils souples &#8211; t\u00eate r\u00e9guli\u00e8re et petite<br \/>\n\u2022 Brosse \u00e0 dents facile \u00e0 tenir avec des poils en caoutchouc doux pour les gencives.\u00a0Offre plus de contr\u00f4le et est parfait pour l&rsquo;entra\u00eenement des chiots.<\/div>\n","protected":false},"excerpt":{"rendered":"<p>Tout comme chez les humains, les soins dentaires sont une partie importante de la sant\u00e9 globale de votre animal.\u00a0Commencez t\u00f4t<\/p>\n","protected":false},"featured_media":92210,"comment_status":"closed","ping_status":"closed","template":"","meta":{"_acf_changed":false,"_themeisle_gutenberg_block_has_review":false},"product_brand":[],"product_cat":[2301,1109,1122],"product_tag":[],"class_list":{"0":"post-92211","1":"product","2":"type-product","3":"status-publish","4":"has-post-thumbnail","6":"product_cat-chien-proprete-brossesetaccesoires","7":"product_cat-nourriture-et-produits-pour-chien","8":"product_cat-chien-proprete","9":"has-subscription-plans","11":"first","12":"instock","13":"taxable","14":"shipping-taxable","15":"purchasable","16":"product-type-simple"},"acf":[],"_links":{"self":[{"href":"https:\/\/marketplace.petmobile.ca\/fr\/wp-json\/wp\/v2\/product\/92211","targetHints":{"allow":["GET"]}}],"collection":[{"href":"https:\/\/marketplace.petmobile.ca\/fr\/wp-json\/wp\/v2\/product"}],"about":[{"href":"https:\/\/marketplace.petmobile.ca\/fr\/wp-json\/wp\/v2\/types\/product"}],"replies":[{"embeddable":true,"href":"https:\/\/marketplace.petmobile.ca\/fr\/wp-json\/wp\/v2\/comments?post=92211"}],"wp:featuredmedia":[{"embeddable":true,"href":"https:\/\/marketplace.petmobile.ca\/fr\/wp-json\/wp\/v2\/media\/92210"}],"wp:attachment":[{"href":"https:\/\/marketplace.petmobile.ca\/fr\/wp-json\/wp\/v2\/media?parent=92211"}],"wp:term":[{"taxonomy":"product_brand","embeddable":true,"href":"https:\/\/marketplace.petmobile.ca\/fr\/wp-json\/wp\/v2\/product_brand?post=92211"},{"taxonomy":"product_cat","embeddable":true,"href":"https:\/\/marketplace.petmobile.ca\/fr\/wp-json\/wp\/v2\/product_cat?post=92211"},{"taxonomy":"product_tag","embeddable":true,"href":"https:\/\/marketplace.petmobile.ca\/fr\/wp-json\/wp\/v2\/product_tag?post=92211"}],"curies":[{"name":"wp","href":"https:\/\/api.w.org\/{rel}","templated":true}]}}