{"id":92852,"date":"2022-07-26T19:00:37","date_gmt":"2022-07-27T00:00:37","guid":{"rendered":"https:\/\/marketplace.petmobile.ca\/product\/kong-signature-corde-22-double-tug\/"},"modified":"2022-07-26T19:00:37","modified_gmt":"2022-07-27T00:00:37","slug":"kong-signature-corde-22-double-tug","status":"publish","type":"product","link":"https:\/\/marketplace.petmobile.ca\/fr\/produit\/kong-signature-corde-22-double-tug\/","title":{"rendered":"KONG Signature \u2013 Corde 22 \u00bb double tug"},"content":{"rendered":"<p>Le jouet KONG Signature Double Tug Rope, c\u2019est deux fois plus de plaisir pour votre chien. Sa tresse unique est faite de coton et de tissu molletonn\u00e9 pour la plus grande joie de votre chien, ce dernier pouvant en effet l\u2019\u00e9tirer \u00e0 volont\u00e9 sans se faire mal. Fabriqu\u00e9 \u00e0 partir d\u2019un mat\u00e9riau solide, le jouet r\u00e9compense encore davantage le comportement naturel de mastication de votre toutou tout en lui nettoyant les dents. Les deux anneaux multiplient les occasions de jeu interactif pour tous les chiens car ils \u00e9veillent leurs instincts ludiques et les encouragent \u00e0 tirer dessus sans se lasser.<\/p>\n","protected":false},"excerpt":{"rendered":"<p>Le jouet KONG Signature Double Tug Rope, c\u2019est deux fois plus de plaisir pour votre chien. Sa tresse unique est<\/p>\n","protected":false},"featured_media":62922,"comment_status":"closed","ping_status":"closed","template":"","meta":{"_acf_changed":false,"_themeisle_gutenberg_block_has_review":false},"product_brand":[],"product_cat":[1117,1109,2831],"product_tag":[2131],"class_list":{"0":"post-92852","1":"product","2":"type-product","3":"status-publish","4":"has-post-thumbnail","6":"product_cat-chien-accessoires","7":"product_cat-nourriture-et-produits-pour-chien","8":"product_cat-jouets","9":"product_tag-kong-fr","10":"pa_animal-dog-fr","11":"has-subscription-plans","13":"first","14":"instock","15":"taxable","16":"shipping-taxable","17":"purchasable","18":"product-type-simple"},"acf":[],"_links":{"self":[{"href":"https:\/\/marketplace.petmobile.ca\/fr\/wp-json\/wp\/v2\/product\/92852","targetHints":{"allow":["GET"]}}],"collection":[{"href":"https:\/\/marketplace.petmobile.ca\/fr\/wp-json\/wp\/v2\/product"}],"about":[{"href":"https:\/\/marketplace.petmobile.ca\/fr\/wp-json\/wp\/v2\/types\/product"}],"replies":[{"embeddable":true,"href":"https:\/\/marketplace.petmobile.ca\/fr\/wp-json\/wp\/v2\/comments?post=92852"}],"wp:featuredmedia":[{"embeddable":true,"href":"https:\/\/marketplace.petmobile.ca\/fr\/wp-json\/wp\/v2\/media\/62922"}],"wp:attachment":[{"href":"https:\/\/marketplace.petmobile.ca\/fr\/wp-json\/wp\/v2\/media?parent=92852"}],"wp:term":[{"taxonomy":"product_brand","embeddable":true,"href":"https:\/\/marketplace.petmobile.ca\/fr\/wp-json\/wp\/v2\/product_brand?post=92852"},{"taxonomy":"product_cat","embeddable":true,"href":"https:\/\/marketplace.petmobile.ca\/fr\/wp-json\/wp\/v2\/product_cat?post=92852"},{"taxonomy":"product_tag","embeddable":true,"href":"https:\/\/marketplace.petmobile.ca\/fr\/wp-json\/wp\/v2\/product_tag?post=92852"}],"curies":[{"name":"wp","href":"https:\/\/api.w.org\/{rel}","templated":true}]}}