{"id":93828,"date":"2026-01-07T16:22:54","date_gmt":"2026-01-07T21:22:54","guid":{"rendered":"https:\/\/marketplace.petmobile.ca\/product\/biscuits-pour-chien-canard-et-bleuets\/"},"modified":"2026-01-07T16:22:54","modified_gmt":"2026-01-07T21:22:54","slug":"biscuits-pour-chien-canard-et-bleuets","status":"publish","type":"product","link":"https:\/\/marketplace.petmobile.ca\/fr\/produit\/biscuits-pour-chien-canard-et-bleuets\/","title":{"rendered":"Biscuits pour Chien Canard et Bleuets"},"content":{"rendered":"<p data-olk-copy-source=\"MessageBody\">Ces g\u00e2teries sans grains croquantes pour chiens sont lentement cuites au four et faites avec de la viande de canard et des bleuets remplis d&rsquo;antioxydants.\u00a0 Elles sont une excellente fa\u00e7on de r\u00e9compenser votre chien.\u00a0 De plus, elles sont faibles en calories et fabriqu\u00e9s au Qu\u00e9bec.<\/p>\n<p>Ingr\u00e9dients\u00a0: Pommes de terre, Canard frais, Farine de canard, Tapioca, Pois chiches entiers, Lentilles vertes, Pois entiers, Gras de poulet (conserv\u00e9 avec un m\u00e9lange de tocoph\u00e9rols de d\u2019acide citrique), M\u00e9lasse de canne, Bleuets, Saveur naturelle de fum\u00e9e, L\u00e9cithine, Extrait de romarin.<\/p>\n","protected":false},"excerpt":{"rendered":"<p>Ces g\u00e2teries sans grains croquantes pour chiens sont lentement cuites au four et faites avec de la viande de canard<\/p>\n","protected":false},"featured_media":93956,"comment_status":"closed","ping_status":"closed","template":"","meta":{"_acf_changed":false,"_themeisle_gutenberg_block_has_review":false},"product_brand":[],"product_cat":[2871,1109,1115],"product_tag":[3621,3622,3609],"class_list":{"0":"post-93828","1":"product","2":"type-product","3":"status-publish","4":"has-post-thumbnail","6":"product_cat-chien-biscuits-et-autres","7":"product_cat-nourriture-et-produits-pour-chien","8":"product_cat-chien-gateries","9":"product_tag-biscuits-pour-chien","10":"product_tag-gaterie-pour-chien","11":"product_tag-gateries","12":"pa_format-1kg-fr","13":"pa_format-20lbs-fr","14":"pa_format-500g-fr","15":"has-subscription-plans","17":"first","18":"instock","19":"taxable","20":"shipping-taxable","21":"purchasable","22":"product-type-variable"},"acf":[],"_links":{"self":[{"href":"https:\/\/marketplace.petmobile.ca\/fr\/wp-json\/wp\/v2\/product\/93828","targetHints":{"allow":["GET"]}}],"collection":[{"href":"https:\/\/marketplace.petmobile.ca\/fr\/wp-json\/wp\/v2\/product"}],"about":[{"href":"https:\/\/marketplace.petmobile.ca\/fr\/wp-json\/wp\/v2\/types\/product"}],"replies":[{"embeddable":true,"href":"https:\/\/marketplace.petmobile.ca\/fr\/wp-json\/wp\/v2\/comments?post=93828"}],"wp:featuredmedia":[{"embeddable":true,"href":"https:\/\/marketplace.petmobile.ca\/fr\/wp-json\/wp\/v2\/media\/93956"}],"wp:attachment":[{"href":"https:\/\/marketplace.petmobile.ca\/fr\/wp-json\/wp\/v2\/media?parent=93828"}],"wp:term":[{"taxonomy":"product_brand","embeddable":true,"href":"https:\/\/marketplace.petmobile.ca\/fr\/wp-json\/wp\/v2\/product_brand?post=93828"},{"taxonomy":"product_cat","embeddable":true,"href":"https:\/\/marketplace.petmobile.ca\/fr\/wp-json\/wp\/v2\/product_cat?post=93828"},{"taxonomy":"product_tag","embeddable":true,"href":"https:\/\/marketplace.petmobile.ca\/fr\/wp-json\/wp\/v2\/product_tag?post=93828"}],"curies":[{"name":"wp","href":"https:\/\/api.w.org\/{rel}","templated":true}]}}