{"id":93836,"date":"2026-01-07T16:33:01","date_gmt":"2026-01-07T21:33:01","guid":{"rendered":"https:\/\/marketplace.petmobile.ca\/?post_type=product&#038;p=93836"},"modified":"2026-01-07T16:39:56","modified_gmt":"2026-01-07T21:39:56","slug":"biscuits-pour-chien-canard-et-bleuets-copy","status":"publish","type":"product","link":"https:\/\/marketplace.petmobile.ca\/fr\/produit\/biscuits-pour-chien-canard-et-bleuets-copy\/","title":{"rendered":"Biscuits pour Chien Saumon, Fruits et L\u00e9gumes"},"content":{"rendered":"<p data-olk-copy-source=\"MessageBody\">Ces g\u00e2teries pour chien sont lentement cuites au four et faites avec du poisson frais.\u00a0 Elles contiennent des ingr\u00e9dients fonctionnels comme la canneberge; source naturelle d\u2019antioxydants, d\u2019\u00e9pinards; riche en min\u00e9raux et oligo-\u00e9l\u00e9ments et patates douces; une excellente source de b\u00eata-carot\u00e8ne.\u00a0 Elles sont cuites au four, faible en calories et fabriqu\u00e9 au Qu\u00e9bec.<\/p>\n<p>Ingr\u00e9dients : Saumon frais, Pois entiers, Pommes de terre, M\u00e9lasse de canne, Patates douces, Gras de poulet (pr\u00e9serv\u00e9e avec un m\u00e9lange de tocoph\u00e9rols et acide citrique), Curcuma moulu, Canneberges, Pommes, Bleuets, Oxyde de fer noir, Oxyde de fer rouge, \u00c9pinards, Oxyde de fer jaune, Bananes, Brocoli, Algues s\u00e9ch\u00e9es, Extrait de romarin.<\/p>\n","protected":false},"excerpt":{"rendered":"<p>Ces g\u00e2teries pour chien sont lentement cuites au four et faites avec du poisson frais.\u00a0 Elles contiennent des ingr\u00e9dients fonctionnels<\/p>\n","protected":false},"featured_media":93958,"comment_status":"closed","ping_status":"closed","template":"","meta":{"_acf_changed":false,"_themeisle_gutenberg_block_has_review":false},"product_brand":[],"product_cat":[2871,1109,1115],"product_tag":[3621,3622,3609],"class_list":{"0":"post-93836","1":"product","2":"type-product","3":"status-publish","4":"has-post-thumbnail","6":"product_cat-chien-biscuits-et-autres","7":"product_cat-nourriture-et-produits-pour-chien","8":"product_cat-chien-gateries","9":"product_tag-biscuits-pour-chien","10":"product_tag-gaterie-pour-chien","11":"product_tag-gateries","12":"pa_format-1kg-fr","13":"pa_format-20lbs-fr","14":"pa_format-500g-fr","15":"has-subscription-plans","17":"first","18":"instock","19":"taxable","20":"shipping-taxable","21":"purchasable","22":"product-type-variable"},"acf":[],"_links":{"self":[{"href":"https:\/\/marketplace.petmobile.ca\/fr\/wp-json\/wp\/v2\/product\/93836","targetHints":{"allow":["GET"]}}],"collection":[{"href":"https:\/\/marketplace.petmobile.ca\/fr\/wp-json\/wp\/v2\/product"}],"about":[{"href":"https:\/\/marketplace.petmobile.ca\/fr\/wp-json\/wp\/v2\/types\/product"}],"replies":[{"embeddable":true,"href":"https:\/\/marketplace.petmobile.ca\/fr\/wp-json\/wp\/v2\/comments?post=93836"}],"wp:featuredmedia":[{"embeddable":true,"href":"https:\/\/marketplace.petmobile.ca\/fr\/wp-json\/wp\/v2\/media\/93958"}],"wp:attachment":[{"href":"https:\/\/marketplace.petmobile.ca\/fr\/wp-json\/wp\/v2\/media?parent=93836"}],"wp:term":[{"taxonomy":"product_brand","embeddable":true,"href":"https:\/\/marketplace.petmobile.ca\/fr\/wp-json\/wp\/v2\/product_brand?post=93836"},{"taxonomy":"product_cat","embeddable":true,"href":"https:\/\/marketplace.petmobile.ca\/fr\/wp-json\/wp\/v2\/product_cat?post=93836"},{"taxonomy":"product_tag","embeddable":true,"href":"https:\/\/marketplace.petmobile.ca\/fr\/wp-json\/wp\/v2\/product_tag?post=93836"}],"curies":[{"name":"wp","href":"https:\/\/api.w.org\/{rel}","templated":true}]}}