{"id":93851,"date":"2026-01-07T17:14:15","date_gmt":"2026-01-07T22:14:15","guid":{"rendered":"https:\/\/marketplace.petmobile.ca\/?post_type=product&#038;p=93851"},"modified":"2026-01-07T17:14:15","modified_gmt":"2026-01-07T22:14:15","slug":"1st-choice-senior-moyenne-et-grande-races","status":"publish","type":"product","link":"https:\/\/marketplace.petmobile.ca\/fr\/produit\/1st-choice-senior-moyenne-et-grande-races\/","title":{"rendered":"1st Choice Senior Moyenne et Grande Races"},"content":{"rendered":"<p>Cette formule am\u00e9lior\u00e9e pour les chiens S\u00c9NIORS de moyennes et grandes races contient notre SOLUTION vieillir en sant\u00e9, un m\u00e9lange d\u2019ingr\u00e9dients efficaces qui aide \u00e0 r\u00e9duire l\u2019inflammation et \u00e0 limiter les dommages cellulaires. Elle constitue une approche pr\u00e9ventive qui aide les chiens \u00e2g\u00e9s \u00e0 conserver leur mobilit\u00e9 et \u00e0 limiter les cons\u00e9quences du vieillissement pr\u00e9coce, comme le d\u00e9clin cognitif. De plus, des pr\u00e9biotiques naturels am\u00e9liorent la fonction digestive et la consistance des selles. Cette formule am\u00e9lior\u00e9e est plus d\u00e9licieuse que jamais\u2009!<\/p>\n<p>&nbsp;<\/p>\n<p>Ingr\u00e9dients:<\/p>\n<p>Farine de poulet (une source de sulfate de chondro\u00eftine), orge, avoine, pois, millet, gras de poulet conserv\u00e9 avec un m\u00e9lange de tocoph\u00e9rols, pulpe d\u2019agrumes s\u00e9ch\u00e9e, fibre de pois, poudre de luzerne, saveur naturelle, graines de lin, huile de saumon, extrait de levure, sel, carbonate de calcium, extrait de chicor\u00e9e (une source d\u2019inuline), DL-m\u00e9thionine, taurine, chlorure de choline, chlorure de potassium, chlorhydrate de glucosamine, ac\u00e9tate d\u2019alpha-tocoph\u00e9rol (une source de vitamine E), vitamine C (acide ascorbique), sulfate ferreux, hexam\u00e9taphosphate de sodium, curcuma, romarin s\u00e9ch\u00e9, clous de girofle, oxyde de zinc, extrait de yucca schidigera, lactos\u00e9rum, L-carnitine, oxyde manganeux, niacine, pantoth\u00e9nate de d-calcium, extrait de pamplemousse, suppl\u00e9ment de vitamine A, chol\u00e9calcif\u00e9rol (une source de vitamine D3), mononitrate de thiamine, biotine, menthe s\u00e9ch\u00e9e, persil s\u00e9ch\u00e9, extrait de th\u00e9 vert, gingembre s\u00e9ch\u00e9, s\u00e9l\u00e9nite de sodium, prot\u00e9inate de zinc, riboflavine, chlorhydrate de pyridoxine, suppl\u00e9ment de vitamine B12, prot\u00e9inate de mangan\u00e8se, iodate de calcium, prot\u00e9inate de cuivre, acide folique.<\/p>\n<p>&nbsp;<\/p>\n<p>Analyses Guaranties:<\/p>\n<p>Prot\u00e9ines brutes 22% minimum, mati\u00e8res grasses 12% minimum, fibres brutes 7% maximum, humidit\u00e9 10% maximum, cendres 8,5% maximum, calcium 0,9% minimum, phosphore 0,65% minimum, sodium 0,1% minimum, vitamine A 18 000 UI\/kg minimum, vitamine D3 1 700 UI\/kg minimum, vitamine E 130 UI\/kg minimum, glucosamine*750 mg\/kg minimum, sulfate de chondro\u00eftine* 500 mg\/kg minimum. *Non reconnu comme \u00e9tant un nutriment essentiel selon les Profils Nutritionnels pour chiens de l\u2019AAFCO.<\/p>\n","protected":false},"excerpt":{"rendered":"<p>Cette formule am\u00e9lior\u00e9e pour les chiens S\u00c9NIORS de moyennes et grandes races contient notre SOLUTION vieillir en sant\u00e9, un m\u00e9lange<\/p>\n","protected":false},"featured_media":93850,"comment_status":"closed","ping_status":"closed","template":"","meta":{"_acf_changed":false,"_themeisle_gutenberg_block_has_review":false},"product_brand":[],"product_cat":[1109,1110,1111],"product_tag":[],"class_list":{"0":"post-93851","1":"product","2":"type-product","3":"status-publish","4":"has-post-thumbnail","6":"product_cat-nourriture-et-produits-pour-chien","7":"product_cat-chien-nourriture","8":"product_cat-chien-nourriture-seche","9":"has-subscription-plans","11":"first","12":"instock","13":"taxable","14":"shipping-taxable","15":"purchasable","16":"product-type-simple"},"acf":[],"_links":{"self":[{"href":"https:\/\/marketplace.petmobile.ca\/fr\/wp-json\/wp\/v2\/product\/93851","targetHints":{"allow":["GET"]}}],"collection":[{"href":"https:\/\/marketplace.petmobile.ca\/fr\/wp-json\/wp\/v2\/product"}],"about":[{"href":"https:\/\/marketplace.petmobile.ca\/fr\/wp-json\/wp\/v2\/types\/product"}],"replies":[{"embeddable":true,"href":"https:\/\/marketplace.petmobile.ca\/fr\/wp-json\/wp\/v2\/comments?post=93851"}],"wp:featuredmedia":[{"embeddable":true,"href":"https:\/\/marketplace.petmobile.ca\/fr\/wp-json\/wp\/v2\/media\/93850"}],"wp:attachment":[{"href":"https:\/\/marketplace.petmobile.ca\/fr\/wp-json\/wp\/v2\/media?parent=93851"}],"wp:term":[{"taxonomy":"product_brand","embeddable":true,"href":"https:\/\/marketplace.petmobile.ca\/fr\/wp-json\/wp\/v2\/product_brand?post=93851"},{"taxonomy":"product_cat","embeddable":true,"href":"https:\/\/marketplace.petmobile.ca\/fr\/wp-json\/wp\/v2\/product_cat?post=93851"},{"taxonomy":"product_tag","embeddable":true,"href":"https:\/\/marketplace.petmobile.ca\/fr\/wp-json\/wp\/v2\/product_tag?post=93851"}],"curies":[{"name":"wp","href":"https:\/\/api.w.org\/{rel}","templated":true}]}}