{"id":94059,"date":"2026-01-20T17:34:42","date_gmt":"2026-01-20T22:34:42","guid":{"rendered":"https:\/\/marketplace.petmobile.ca\/?post_type=product&#038;p=94059"},"modified":"2026-01-20T17:35:15","modified_gmt":"2026-01-20T22:35:15","slug":"cachette-en-forme-de-televiseur","status":"publish","type":"product","link":"https:\/\/marketplace.petmobile.ca\/fr\/produit\/cachette-en-forme-de-televiseur\/","title":{"rendered":"Cachette en forme de t\u00e9l\u00e9viseur"},"content":{"rendered":"<p>Superbe cachette pour votre petit animal.<\/p>\n<ul>\n<li>Fait de carton \u00e0 100%;<\/li>\n<li>Cachette en forme de t\u00e9l\u00e9viseur parfaite pour vos petits animaux;<\/li>\n<li>Parfaite pour \u00eatre gruger, gratter, d\u00e9chir\u00e9e, etc;<\/li>\n<li>Peut \u00eatre utilis\u00e9e avec tout type de petits animaux (chats\/chiens\/lapins\/etc.).<\/li>\n<\/ul>\n<p><strong>Dimension<\/strong>\u00a0: \u00a0(43 cm x 23 cm x 35cm).<\/p>\n","protected":false},"excerpt":{"rendered":"<p>Superbe cachette pour votre petit animal. Fait de carton \u00e0 100%; Cachette en forme de t\u00e9l\u00e9viseur parfaite pour vos petits<\/p>\n","protected":false},"featured_media":94062,"comment_status":"closed","ping_status":"closed","template":"","meta":{"_acf_changed":false,"_themeisle_gutenberg_block_has_review":false},"product_brand":[],"product_cat":[1097,1136,1103,1132,1092,1104,1133],"product_tag":[],"class_list":{"0":"post-94059","1":"product","2":"type-product","3":"status-publish","4":"has-post-thumbnail","6":"product_cat-chat-accessoires","7":"product_cat-autre-animal-petit-accessoires-et-cages","8":"product_cat-chat-accessoires-arbres-a-chat-et-grattoirs","9":"product_cat-produits-pour-petit-animal","10":"product_cat-produits-pour-chat","11":"product_cat-chat-accessoires-coussins-et-tentes","12":"product_cat-autre-animal-petit-animal","13":"has-subscription-plans","15":"first","16":"instock","17":"taxable","18":"shipping-taxable","19":"purchasable","20":"product-type-simple"},"acf":[],"_links":{"self":[{"href":"https:\/\/marketplace.petmobile.ca\/fr\/wp-json\/wp\/v2\/product\/94059","targetHints":{"allow":["GET"]}}],"collection":[{"href":"https:\/\/marketplace.petmobile.ca\/fr\/wp-json\/wp\/v2\/product"}],"about":[{"href":"https:\/\/marketplace.petmobile.ca\/fr\/wp-json\/wp\/v2\/types\/product"}],"replies":[{"embeddable":true,"href":"https:\/\/marketplace.petmobile.ca\/fr\/wp-json\/wp\/v2\/comments?post=94059"}],"wp:featuredmedia":[{"embeddable":true,"href":"https:\/\/marketplace.petmobile.ca\/fr\/wp-json\/wp\/v2\/media\/94062"}],"wp:attachment":[{"href":"https:\/\/marketplace.petmobile.ca\/fr\/wp-json\/wp\/v2\/media?parent=94059"}],"wp:term":[{"taxonomy":"product_brand","embeddable":true,"href":"https:\/\/marketplace.petmobile.ca\/fr\/wp-json\/wp\/v2\/product_brand?post=94059"},{"taxonomy":"product_cat","embeddable":true,"href":"https:\/\/marketplace.petmobile.ca\/fr\/wp-json\/wp\/v2\/product_cat?post=94059"},{"taxonomy":"product_tag","embeddable":true,"href":"https:\/\/marketplace.petmobile.ca\/fr\/wp-json\/wp\/v2\/product_tag?post=94059"}],"curies":[{"name":"wp","href":"https:\/\/api.w.org\/{rel}","templated":true}]}}