{"id":94413,"date":"2019-07-12T16:42:59","date_gmt":"2019-07-12T21:42:59","guid":{"rendered":"https:\/\/marketplace.petmobile.ca\/product\/zanimo-entretien-oreilles-chat-chien\/"},"modified":"2019-07-12T16:42:59","modified_gmt":"2019-07-12T21:42:59","slug":"zanimo-entretien-oreilles-chat-chien","status":"publish","type":"product","link":"https:\/\/marketplace.petmobile.ca\/fr\/produit\/zanimo-entretien-oreilles-chat-chien\/","title":{"rendered":"ZANIMO Entretien oreilles chat\/chien"},"content":{"rendered":"<div class=\"row\">\n<div class=\"col-xs-12\">\n<div class=\"tabs \">\n<div id=\"tab-content\" class=\"tab-content\">\n<div id=\"description\" class=\"tab-pane fade in active\" role=\"tabpanel\">\n<div class=\"product-description\">\n<h4 class=\"h4 name_details\">ENTRETIEN DES OREILLES (avec huile)<\/h4>\n<p>avec huile \u2013 salet\u00e9s et c\u00e9rumen<\/p>\n<div class=\"elementor elementor-46030201\" data-elementor-type=\"post\" data-elementor-id=\"46030201\" data-elementor-settings=\"[]\">\n<div class=\"elementor-inner\">\n<div class=\"elementor-section-wrap\">\n<section class=\"elementor-element elementor-element-34faa138 elementor-section-full_width elementor-section-height-default elementor-section-height-default elementor-section elementor-top-section\" data-id=\"34faa138\" data-element_type=\"section\">\n<div class=\"elementor-container elementor-column-gap-default\">\n<div class=\"elementor-row\">\n<div class=\"elementor-element elementor-element-26bb169a elementor-column elementor-col-100 elementor-top-column\" data-id=\"26bb169a\" data-element_type=\"column\">\n<div class=\"elementor-column-wrap elementor-element-populated\">\n<div class=\"elementor-widget-wrap\">\n<div class=\"elementor-element elementor-element-4cc31099 elementor-widget elementor-widget-text-editor\" data-id=\"4cc31099\" data-element_type=\"widget\" data-widget_type=\"text-editor.default\">\n<div class=\"elementor-widget-container\">\n<div class=\"elementor-text-editor elementor-clearfix\">\n<p>Entretien des oreilles nettoie le conduit auditif en douceur. Sa formule hydratante facilite l\u2019\u00e9limination du c\u00e9rumen, de la salet\u00e9 et des d\u00e9bris accumul\u00e9s. Utiliser 1 \u00e0 2 fois par semaine pour permettre une bonne hygi\u00e8ne des oreilles tout en conservant le conduit auditif propre.<\/p>\n<p>Elle est con\u00e7ue \u00e0 partir d\u2019ingr\u00e9dients d\u2019origine naturelle tels que : l\u2019huile d\u2019amande douce, l\u2019huile de graines de chanvre biologique et d\u2019huile de coco, qui aident \u00e0 pr\u00e9server l\u2019hydratation naturelle des oreilles.<\/p>\n<p>Avec sa douce fragrance de \ufb02eur de lavande cette formule saura vous plaire sans nuire \u00e0 l\u2019odorat sensible de votre animal.<\/p>\n<p>Elle convient \u00e0 toutes les races de chiens et de chats, \u00e0 partir de 2 mois d\u2019\u00e2ge.<\/p>\n<p><strong>Mode d\u2019emploi :<\/strong>\u00a0agiter avant utilisation. Appliquer une petite pression dans l\u2019oreille et masser durant 5 \u00e0 10 secondes. Laissez votre animal se secouer les oreilles et nettoyer l\u2019exc\u00e9dent avec un linge mouill\u00e9 ti\u00e8de.<\/p>\n<\/div>\n<\/div>\n<\/div>\n<\/div>\n<\/div>\n<\/div>\n<\/div>\n<\/div>\n<\/section>\n<section class=\"elementor-element elementor-element-ba6e57a elementor-section-full_width elementor-section-height-default elementor-section-height-default elementor-section elementor-top-section\" data-id=\"ba6e57a\" data-element_type=\"section\">\n<div class=\"elementor-container elementor-column-gap-default\">\n<div class=\"elementor-row\">\n<div class=\"elementor-element elementor-element-5b089292 elementor-column elementor-col-100 elementor-top-column\" data-id=\"5b089292\" data-element_type=\"column\">\n<div class=\"elementor-column-wrap elementor-element-populated\">\n<div class=\"elementor-widget-wrap\">\n<div class=\"elementor-element elementor-element-732f30d9 elementor-widget elementor-widget-text-editor\" data-id=\"732f30d9\" data-element_type=\"widget\" data-widget_type=\"text-editor.default\">\n<div class=\"elementor-widget-container\">\n<div class=\"elementor-text-editor elementor-clearfix\">\n<table border=\"1\" cellspacing=\"0\" cellpadding=\"0\">\n<thead>\n<tr>\n<th width=\"288\">\n<p align=\"center\"><strong>PR\u00c9VENTIF<\/strong><\/p>\n<\/th>\n<\/tr>\n<\/thead>\n<caption><strong>PROGRAMME<\/strong><\/caption>\n<tbody>\n<tr>\n<td width=\"288\">\n<p align=\"center\">Appliquer une fois par jour, 2 fois par semaine ou au besoin.<\/p>\n<\/td>\n<\/tr>\n<\/tbody>\n<\/table>\n<p>&nbsp;<\/p>\n<\/div>\n<\/div>\n<\/div>\n<\/div>\n<\/div>\n<\/div>\n<\/div>\n<\/div>\n<\/section>\n<section class=\"elementor-element elementor-element-679dfaad elementor-section-full_width elementor-section-height-default elementor-section-height-default elementor-section elementor-top-section\" data-id=\"679dfaad\" data-element_type=\"section\">\n<div class=\"elementor-container elementor-column-gap-default\">\n<div class=\"elementor-row\">\n<div class=\"elementor-element elementor-element-67698c elementor-column elementor-col-100 elementor-top-column\" data-id=\"67698c\" data-element_type=\"column\">\n<div class=\"elementor-column-wrap elementor-element-populated\">\n<div class=\"elementor-widget-wrap\">\n<div class=\"elementor-element elementor-element-39c5a1f8 elementor-widget elementor-widget-text-editor\" data-id=\"39c5a1f8\" data-element_type=\"widget\" data-widget_type=\"text-editor.default\">\n<div class=\"elementor-widget-container\">\n<div class=\"elementor-text-editor elementor-clearfix\">\n<p><strong>Mise en garde :<\/strong>\u00a0en cas d\u2019effets secondaires tels que fatigue, d\u00e9s\u00e9quilibre, inflammation, rougeur ou autres sympt\u00f4mes inhabituels, cesser l\u2019utilisation du produit. Si persiste au-del\u00e0 de 24 heures, consulter un v\u00e9t\u00e9rinaire. Ne pas appliquer sur des plaies ouvertes ou sur des oreilles irrit\u00e9es. Tenir hors de la port\u00e9e des enfants.<\/p>\n<\/div>\n<\/div>\n<\/div>\n<\/div>\n<\/div>\n<\/div>\n<\/div>\n<\/div>\n<\/section>\n<\/div>\n<\/div>\n<\/div>\n<\/div>\n<\/div>\n<\/div>\n<\/div>\n<\/div>\n<\/div>\n<footer class=\"page-footer\"><\/footer>\n<div class=\"row product_footer_btns\"><\/div>\n","protected":false},"excerpt":{"rendered":"<p>ENTRETIEN DES OREILLES (avec huile) avec huile \u2013 salet\u00e9s et c\u00e9rumen Entretien des oreilles nettoie le conduit auditif en douceur.<\/p>\n","protected":false},"featured_media":94409,"comment_status":"closed","ping_status":"closed","template":"","meta":{"_acf_changed":false,"_themeisle_gutenberg_block_has_review":false},"product_brand":[],"product_cat":[1109,1123,1122],"product_tag":[2134],"class_list":{"0":"post-94413","1":"product","2":"type-product","3":"status-publish","4":"has-post-thumbnail","6":"product_cat-nourriture-et-produits-pour-chien","7":"product_cat-chien-proprete-odeur-et-nettoyants","8":"product_cat-chien-proprete","9":"product_tag-zanimo","10":"pa_format-125ml-fr","11":"pa_format-60ml","12":"has-subscription-plans","14":"first","15":"instock","16":"taxable","17":"shipping-taxable","18":"purchasable","19":"product-type-variable"},"acf":[],"_links":{"self":[{"href":"https:\/\/marketplace.petmobile.ca\/fr\/wp-json\/wp\/v2\/product\/94413","targetHints":{"allow":["GET"]}}],"collection":[{"href":"https:\/\/marketplace.petmobile.ca\/fr\/wp-json\/wp\/v2\/product"}],"about":[{"href":"https:\/\/marketplace.petmobile.ca\/fr\/wp-json\/wp\/v2\/types\/product"}],"replies":[{"embeddable":true,"href":"https:\/\/marketplace.petmobile.ca\/fr\/wp-json\/wp\/v2\/comments?post=94413"}],"wp:featuredmedia":[{"embeddable":true,"href":"https:\/\/marketplace.petmobile.ca\/fr\/wp-json\/wp\/v2\/media\/94409"}],"wp:attachment":[{"href":"https:\/\/marketplace.petmobile.ca\/fr\/wp-json\/wp\/v2\/media?parent=94413"}],"wp:term":[{"taxonomy":"product_brand","embeddable":true,"href":"https:\/\/marketplace.petmobile.ca\/fr\/wp-json\/wp\/v2\/product_brand?post=94413"},{"taxonomy":"product_cat","embeddable":true,"href":"https:\/\/marketplace.petmobile.ca\/fr\/wp-json\/wp\/v2\/product_cat?post=94413"},{"taxonomy":"product_tag","embeddable":true,"href":"https:\/\/marketplace.petmobile.ca\/fr\/wp-json\/wp\/v2\/product_tag?post=94413"}],"curies":[{"name":"wp","href":"https:\/\/api.w.org\/{rel}","templated":true}]}}