{"id":94722,"date":"2026-03-02T15:59:12","date_gmt":"2026-03-02T20:59:12","guid":{"rendered":"https:\/\/marketplace.petmobile.ca\/product\/pronature-chiot-toutes-races-poulet\/"},"modified":"2026-03-02T15:59:12","modified_gmt":"2026-03-02T20:59:12","slug":"pronature-chiot-toutes-races-poulet","status":"publish","type":"product","link":"https:\/\/marketplace.petmobile.ca\/fr\/produit\/pronature-chiot-toutes-races-poulet\/","title":{"rendered":"Pronature &#8211; Chiot &#8211; Toutes Races &#8211; Poulet"},"content":{"rendered":"<h2 id=\"tw-target-text\" class=\"tw-data-text tw-text-large tw-ta\" dir=\"ltr\" data-placeholder=\"Translation\" data-ved=\"2ahUKEwiVwLP-tqiMAxVuDHkGHXw9G0AQ3ewLegQICBAV\" aria-label=\"Translated text: Nutritional analyzes\"><strong><span class=\"Y2IQFc\" lang=\"en\">Analyses nutritionnelles:<\/span><\/strong><\/h2>\n<h4 id=\"tw-target-text\" class=\"tw-data-text tw-text-large tw-ta\" dir=\"ltr\" data-placeholder=\"Translation\" data-ved=\"2ahUKEwiVwLP-tqiMAxVuDHkGHXw9G0AQ3ewLegQICBAV\" aria-label=\"Translated text: Crude protein\"><span class=\"Y2IQFc\" lang=\"en\">\u00a0Prot\u00e9ines brutes : 27%<\/span><\/h4>\n<h4 id=\"tw-target-text\" class=\"tw-data-text tw-text-large tw-ta\" dir=\"ltr\" data-placeholder=\"Translation\" data-ved=\"2ahUKEwiVwLP-tqiMAxVuDHkGHXw9G0AQ3ewLegQICBAV\" aria-label=\"Translated text: Crude fats\"><span class=\"Y2IQFc\" lang=\"en\">Mati\u00e8res grasses brutes : 17 %<\/span><\/h4>\n<h4 id=\"tw-target-text\" class=\"tw-data-text tw-text-large tw-ta\" dir=\"ltr\" data-placeholder=\"Translation\" data-ved=\"2ahUKEwiVwLP-tqiMAxVuDHkGHXw9G0AQ3ewLegQICBAV\" aria-label=\"Translated text: Raw fibers\"><span class=\"Y2IQFc\" lang=\"en\">Fibres brutes : 4.5 %<\/span><\/h4>\n<h2 id=\"tw-target-text\" class=\"tw-data-text tw-text-large tw-ta\" dir=\"ltr\" data-placeholder=\"Translation\" data-ved=\"2ahUKEwiVwLP-tqiMAxVuDHkGHXw9G0AQ3ewLegQICBAV\" aria-label=\"Translated text: Chicken meal, corn, wheat, pork meal, chicken fat (preserved with mixed tocopherols), barley, oats, natural flavor, salmon oil, salt, flaxseed, potassium chloride, calcium propionate (as a preservative), ferrous sulfate, vitamin E (alpha-tocopherol acetate), zinc oxide, whey, vitamin B\u2083 (niacin), manganous oxide, zinc proteinate, vitamin B\u2085 (calcium pantothenate), vitamin A (vitamin A acetate), vitamin B\u2081 (thiamine mononitrate), manganese proteinate, vitamin B\u2082 (riboflavin), vitamin B\u2086 (pyridoxine hydrochloride), vitamin B\u2087 (biotin), copper proteinate, calcium iodate, vitamin B\u2081\u2082 supplement, vitamin D\u2083 (cholecalciferol), vitamin B\u2089 (sodium folic acid), sodium selenite.\"><span class=\"Y2IQFc\" lang=\"en\">LISTE D\u2019INGR\u00c9DIENTS :<\/span><\/h2>\n<h5 class=\"tw-data-text tw-text-large tw-ta\" dir=\"ltr\" data-placeholder=\"Translation\" data-ved=\"2ahUKEwiVwLP-tqiMAxVuDHkGHXw9G0AQ3ewLegQICBAV\" aria-label=\"Translated text: Chicken meal, corn, wheat, pork meal, chicken fat (preserved with mixed tocopherols), barley, oats, natural flavor, salmon oil, salt, flaxseed, potassium chloride, calcium propionate (as a preservative), ferrous sulfate, vitamin E (alpha-tocopherol acetate), zinc oxide, whey, vitamin B\u2083 (niacin), manganous oxide, zinc proteinate, vitamin B\u2085 (calcium pantothenate), vitamin A (vitamin A acetate), vitamin B\u2081 (thiamine mononitrate), manganese proteinate, vitamin B\u2082 (riboflavin), vitamin B\u2086 (pyridoxine hydrochloride), vitamin B\u2087 (biotin), copper proteinate, calcium iodate, vitamin B\u2081\u2082 supplement, vitamin D\u2083 (cholecalciferol), vitamin B\u2089 (sodium folic acid), sodium selenite.\">\u00a0Farine de poulet, ma\u00efs, bl\u00e9, farine de porc, gras de poulet (pr\u00e9serv\u00e9 avec un m\u00e9lange de tocoph\u00e9rols), orge, avoine, saveur naturelle, huile de saumon, sel, graines de lin, chlorure de potassium, propionate de calcium (comme agent de conservation), sulfate ferreux, vitamine E (ac\u00e9tate d\u2019alpha-tocoph\u00e9rol), oxyde de zinc, lactos\u00e9rum, vitamine B\u2083 (niacine), oxyde manganeux, prot\u00e9inate de zinc, vitamine B\u2085 (pantoth\u00e9nate de calcium), vitamine A (ac\u00e9tate de vitamine A), vitamine B\u2081 (mononitrate de thiamine), prot\u00e9inate de mangan\u00e8se, vitamine B\u2082 (riboflavine), vitamine B\u2086 (chlorhydrate de pyridoxine), vitamine B\u2087 (biotine), prot\u00e9inate de cuivre, iodate de calcium, suppl\u00e9ment de<br \/>\nvitamine B\u2081\u2082, vitamine D\u2083 (chol\u00e9calcif\u00e9rol), vitamine B\u2089 (acide folique), s\u00e9l\u00e9nite de sodium.<\/h5>\n<p><strong>Jusqu&rsquo;\u00e0 4 mois<\/strong><\/p>\n<div class=\"table-1\">\n<table width=\"100%\">\n<thead>\n<tr>\n<th align=\"left\">Poids<\/th>\n<th align=\"left\">Ration quotidiennes<\/th>\n<\/tr>\n<\/thead>\n<\/table>\n<\/div>\n<div class=\"table-1\">\n<table width=\"100%\">\n<thead>\n<tr>\n<th align=\"left\">Lbs<\/th>\n<th align=\"left\">Kgs<\/th>\n<th align=\"left\">Tasse<\/th>\n<th align=\"left\">Grammes<\/th>\n<\/tr>\n<\/thead>\n<tbody>\n<tr>\n<td align=\"left\">3 &#8211; 12<\/td>\n<td align=\"left\">1.5 -5.5<\/td>\n<td align=\"left\">5\/8 &#8211; 1 3\/4<\/td>\n<td align=\"left\">75 &#8211; 210<\/td>\n<\/tr>\n<tr>\n<td align=\"left\">12 &#8211; 20<\/td>\n<td align=\"left\">5.5 &#8211; 9.5<\/td>\n<td align=\"left\">1 3\/4 &#8211; 2 5\/8<\/td>\n<td align=\"left\">210 &#8211; 315<\/td>\n<\/tr>\n<tr>\n<td align=\"left\">20 &#8211; 35<\/td>\n<td align=\"left\">9.5 &#8211; 15.5<\/td>\n<td align=\"left\">2 5\/8 &#8211; 3 3\/4<\/td>\n<td align=\"left\">315 &#8211; 450<\/td>\n<\/tr>\n<tr>\n<td align=\"left\">35 &#8211; 50<\/td>\n<td align=\"left\">15.5 &#8211; 22.5<\/td>\n<td align=\"left\">3 3\/4 &#8211; 5<\/td>\n<td align=\"left\">450 &#8211; 600<\/td>\n<\/tr>\n<tr>\n<td align=\"left\">50+<\/td>\n<td align=\"left\">22.5 +<\/td>\n<td align=\"left\">2 1\/2 &#8211; 3 1\/3<\/td>\n<td align=\"left\">600 + 190 \/5 kg<\/td>\n<\/tr>\n<tr>\n<td align=\"left\"><\/td>\n<td align=\"left\"><\/td>\n<td align=\"left\"><\/td>\n<td align=\"left\"><\/td>\n<\/tr>\n<tr>\n<td align=\"left\"><\/td>\n<td align=\"left\"><\/td>\n<td align=\"left\"><\/td>\n<td align=\"left\"><\/td>\n<\/tr>\n<\/tbody>\n<\/table>\n<\/div>\n<p><strong>4 mois jusqu&rsquo;\u00e0 adulte<\/strong><\/p>\n<div class=\"table-1\">\n<table width=\"100%\">\n<thead>\n<tr>\n<th align=\"left\">Poids<\/th>\n<th align=\"left\">Rations quotidiennes<\/th>\n<\/tr>\n<\/thead>\n<\/table>\n<\/div>\n<div class=\"table-1\">\n<table width=\"100%\">\n<thead>\n<tr>\n<th align=\"left\">Lbs<\/th>\n<th align=\"left\">Kigs<\/th>\n<th align=\"left\">Tasse<\/th>\n<th align=\"left\">Grammes<\/th>\n<\/tr>\n<\/thead>\n<tbody>\n<tr>\n<td align=\"left\">3 &#8211; 12<\/td>\n<td align=\"left\">1.5 -5.5<\/td>\n<td align=\"left\">3\/8 &#8211; 1 1\/8<\/td>\n<td align=\"left\">45 &#8211; 135<\/td>\n<\/tr>\n<tr>\n<td align=\"left\">12 &#8211; 20<\/td>\n<td align=\"left\">5.5 &#8211; 9.5<\/td>\n<td align=\"left\">1 1\/8 &#8211; 1 3\/4<\/td>\n<td align=\"left\">135 &#8211; 210<\/td>\n<\/tr>\n<tr>\n<td align=\"left\">20 &#8211; 35<\/td>\n<td align=\"left\">9.5 &#8211; 15.5<\/td>\n<td align=\"left\">1 3\/4 &#8211; 2 1\/2<\/td>\n<td align=\"left\">210 &#8211; 300<\/td>\n<\/tr>\n<tr>\n<td align=\"left\">35 &#8211; 50<\/td>\n<td align=\"left\">15.5 &#8211; 22.5<\/td>\n<td align=\"left\">2 1\/2 &#8211; 3 1\/4<\/td>\n<td align=\"left\">300 &#8211; 390<\/td>\n<\/tr>\n<tr>\n<td align=\"left\">50 &#8211; 75<\/td>\n<td align=\"left\">22.5 &#8211; 33.5<\/td>\n<td align=\"left\">3 1\/4 &#8211; 4 1\/2<\/td>\n<td align=\"left\">390 &#8211; 540<\/td>\n<\/tr>\n<tr>\n<td align=\"left\">75 &#8211; 100<\/td>\n<td align=\"left\">33.4 &#8211; 45.5<\/td>\n<td align=\"left\">4 1\/2 &#8211; 5 5\/8<\/td>\n<td align=\"left\">\u00a0540 &#8211; 675<\/td>\n<\/tr>\n<tr>\n<td align=\"left\">100 +<\/td>\n<td align=\"left\">45.5 +<\/td>\n<td align=\"left\">5 5\/8 +1 1\/2 \/10 lbs<\/td>\n<td align=\"left\">675 + 190 \/5 kg<\/td>\n<\/tr>\n<\/tbody>\n<\/table>\n<\/div>\n<p>&nbsp;<\/p>\n","protected":false},"excerpt":{"rendered":"<p>Analyses nutritionnelles: \u00a0Prot\u00e9ines brutes : 27% Mati\u00e8res grasses brutes : 17 % Fibres brutes : 4.5 % LISTE D\u2019INGR\u00c9DIENTS :<\/p>\n","protected":false},"featured_media":0,"comment_status":"closed","ping_status":"closed","template":"","meta":{"_acf_changed":false,"_themeisle_gutenberg_block_has_review":false},"product_brand":[3634],"product_cat":[1109,1110,1111],"product_tag":[3636,2115],"class_list":{"0":"post-94722","1":"product","2":"type-product","3":"status-publish","5":"product_brand-pronature","6":"product_cat-nourriture-et-produits-pour-chien","7":"product_cat-chien-nourriture","8":"product_cat-chien-nourriture-seche","9":"product_tag-chiot","10":"product_tag-pronature-fr-2","11":"pa_format-11-3kg-fr","12":"pa_format-20kg-fr","13":"pa_format-4kg-fr","14":"has-subscription-plans","16":"first","17":"instock","18":"taxable","19":"shipping-taxable","20":"purchasable","21":"product-type-variable"},"acf":[],"_links":{"self":[{"href":"https:\/\/marketplace.petmobile.ca\/fr\/wp-json\/wp\/v2\/product\/94722","targetHints":{"allow":["GET"]}}],"collection":[{"href":"https:\/\/marketplace.petmobile.ca\/fr\/wp-json\/wp\/v2\/product"}],"about":[{"href":"https:\/\/marketplace.petmobile.ca\/fr\/wp-json\/wp\/v2\/types\/product"}],"replies":[{"embeddable":true,"href":"https:\/\/marketplace.petmobile.ca\/fr\/wp-json\/wp\/v2\/comments?post=94722"}],"wp:attachment":[{"href":"https:\/\/marketplace.petmobile.ca\/fr\/wp-json\/wp\/v2\/media?parent=94722"}],"wp:term":[{"taxonomy":"product_brand","embeddable":true,"href":"https:\/\/marketplace.petmobile.ca\/fr\/wp-json\/wp\/v2\/product_brand?post=94722"},{"taxonomy":"product_cat","embeddable":true,"href":"https:\/\/marketplace.petmobile.ca\/fr\/wp-json\/wp\/v2\/product_cat?post=94722"},{"taxonomy":"product_tag","embeddable":true,"href":"https:\/\/marketplace.petmobile.ca\/fr\/wp-json\/wp\/v2\/product_tag?post=94722"}],"curies":[{"name":"wp","href":"https:\/\/api.w.org\/{rel}","templated":true}]}}