{"id":94977,"date":"2026-03-19T09:57:37","date_gmt":"2026-03-19T14:57:37","guid":{"rendered":"https:\/\/marketplace.petmobile.ca\/product\/hunter-conditionneur-de-pelage-240ml\/"},"modified":"2026-03-19T09:57:37","modified_gmt":"2026-03-19T14:57:37","slug":"hunter-conditionneur-de-pelage-240ml","status":"publish","type":"product","link":"https:\/\/marketplace.petmobile.ca\/fr\/produit\/hunter-conditionneur-de-pelage-240ml\/","title":{"rendered":"Hunter  Conditionneur de pelage 240ml"},"content":{"rendered":"<p>Ce spray facile \u00e0 utiliser nettoie le pelage de votre animal et \u00e9limine les pellicules en vrac. Il contient de la lanoline et aide \u00e0 hydrater et \u00e0 apaiser la peau de votre animal. Donnez \u00e0 votre compagnon un pelage soyeux avec un parfum frais et propre.<\/p>\n<p>Il nettoie, conditionne et d\u00e9sodorise le pelage et la peau de votre chat ou chien pour un pelage brillant et une peau saine.<\/p>\n<p>&nbsp;<\/p>\n","protected":false},"excerpt":{"rendered":"<p>Ce spray facile \u00e0 utiliser nettoie le pelage de votre animal et \u00e9limine les pellicules en vrac. Il contient de<\/p>\n","protected":false},"featured_media":94976,"comment_status":"closed","ping_status":"closed","template":"","meta":{"_acf_changed":false,"_themeisle_gutenberg_block_has_review":false},"product_brand":[],"product_cat":[1092,1098],"product_tag":[],"class_list":{"0":"post-94977","1":"product","2":"type-product","3":"status-publish","4":"has-post-thumbnail","6":"product_cat-produits-pour-chat","7":"product_cat-chat-proprete","8":"has-subscription-plans","10":"first","11":"instock","12":"taxable","13":"shipping-taxable","14":"purchasable","15":"product-type-simple"},"acf":[],"_links":{"self":[{"href":"https:\/\/marketplace.petmobile.ca\/fr\/wp-json\/wp\/v2\/product\/94977","targetHints":{"allow":["GET"]}}],"collection":[{"href":"https:\/\/marketplace.petmobile.ca\/fr\/wp-json\/wp\/v2\/product"}],"about":[{"href":"https:\/\/marketplace.petmobile.ca\/fr\/wp-json\/wp\/v2\/types\/product"}],"replies":[{"embeddable":true,"href":"https:\/\/marketplace.petmobile.ca\/fr\/wp-json\/wp\/v2\/comments?post=94977"}],"wp:featuredmedia":[{"embeddable":true,"href":"https:\/\/marketplace.petmobile.ca\/fr\/wp-json\/wp\/v2\/media\/94976"}],"wp:attachment":[{"href":"https:\/\/marketplace.petmobile.ca\/fr\/wp-json\/wp\/v2\/media?parent=94977"}],"wp:term":[{"taxonomy":"product_brand","embeddable":true,"href":"https:\/\/marketplace.petmobile.ca\/fr\/wp-json\/wp\/v2\/product_brand?post=94977"},{"taxonomy":"product_cat","embeddable":true,"href":"https:\/\/marketplace.petmobile.ca\/fr\/wp-json\/wp\/v2\/product_cat?post=94977"},{"taxonomy":"product_tag","embeddable":true,"href":"https:\/\/marketplace.petmobile.ca\/fr\/wp-json\/wp\/v2\/product_tag?post=94977"}],"curies":[{"name":"wp","href":"https:\/\/api.w.org\/{rel}","templated":true}]}}