{"id":95031,"date":"2026-03-23T11:29:07","date_gmt":"2026-03-23T16:29:07","guid":{"rendered":"https:\/\/marketplace.petmobile.ca\/product\/bellerive-cous-doie\/"},"modified":"2026-03-23T11:29:07","modified_gmt":"2026-03-23T16:29:07","slug":"bellerive-cous-doie","status":"publish","type":"product","link":"https:\/\/marketplace.petmobile.ca\/fr\/produit\/bellerive-cous-doie\/","title":{"rendered":"Bellerive Cous d&rsquo;oie"},"content":{"rendered":"<p>Une g\u00e2terie \u00e0 mastiquer 100% naturelle et croustillante, ne contenant qu&rsquo;un seul ingr\u00e9dient. Une prot\u00e9ine unique, parfaite pour les chiens souffrant d&rsquo;allergies. Aide \u00e0 nettoyer les dents et \u00e0 pr\u00e9server la sant\u00e9 buccale. Une forte teneur en prot\u00e9ines pour un apport calorique r\u00e9duit. Les cous d&rsquo;oie sont aussi une grande source naturelle de chondro\u00eftine, id\u00e9al pour le maintien ou l&rsquo;aide au traitement des jointures. Croustillants et savoureux.<\/p>\n<p>Oies du Qu\u00e9bec.<\/p>\n<p><u>2 cous par paquet, 50 par caisse.<\/u><\/p>\n","protected":false},"excerpt":{"rendered":"<p>Une g\u00e2terie \u00e0 mastiquer 100% naturelle et croustillante, ne contenant qu&rsquo;un seul ingr\u00e9dient. Une prot\u00e9ine unique, parfaite pour les chiens<\/p>\n","protected":false},"featured_media":95030,"comment_status":"closed","ping_status":"closed","template":"","meta":{"_acf_changed":false,"_themeisle_gutenberg_block_has_review":false},"product_brand":[],"product_cat":[1109,1115,1114,3637],"product_tag":[],"class_list":{"0":"post-95031","1":"product","2":"type-product","3":"status-publish","4":"has-post-thumbnail","6":"product_cat-nourriture-et-produits-pour-chien","7":"product_cat-chien-gateries","8":"product_cat-chien-gateries-os-cuir-brut-parties-animales","9":"product_cat-os-cuir-brut-et-parties-animales","10":"has-subscription-plans","12":"first","13":"instock","14":"taxable","15":"shipping-taxable","16":"purchasable","17":"product-type-simple"},"acf":[],"_links":{"self":[{"href":"https:\/\/marketplace.petmobile.ca\/fr\/wp-json\/wp\/v2\/product\/95031","targetHints":{"allow":["GET"]}}],"collection":[{"href":"https:\/\/marketplace.petmobile.ca\/fr\/wp-json\/wp\/v2\/product"}],"about":[{"href":"https:\/\/marketplace.petmobile.ca\/fr\/wp-json\/wp\/v2\/types\/product"}],"replies":[{"embeddable":true,"href":"https:\/\/marketplace.petmobile.ca\/fr\/wp-json\/wp\/v2\/comments?post=95031"}],"wp:featuredmedia":[{"embeddable":true,"href":"https:\/\/marketplace.petmobile.ca\/fr\/wp-json\/wp\/v2\/media\/95030"}],"wp:attachment":[{"href":"https:\/\/marketplace.petmobile.ca\/fr\/wp-json\/wp\/v2\/media?parent=95031"}],"wp:term":[{"taxonomy":"product_brand","embeddable":true,"href":"https:\/\/marketplace.petmobile.ca\/fr\/wp-json\/wp\/v2\/product_brand?post=95031"},{"taxonomy":"product_cat","embeddable":true,"href":"https:\/\/marketplace.petmobile.ca\/fr\/wp-json\/wp\/v2\/product_cat?post=95031"},{"taxonomy":"product_tag","embeddable":true,"href":"https:\/\/marketplace.petmobile.ca\/fr\/wp-json\/wp\/v2\/product_tag?post=95031"}],"curies":[{"name":"wp","href":"https:\/\/api.w.org\/{rel}","templated":true}]}}