{"id":95066,"date":"2026-03-24T16:10:30","date_gmt":"2026-03-24T21:10:30","guid":{"rendered":"https:\/\/marketplace.petmobile.ca\/product\/ragout-pour-chien-boeuf-415-g-besty\/"},"modified":"2026-03-24T16:10:30","modified_gmt":"2026-03-24T21:10:30","slug":"ragout-pour-chien-boeuf-415-g-besty","status":"publish","type":"product","link":"https:\/\/marketplace.petmobile.ca\/fr\/produit\/ragout-pour-chien-boeuf-415-g-besty\/","title":{"rendered":"Rago\u00fbt pour chien | Boeuf | 415 g | Besty"},"content":{"rendered":"<p data-start=\"445\" data-end=\"817\">Le rago\u00fbt pour chien Besty \u2013 Saveur B\u0153uf est un aliment humide d\u2019entr\u00e9e de gamme con\u00e7u pour offrir un excellent rapport qualit\u00e9-prix aux animaleries cherchant un produit \u00e9conomique, fiable et attractif. Offert en format 415 g, il propose un volume sup\u00e9rieur \u00e0 la majorit\u00e9 des conserves standards, permettant une meilleure valeur par portion pour votre client\u00e8le.<\/p>\n<p data-start=\"819\" data-end=\"1156\">Sa recette contient du b\u0153uf, des sous-produits de viande, des c\u00e9r\u00e9ales ainsi qu\u2019un m\u00e9lange \u00e9quilibr\u00e9 de min\u00e9raux et vitamines essentielles pour soutenir la vitalit\u00e9 quotidienne. Sa texture en rago\u00fbt et son ar\u00f4me naturel en font un produit appr\u00e9ci\u00e9 par les chiens, tout en restant un choix rentable pour les d\u00e9taillants.<\/p>\n<p data-start=\"1158\" data-end=\"1273\">Un produit id\u00e9al pour \u00e9largir une gamme \u00e9conomique et fid\u00e9liser une client\u00e8le \u00e0 la recherche d\u2019options accessibles.<\/p>\n","protected":false},"excerpt":{"rendered":"<p><br data-mce-bogus=\"1\"><\/p>\n","protected":false},"featured_media":95065,"comment_status":"closed","ping_status":"closed","template":"","meta":{"_acf_changed":false,"_themeisle_gutenberg_block_has_review":false},"product_brand":[],"product_cat":[1109,1110,1112],"product_tag":[],"class_list":{"0":"post-95066","1":"product","2":"type-product","3":"status-publish","4":"has-post-thumbnail","6":"product_cat-nourriture-et-produits-pour-chien","7":"product_cat-chien-nourriture","8":"product_cat-chien-nourriture-humide","9":"has-subscription-plans","11":"first","12":"instock","13":"taxable","14":"shipping-taxable","15":"purchasable","16":"product-type-simple"},"acf":[],"_links":{"self":[{"href":"https:\/\/marketplace.petmobile.ca\/fr\/wp-json\/wp\/v2\/product\/95066","targetHints":{"allow":["GET"]}}],"collection":[{"href":"https:\/\/marketplace.petmobile.ca\/fr\/wp-json\/wp\/v2\/product"}],"about":[{"href":"https:\/\/marketplace.petmobile.ca\/fr\/wp-json\/wp\/v2\/types\/product"}],"replies":[{"embeddable":true,"href":"https:\/\/marketplace.petmobile.ca\/fr\/wp-json\/wp\/v2\/comments?post=95066"}],"wp:featuredmedia":[{"embeddable":true,"href":"https:\/\/marketplace.petmobile.ca\/fr\/wp-json\/wp\/v2\/media\/95065"}],"wp:attachment":[{"href":"https:\/\/marketplace.petmobile.ca\/fr\/wp-json\/wp\/v2\/media?parent=95066"}],"wp:term":[{"taxonomy":"product_brand","embeddable":true,"href":"https:\/\/marketplace.petmobile.ca\/fr\/wp-json\/wp\/v2\/product_brand?post=95066"},{"taxonomy":"product_cat","embeddable":true,"href":"https:\/\/marketplace.petmobile.ca\/fr\/wp-json\/wp\/v2\/product_cat?post=95066"},{"taxonomy":"product_tag","embeddable":true,"href":"https:\/\/marketplace.petmobile.ca\/fr\/wp-json\/wp\/v2\/product_tag?post=95066"}],"curies":[{"name":"wp","href":"https:\/\/api.w.org\/{rel}","templated":true}]}}