{"id":95072,"date":"2026-03-24T16:18:59","date_gmt":"2026-03-24T21:18:59","guid":{"rendered":"https:\/\/marketplace.petmobile.ca\/?post_type=product&#038;p=95072"},"modified":"2026-03-24T16:21:28","modified_gmt":"2026-03-24T21:21:28","slug":"ragout-pour-chien-boeuf-415-g-besty-copy-2","status":"publish","type":"product","link":"https:\/\/marketplace.petmobile.ca\/fr\/produit\/ragout-pour-chien-boeuf-415-g-besty-copy-2\/","title":{"rendered":"Rago\u00fbt pour chien | Agneau | 415 g | Besty (Copy)"},"content":{"rendered":"<p><span lang=\"fr-CA\" data-olk-copy-source=\"MessageBody\">Le rago\u00fbt pour chien Besty saveur Agneau est un aliment humide d\u2019entr\u00e9e de gamme con\u00e7u pour offrir une solution \u00e9conomique et attrayante aux animaleries. Son format de 415 g d\u00e9passe la taille de la plupart des conserves standards, permettant une meilleure valeur par portion pour la client\u00e8le.<\/span><\/p>\n<p><span lang=\"fr-CA\">La recette \u00e0 base d\u2019agneau, de sous-produits de viande et de c\u00e9r\u00e9ales est enrichie de min\u00e9raux et de vitamines essentielles pour soutenir la vitalit\u00e9 quotidienne. Sa texture en rago\u00fbt et son ar\u00f4me naturel assurent une bonne app\u00e9tence, tout en repr\u00e9sentant une option rentable pour les d\u00e9taillants.<\/span><\/p>\n<p><span lang=\"fr-CA\">Un choix id\u00e9al pour \u00e9toffer votre gamme \u00e9conomique et r\u00e9pondre \u00e0 une demande croissante pour des aliments abordables.<\/span><\/p>\n","protected":false},"excerpt":{"rendered":"<p><br data-mce-bogus=\"1\"><\/p>\n","protected":false},"featured_media":95074,"comment_status":"closed","ping_status":"closed","template":"","meta":{"_acf_changed":false,"_themeisle_gutenberg_block_has_review":false},"product_brand":[],"product_cat":[1109,1110,1112],"product_tag":[],"class_list":{"0":"post-95072","1":"product","2":"type-product","3":"status-publish","4":"has-post-thumbnail","6":"product_cat-nourriture-et-produits-pour-chien","7":"product_cat-chien-nourriture","8":"product_cat-chien-nourriture-humide","9":"has-subscription-plans","11":"first","12":"instock","13":"taxable","14":"shipping-taxable","15":"purchasable","16":"product-type-simple"},"acf":[],"_links":{"self":[{"href":"https:\/\/marketplace.petmobile.ca\/fr\/wp-json\/wp\/v2\/product\/95072","targetHints":{"allow":["GET"]}}],"collection":[{"href":"https:\/\/marketplace.petmobile.ca\/fr\/wp-json\/wp\/v2\/product"}],"about":[{"href":"https:\/\/marketplace.petmobile.ca\/fr\/wp-json\/wp\/v2\/types\/product"}],"replies":[{"embeddable":true,"href":"https:\/\/marketplace.petmobile.ca\/fr\/wp-json\/wp\/v2\/comments?post=95072"}],"wp:featuredmedia":[{"embeddable":true,"href":"https:\/\/marketplace.petmobile.ca\/fr\/wp-json\/wp\/v2\/media\/95074"}],"wp:attachment":[{"href":"https:\/\/marketplace.petmobile.ca\/fr\/wp-json\/wp\/v2\/media?parent=95072"}],"wp:term":[{"taxonomy":"product_brand","embeddable":true,"href":"https:\/\/marketplace.petmobile.ca\/fr\/wp-json\/wp\/v2\/product_brand?post=95072"},{"taxonomy":"product_cat","embeddable":true,"href":"https:\/\/marketplace.petmobile.ca\/fr\/wp-json\/wp\/v2\/product_cat?post=95072"},{"taxonomy":"product_tag","embeddable":true,"href":"https:\/\/marketplace.petmobile.ca\/fr\/wp-json\/wp\/v2\/product_tag?post=95072"}],"curies":[{"name":"wp","href":"https:\/\/api.w.org\/{rel}","templated":true}]}}